{"id":37334,"date":"2025-02-20T23:37:35","date_gmt":"2025-02-20T22:37:35","guid":{"rendered":"http:\/\/olemosaic.com\/producto\/toro-figura-de-resina-de-17-cm-pintada-a-mano\/"},"modified":"2025-07-25T20:00:41","modified_gmt":"2025-07-25T18:00:41","slug":"touro-figura-de-resina-de-17-cm-pintada-a-mao","status":"publish","type":"product","link":"https:\/\/olemosaic.com\/pt-pt\/produto\/touro-figura-de-resina-de-17-cm-pintada-a-mao\/","title":{"rendered":"Touro. Figura de mosaico de 17 cm."},"content":{"rendered":"<p>Descubra a \u00fanica figura de resina de touro, uma representa\u00e7\u00e3o vibrante e cativante da cultura espanhola que deleitar\u00e1 todos os amantes da arte popular. Com uma altura de 17 cm, esta figura esculpida e pintada com efeito \u00e0 m\u00e3o captura a ess\u00eancia de um espl\u00eandido touro, s\u00edmbolo de for\u00e7a e dignidade na tradi\u00e7\u00e3o espanhola. O seu design de mosaico destaca-se por uma explos\u00e3o de cores intensas, como vermelhos, azuis e amarelos, criando uma composi\u00e7\u00e3o visualmente atraente que real\u00e7a a t\u00e9cnica artesanal com que foi elaborada. Cada detalhe est\u00e1 meticulosamente trabalhado, desde a postura din\u00e2mica do touro, que parece prestes a mover-se, at\u00e9 aos intrincados padr\u00f5es que adornam o seu corpo, o que o torna numa impressionante recorda\u00e7\u00e3o ideal para quem procura uma pe\u00e7a aut\u00eantica de Espanha.<\/p>\n<p>Este elegante souvenir n\u00e3o \u00e9 apenas um objeto decorativo, mas tamb\u00e9m representa a rica heran\u00e7a cultural de Espanha, onde o touro tem sido um \u00edcone na arte, na m\u00fasica e nas festividades. Perfeito para quem deseja levar para casa um peda\u00e7o do folclore espanhol, esta figura de touro \u00e9 uma excelente op\u00e7\u00e3o para lojas de presentes tur\u00edsticos. Na Ol\u00e9 Mosaic, como distribuidores de lembran\u00e7as aut\u00eanticas, oferecemos produtos que combinam qualidade e autenticidade, garantindo que cada pe\u00e7a seja uma recorda\u00e7\u00e3o significativa da cultura espanhola.<\/p>\n","protected":false},"excerpt":{"rendered":"<p>Figura de 17 cm, design artesanal, pintado \u00e0 m\u00e3o, e decorada com um vibrante design de mosaico. Este touro simboliza a rica cultura espanhola e destaca-se pelas suas cores intensas, como o vermelho, o azul e o amarelo, que formam uma atraente composi\u00e7\u00e3o. A sua forma din\u00e2mica e detalhada reflete a for\u00e7a e o orgulho do animal, o que a torna num souvenir ideal que adiciona um toque de folclore e tradi\u00e7\u00e3o a qualquer espa\u00e7o.<\/p>\n","protected":false},"featured_media":11092,"template":"","meta":{"_acf_changed":false},"product_brand":[],"product_cat":[552],"product_tag":[516],"class_list":{"0":"post-37334","1":"product","2":"type-product","3":"status-publish","4":"has-post-thumbnail","6":"product_cat-numeros","7":"product_tag-animais","8":"pa_motivo-touros","10":"first","11":"instock","12":"shipping-taxable","13":"product-type-simple"},"acf":[],"_links":{"self":[{"href":"https:\/\/olemosaic.com\/pt-pt\/wp-json\/wp\/v2\/product\/37334","targetHints":{"allow":["GET"]}}],"collection":[{"href":"https:\/\/olemosaic.com\/pt-pt\/wp-json\/wp\/v2\/product"}],"about":[{"href":"https:\/\/olemosaic.com\/pt-pt\/wp-json\/wp\/v2\/types\/product"}],"wp:featuredmedia":[{"embeddable":true,"href":"https:\/\/olemosaic.com\/pt-pt\/wp-json\/wp\/v2\/media\/11092"}],"wp:attachment":[{"href":"https:\/\/olemosaic.com\/pt-pt\/wp-json\/wp\/v2\/media?parent=37334"}],"wp:term":[{"taxonomy":"product_brand","embeddable":true,"href":"https:\/\/olemosaic.com\/pt-pt\/wp-json\/wp\/v2\/product_brand?post=37334"},{"taxonomy":"product_cat","embeddable":true,"href":"https:\/\/olemosaic.com\/pt-pt\/wp-json\/wp\/v2\/product_cat?post=37334"},{"taxonomy":"product_tag","embeddable":true,"href":"https:\/\/olemosaic.com\/pt-pt\/wp-json\/wp\/v2\/product_tag?post=37334"}],"curies":[{"name":"wp","href":"https:\/\/api.w.org\/{rel}","templated":true}]}}