{"id":37332,"date":"2025-02-20T23:37:35","date_gmt":"2025-02-20T22:37:35","guid":{"rendered":"http:\/\/olemosaic.com\/producto\/toro-figura-de-resina-de-14-cm-pintada-a-mano\/"},"modified":"2025-07-25T18:50:18","modified_gmt":"2025-07-25T16:50:18","slug":"touro-figura-de-resina-de-14-cm-pintada-a-mao","status":"publish","type":"product","link":"https:\/\/olemosaic.com\/pt-pt\/produto\/touro-figura-de-resina-de-14-cm-pintada-a-mao\/","title":{"rendered":"Touro. Figura de mosaico de 14 cm."},"content":{"rendered":"<p>Este vibrante touro de resina \u00e9 um aut\u00eantico s\u00edmbolo da cultura espanhola, que captura a ess\u00eancia da tradi\u00e7\u00e3o ib\u00e9rica numa bela figura de 14 cm. Pintada \u00e0 m\u00e3o, esta colorida pe\u00e7a apresenta um design em mosaico que se destaca pelo seu rico uso de tons brilhantes e variados, tornando-a num atraente elemento decorativo. Cada faceta reflete a for\u00e7a e a majestade do touro, um animal profundamente enraizado na hist\u00f3ria e no folclore de Espanha, presente em festejos e touradas que celebram a arte e a valentia.<\/p>\n<p>A meticulosa aten\u00e7\u00e3o ao detalhe na pintura deste touro real\u00e7a n\u00e3o s\u00f3 a sua beleza est\u00e9tica, mas tamb\u00e9m a sua autenticidade como recorda\u00e7\u00e3o representativa. A figura combina arte e folclore, oferecendo aos turistas uma lembran\u00e7a \u00fanica que encapsula a rica heran\u00e7a cultural do pa\u00eds. O seu formato compacto torna-o num presente ideal para amantes de Espanha e da sua diversidade cultural, perfeito para adornar prateleiras, secret\u00e1rias ou vitrines.<\/p>\n<p>Na Ol\u00e9 Mosaic, somos especialistas na distribui\u00e7\u00e3o de lembran\u00e7as por grosso, e esta figura de touro \u00e9 uma excelente op\u00e7\u00e3o para lojas de presentes tur\u00edsticos que procuram produtos aut\u00eanticos e de qualidade. Como grossistas de lembran\u00e7as, garantimos a singularidade e a destreza artesanal em cada uma das nossas pe\u00e7as, fazendo deste touro um encanto irresist\u00edvel para quem aprecia a arte e a cultura espanhola.<\/p>\n","protected":false},"excerpt":{"rendered":"<p>Figura de 14 cm que representa um touro, design artesanal, pintado \u00e0 m\u00e3o. Esta pe\u00e7a colorida e vibrante, que captura a ess\u00eancia da cultura espanhola, destaca-se pelo seu design em mosaico com tons brilhantes e variados, simbolizando a for\u00e7a e a tradi\u00e7\u00e3o do touro na cultura ib\u00e9rica. Ideal como recorda\u00e7\u00e3o ou elemento decorativo, esta figura combina arte e folclore, sendo um excelente presente para os amantes de Espanha e da sua riqueza cultural.<\/p>\n","protected":false},"featured_media":8702,"template":"","meta":{"_acf_changed":false},"product_brand":[],"product_cat":[552],"product_tag":[516],"class_list":{"0":"post-37332","1":"product","2":"type-product","3":"status-publish","4":"has-post-thumbnail","6":"product_cat-numeros","7":"product_tag-animais","8":"pa_motivo-touros","10":"first","11":"instock","12":"shipping-taxable","13":"product-type-simple"},"acf":[],"_links":{"self":[{"href":"https:\/\/olemosaic.com\/pt-pt\/wp-json\/wp\/v2\/product\/37332","targetHints":{"allow":["GET"]}}],"collection":[{"href":"https:\/\/olemosaic.com\/pt-pt\/wp-json\/wp\/v2\/product"}],"about":[{"href":"https:\/\/olemosaic.com\/pt-pt\/wp-json\/wp\/v2\/types\/product"}],"wp:featuredmedia":[{"embeddable":true,"href":"https:\/\/olemosaic.com\/pt-pt\/wp-json\/wp\/v2\/media\/8702"}],"wp:attachment":[{"href":"https:\/\/olemosaic.com\/pt-pt\/wp-json\/wp\/v2\/media?parent=37332"}],"wp:term":[{"taxonomy":"product_brand","embeddable":true,"href":"https:\/\/olemosaic.com\/pt-pt\/wp-json\/wp\/v2\/product_brand?post=37332"},{"taxonomy":"product_cat","embeddable":true,"href":"https:\/\/olemosaic.com\/pt-pt\/wp-json\/wp\/v2\/product_cat?post=37332"},{"taxonomy":"product_tag","embeddable":true,"href":"https:\/\/olemosaic.com\/pt-pt\/wp-json\/wp\/v2\/product_tag?post=37332"}],"curies":[{"name":"wp","href":"https:\/\/api.w.org\/{rel}","templated":true}]}}