{"id":37327,"date":"2025-02-20T22:37:34","date_gmt":"2025-02-20T22:37:34","guid":{"rendered":"http:\/\/olemosaic.com\/producto\/toro-figura-de-ceramica-de-18-cm-rojo-glaceado\/"},"modified":"2025-07-25T19:39:29","modified_gmt":"2025-07-25T17:39:29","slug":"touro-figura-de-ceramica-de-18-cm-vermelho-vidrado","status":"publish","type":"product","link":"https:\/\/olemosaic.com\/pt-pt\/produto\/touro-figura-de-ceramica-de-18-cm-vermelho-vidrado\/","title":{"rendered":"Touro. Figura de cer\u00e2mica de 18 cm. Vermelho. Vidrado."},"content":{"rendered":"<p>Figura de cer\u00e2mica de um touro em cor vermelha<\/p>\n<p>Esta figura de cer\u00e2mica de um touro, com 18 cm de altura, \u00e9 uma representa\u00e7\u00e3o vibrante e aut\u00eantica do s\u00edmbolo mais emblem\u00e1tico da cultura espanhola. Com um acabamento brilhante que real\u00e7a a sua cor, o touro destaca-se pelos seus contornos chamativos e pelo seu design estilizado, que inclui chifres proeminentes e um corpo musculado, evocando a for\u00e7a e a tradi\u00e7\u00e3o que este majestoso animal encarna. A cor vermelha n\u00e3o s\u00f3 confere um toque de vitalidade e energia, como tamb\u00e9m simboliza a paix\u00e3o que rodeia as touradas, um fen\u00f3meno cultural enraizado na hist\u00f3ria de Espanha.<\/p>\n<p>Cada detalhe desta figura foi cuidadosamente esculpido, capturando la ess\u00eancia do touro, associado \u00e0 luta, \u00e0 valentia e ao folclore espanhol. Como recorda\u00e7\u00e3o, esta figura de cer\u00e2mica n\u00e3o \u00e9 apenas um objeto decorativo, mas tamb\u00e9m uma lembran\u00e7a significativa que liga os turistas \u00e0 rica heran\u00e7a cultural do pa\u00eds. Ideal para quem procura um presente aut\u00eantico ou uma pe\u00e7a ornamental que represente a tradi\u00e7\u00e3o espanhola, esta figura de touro ergue-se como um distintivo emblem\u00e1tico que far\u00e1 as del\u00edcias de qualquer amante do art\u00edstico.<\/p>\n<p>Na Ol\u00e9 Mosaic, orgulhamo-nos de oferecer artigos de grande qualidade para lojas de presentes tur\u00edsticos. Esta figura de touro \u00e9 uma excelente op\u00e7\u00e3o para quem procura souvenirs aut\u00eanticos que realcem a identidade cultural de Espanha. Como grossistas de souvenirs, garantimos a autenticidade e a est\u00e9tica de cada produto distribu\u00eddo.<\/p>\n","protected":false},"excerpt":{"rendered":"<p>Figura de cer\u00e2mica de um touro vermelho vibrante, com um acabamento brilhante que real\u00e7a a sua luminosidade e as suas formas curvil\u00edneas. Esta figura de 18 cm captura a ess\u00eancia do touro, s\u00edmbolo da cultura espanhola, representando for\u00e7a e tradi\u00e7\u00e3o. O seu design estilizado, com chifres proeminentes e um corpo musculado, torna-a um objeto decorativo distintivo que evoca a paix\u00e3o das touradas e o folclore espanhol. Ideal como recorda\u00e7\u00e3o ou presente.<\/p>\n","protected":false},"featured_media":7446,"template":"","meta":{"_acf_changed":false},"product_brand":[],"product_cat":[552],"product_tag":[516,515],"class_list":{"0":"post-37327","1":"product","2":"type-product","3":"status-publish","4":"has-post-thumbnail","6":"product_cat-numeros","7":"product_tag-animais","8":"product_tag-ceramica","9":"pa_motivo-touros","11":"first","12":"instock","13":"shipping-taxable","14":"product-type-simple"},"acf":[],"_links":{"self":[{"href":"https:\/\/olemosaic.com\/pt-pt\/wp-json\/wp\/v2\/product\/37327","targetHints":{"allow":["GET"]}}],"collection":[{"href":"https:\/\/olemosaic.com\/pt-pt\/wp-json\/wp\/v2\/product"}],"about":[{"href":"https:\/\/olemosaic.com\/pt-pt\/wp-json\/wp\/v2\/types\/product"}],"wp:featuredmedia":[{"embeddable":true,"href":"https:\/\/olemosaic.com\/pt-pt\/wp-json\/wp\/v2\/media\/7446"}],"wp:attachment":[{"href":"https:\/\/olemosaic.com\/pt-pt\/wp-json\/wp\/v2\/media?parent=37327"}],"wp:term":[{"taxonomy":"product_brand","embeddable":true,"href":"https:\/\/olemosaic.com\/pt-pt\/wp-json\/wp\/v2\/product_brand?post=37327"},{"taxonomy":"product_cat","embeddable":true,"href":"https:\/\/olemosaic.com\/pt-pt\/wp-json\/wp\/v2\/product_cat?post=37327"},{"taxonomy":"product_tag","embeddable":true,"href":"https:\/\/olemosaic.com\/pt-pt\/wp-json\/wp\/v2\/product_tag?post=37327"}],"curies":[{"name":"wp","href":"https:\/\/api.w.org\/{rel}","templated":true}]}}