{"id":37317,"date":"2025-02-20T22:37:32","date_gmt":"2025-02-20T22:37:32","guid":{"rendered":"http:\/\/olemosaic.com\/producto\/cortador-de-ceramica-salamandra-gran-canaria\/"},"modified":"2025-07-25T19:53:36","modified_gmt":"2025-07-25T17:53:36","slug":"cortador-de-ceramica-salamandra-gran-canaria-pt-pt","status":"publish","type":"product","link":"https:\/\/olemosaic.com\/pt-pt\/produto\/cortador-de-ceramica-salamandra-gran-canaria-pt-pt\/","title":{"rendered":"Cortador de cer\u00e2mica. Salamandra. Gran Canaria."},"content":{"rendered":"<p>Cortador de cer\u00e2mica inspirado na riqueza cultural de Gran Canaria, decorado com um vibrante design de salamandras em mosaico. Este cortador n\u00e3o \u00e9 apenas uma ferramenta funcional para a cozinha, mas tamb\u00e9m uma obra de arte que celebra a ess\u00eancia da ilha. Elaborado com materiais resistentes, apresenta uma colorida combina\u00e7\u00e3o de azuis, verdes, vermelhos e amarelos, que representa a biodiversidade caracter\u00edstica de Gran Canaria. As salamandras, ilustradas de forma estilizada, entrela\u00e7am-se com delicadas flores, evocando a rica flora can\u00e1ria e os padr\u00f5es t\u00edpicos da arte de mosaico que adornam muitos espa\u00e7os p\u00fablicos da ilha.<\/p>\n<p>Com o t\u00edtulo &#8220;Gran Canaria&#8221; destacado na parte superior, este cortador n\u00e3o s\u00f3 adiciona cor e personalidade a qualquer cozinha, como tamb\u00e9m se torna uma recorda\u00e7\u00e3o significativa para quem visitou esta bela regi\u00e3o. \u00c9 um excelente souvenir que encapsula a autenticidade e a cultura local, ideal para turistas que procuram um toque art\u00edstico nos seus utens\u00edlios. Na Ol\u00e9 Mosaic, orgulhamo-nos de ser distribuidores de souvenirs aut\u00eanticos, fornecendo artigos de qualidade como este cortador de cer\u00e2mica, que representam o melhor da tradi\u00e7\u00e3o can\u00e1ria. Uma op\u00e7\u00e3o perfeita para lojas de presentes tur\u00edsticos que desejem oferecer produtos que contem uma hist\u00f3ria.<\/p>\n","protected":false},"excerpt":{"rendered":"<p>Cortador de cer\u00e2mica inspirado na riqueza cultural de Gran Canaria, decorado com um vibrante design de salamandras em mosaico. Fabricado num material resistente, este produto apresenta uma colorida combina\u00e7\u00e3o de azuis, verdes, vermelhos e amarelos, rodeada de flores que evocam a flora can\u00e1ria. Ideal para quem deseja adicionar um toque art\u00edstico \u00e0 sua cozinha, este cortador \u00e9 uma homenagem aos elementos distintivos da ilha, com um acabamento atraente e chamativo.<\/p>\n","protected":false},"featured_media":13955,"template":"","meta":{"_acf_changed":false},"product_brand":[],"product_cat":[797],"product_tag":[516,515],"class_list":{"0":"post-37317","1":"product","2":"type-product","3":"status-publish","4":"has-post-thumbnail","6":"product_cat-cortadores","7":"product_tag-animais","8":"product_tag-ceramica","9":"pa_ciudad-gran-canaria","10":"pa_motivo-salamandras","11":"pa_pais-espana","13":"first","14":"instock","15":"shipping-taxable","16":"product-type-simple"},"acf":[],"_links":{"self":[{"href":"https:\/\/olemosaic.com\/pt-pt\/wp-json\/wp\/v2\/product\/37317","targetHints":{"allow":["GET"]}}],"collection":[{"href":"https:\/\/olemosaic.com\/pt-pt\/wp-json\/wp\/v2\/product"}],"about":[{"href":"https:\/\/olemosaic.com\/pt-pt\/wp-json\/wp\/v2\/types\/product"}],"wp:featuredmedia":[{"embeddable":true,"href":"https:\/\/olemosaic.com\/pt-pt\/wp-json\/wp\/v2\/media\/13955"}],"wp:attachment":[{"href":"https:\/\/olemosaic.com\/pt-pt\/wp-json\/wp\/v2\/media?parent=37317"}],"wp:term":[{"taxonomy":"product_brand","embeddable":true,"href":"https:\/\/olemosaic.com\/pt-pt\/wp-json\/wp\/v2\/product_brand?post=37317"},{"taxonomy":"product_cat","embeddable":true,"href":"https:\/\/olemosaic.com\/pt-pt\/wp-json\/wp\/v2\/product_cat?post=37317"},{"taxonomy":"product_tag","embeddable":true,"href":"https:\/\/olemosaic.com\/pt-pt\/wp-json\/wp\/v2\/product_tag?post=37317"}],"curies":[{"name":"wp","href":"https:\/\/api.w.org\/{rel}","templated":true}]}}