{"id":37316,"date":"2025-02-20T23:37:32","date_gmt":"2025-02-20T22:37:32","guid":{"rendered":"http:\/\/olemosaic.com\/producto\/cortador-de-ceramica-salamandra-lanzarote-2\/"},"modified":"2025-07-25T18:37:22","modified_gmt":"2025-07-25T16:37:22","slug":"cortador-de-ceramica-salamandra-lanzarote-2-pt-pt","status":"publish","type":"product","link":"https:\/\/olemosaic.com\/pt-pt\/produto\/cortador-de-ceramica-salamandra-lanzarote-2-pt-pt\/","title":{"rendered":"Cortador de cer\u00e2mica. Salamandra. Design em Mosaico. Lanzarote."},"content":{"rendered":"<p>Cortador de cer\u00e2mica inspirado na fauna de Lanzarote. Este atrativo cortador, desenhado para os amantes da cozinha e da decora\u00e7\u00e3o, apresenta um cativante mosaico que incorpora lagartos coloridos, representativos da fauna \u00fanica desta ilha can\u00e1ria. Fabricado em cer\u00e2mica de alta qualidade, o seu acabamento brilhante real\u00e7a os tons vibrantes de vermelho, azul, verde e amarelo, entrela\u00e7ados com flores decorativas delicadas, criando uma pe\u00e7a visualmente impactante. Na parte superior do cortador, o nome &#8220;Lanzarote&#8221; est\u00e1 impresso com letras alegres, sublinhando a liga\u00e7\u00e3o cultural com a ilha e a sua rica tradi\u00e7\u00e3o art\u00edstica.<\/p>\n<p>Este cortador de cer\u00e2mica n\u00e3o s\u00f3 \u00e9 uma ferramenta \u00fatil em qualquer cozinha, como tamb\u00e9m uma aut\u00eantica recorda\u00e7\u00e3o de Lanzarote que capta a ess\u00eancia da sua paisagem e vida selvagem, tornando-o uma lembran\u00e7a perfeita da sua visita. A representa\u00e7\u00e3o de lagartos e flores reflete a vitalidade natural e a est\u00e9tica colorida da ilha, sendo uma excelente op\u00e7\u00e3o para turistas que procuram recorda\u00e7\u00f5es de qualidade. Na Ol\u00e9 Mosaic oferecemos este cortador por grosso, ideal para lojas de presentes tur\u00edsticos que desejem adicionar \u00e0 sua oferta artigos que combinam funcionalidade e beleza cultural.<\/p>\n","protected":false},"excerpt":{"rendered":"<p>Cortador de cer\u00e2mica inspirado na fauna de Lanzarote, decorado com lagartos coloridos num design de mosaico. Este produto, fabricado em cer\u00e2mica, apresenta um acabamento brilhante com detalhes pintados \u00e0 m\u00e3o em tons vibrantes de vermelho, azul, verde e amarelo, acompanhados de flores decorativas. Apresenta o nome &#8220;Lanzarote&#8221; impresso em letras chamativas, refletindo a rica cultura da ilha e a sua est\u00e9tica art\u00edstica particular. Perfeito para adicionar um toque singular a qualquer cozinha ou cole\u00e7\u00e3o.<\/p>\n","protected":false},"featured_media":13954,"template":"","meta":{"_acf_changed":false},"product_brand":[],"product_cat":[797],"product_tag":[516,515],"class_list":{"0":"post-37316","1":"product","2":"type-product","3":"status-publish","4":"has-post-thumbnail","6":"product_cat-cortadores","7":"product_tag-animais","8":"product_tag-ceramica","9":"pa_ciudad-lanzarote","10":"pa_motivo-salamandras","11":"pa_pais-espana","13":"first","14":"instock","15":"shipping-taxable","16":"product-type-simple"},"acf":[],"_links":{"self":[{"href":"https:\/\/olemosaic.com\/pt-pt\/wp-json\/wp\/v2\/product\/37316","targetHints":{"allow":["GET"]}}],"collection":[{"href":"https:\/\/olemosaic.com\/pt-pt\/wp-json\/wp\/v2\/product"}],"about":[{"href":"https:\/\/olemosaic.com\/pt-pt\/wp-json\/wp\/v2\/types\/product"}],"wp:featuredmedia":[{"embeddable":true,"href":"https:\/\/olemosaic.com\/pt-pt\/wp-json\/wp\/v2\/media\/13954"}],"wp:attachment":[{"href":"https:\/\/olemosaic.com\/pt-pt\/wp-json\/wp\/v2\/media?parent=37316"}],"wp:term":[{"taxonomy":"product_brand","embeddable":true,"href":"https:\/\/olemosaic.com\/pt-pt\/wp-json\/wp\/v2\/product_brand?post=37316"},{"taxonomy":"product_cat","embeddable":true,"href":"https:\/\/olemosaic.com\/pt-pt\/wp-json\/wp\/v2\/product_cat?post=37316"},{"taxonomy":"product_tag","embeddable":true,"href":"https:\/\/olemosaic.com\/pt-pt\/wp-json\/wp\/v2\/product_tag?post=37316"}],"curies":[{"name":"wp","href":"https:\/\/api.w.org\/{rel}","templated":true}]}}