{"id":37315,"date":"2025-02-20T23:37:32","date_gmt":"2025-02-20T22:37:32","guid":{"rendered":"http:\/\/olemosaic.com\/producto\/cortador-de-ceramica-salamandra-fuerteventura-2\/"},"modified":"2025-07-25T19:49:36","modified_gmt":"2025-07-25T17:49:36","slug":"cortador-de-ceramica-salamandra-fuerteventura-2-pt-pt","status":"publish","type":"product","link":"https:\/\/olemosaic.com\/pt-pt\/produto\/cortador-de-ceramica-salamandra-fuerteventura-2-pt-pt\/","title":{"rendered":"Cortador de cer\u00e2mica. Salamandra. Fuerteventura."},"content":{"rendered":"<p>Este cortador de cer\u00e2mica, inspirado na fauna de Fuerteventura, \u00e9 um presente perfeito que capta a ess\u00eancia vibrante das Ilhas Can\u00e1rias. Elaborado em cer\u00e2mica de alta qualidade, este objeto pr\u00e1tico n\u00e3o s\u00f3 \u00e9 funcional, como tamb\u00e9m serve como uma fascinante recorda\u00e7\u00e3o decorativa. O seu design destaca-se por uma exibi\u00e7\u00e3o colorida de salamandras alegres em tons brilhantes, que parecem ganhar vida sobre um fundo branco. Os detalhes pintados \u00e0 m\u00e3o garantem que cada pe\u00e7a seja \u00fanica, real\u00e7ando a beleza destes r\u00e9pteis com um acabamento brilhante que resplandece.<\/p>\n<p>O motivo central das salamandras, rodeadas de mosaicos multicoloridos e flores, faz refer\u00eancia \u00e0 rica biodiversidade de Fuerteventura, onde a fauna aut\u00f3ctone faz parte integrante do patrim\u00f3nio natural da ilha. Este cortador n\u00e3o s\u00f3 \u00e9 um utens\u00edlio de cozinha, como tamb\u00e9m se torna uma lembran\u00e7a cultural de um destino tur\u00edstico singular, perfeito para quem deseja levar consigo um fragmento do calor can\u00e1rio.<\/p>\n<p>Na Ol\u00e9 Mosaic, como distribuidores de recorda\u00e7\u00f5es de cer\u00e2mica por grosso, oferecemos este cortador de salamandras, que \u00e9 uma excelente escolha para lojas de presentes tur\u00edsticos. A sua autenticidade e apelo visual tornam-no um presente ideal para quem procura uma recorda\u00e7\u00e3o de Fuerteventura que combine qualidade e relev\u00e2ncia cultural.<\/p>\n","protected":false},"excerpt":{"rendered":"<p>Cortador de cer\u00e2mica inspirado na fauna de Fuerteventura, decorado com salamandras alegres numa variedade de cores. Este design original, elaborado em cer\u00e2mica de alta qualidade, mostra detalhes pintados \u00e0 m\u00e3o com um acabamento brilhante que real\u00e7a a beleza dos r\u00e9pteis. O fundo branco, com mosaicos multicoloridos e flores, acrescenta um toque vibrante, tornando este cortador numa recorda\u00e7\u00e3o perfeita que capta a ess\u00eancia can\u00e1ria.<\/p>\n","protected":false},"featured_media":13953,"template":"","meta":{"_acf_changed":false},"product_brand":[],"product_cat":[797],"product_tag":[516,515],"class_list":{"0":"post-37315","1":"product","2":"type-product","3":"status-publish","4":"has-post-thumbnail","6":"product_cat-cortadores","7":"product_tag-animais","8":"product_tag-ceramica","9":"pa_ciudad-fuerteventura","10":"pa_motivo-salamandras","11":"pa_pais-espana","13":"first","14":"instock","15":"shipping-taxable","16":"product-type-simple"},"acf":[],"_links":{"self":[{"href":"https:\/\/olemosaic.com\/pt-pt\/wp-json\/wp\/v2\/product\/37315","targetHints":{"allow":["GET"]}}],"collection":[{"href":"https:\/\/olemosaic.com\/pt-pt\/wp-json\/wp\/v2\/product"}],"about":[{"href":"https:\/\/olemosaic.com\/pt-pt\/wp-json\/wp\/v2\/types\/product"}],"wp:featuredmedia":[{"embeddable":true,"href":"https:\/\/olemosaic.com\/pt-pt\/wp-json\/wp\/v2\/media\/13953"}],"wp:attachment":[{"href":"https:\/\/olemosaic.com\/pt-pt\/wp-json\/wp\/v2\/media?parent=37315"}],"wp:term":[{"taxonomy":"product_brand","embeddable":true,"href":"https:\/\/olemosaic.com\/pt-pt\/wp-json\/wp\/v2\/product_brand?post=37315"},{"taxonomy":"product_cat","embeddable":true,"href":"https:\/\/olemosaic.com\/pt-pt\/wp-json\/wp\/v2\/product_cat?post=37315"},{"taxonomy":"product_tag","embeddable":true,"href":"https:\/\/olemosaic.com\/pt-pt\/wp-json\/wp\/v2\/product_tag?post=37315"}],"curies":[{"name":"wp","href":"https:\/\/api.w.org\/{rel}","templated":true}]}}