{"id":37314,"date":"2025-02-20T22:37:32","date_gmt":"2025-02-20T22:37:32","guid":{"rendered":"http:\/\/olemosaic.com\/producto\/cortador-de-ceramica-mariposa-mallorca\/"},"modified":"2025-07-25T20:30:53","modified_gmt":"2025-07-25T18:30:53","slug":"cortador-de-ceramica-borboleta-maiorca","status":"publish","type":"product","link":"https:\/\/olemosaic.com\/pt-pt\/produto\/cortador-de-ceramica-borboleta-maiorca\/","title":{"rendered":"Cortador de cer\u00e2mica. Borboleta. Maiorca."},"content":{"rendered":"<p>Este cortador de cer\u00e2mica, inspirado no vibrante folclore de Maiorca, \u00e9 uma aut\u00eantica obra de arte, perfeito para quem deseja levar um peda\u00e7o desta bela ilha para a sua casa. Desenhado com ilustra\u00e7\u00f5es de borboletas num precioso mosaico de cores, o produto destaca-se pelos seus motivos florais e borboletas em tons vivos de azul, cor de laranja e amarelo. O seu design fresco e colorido evoca a rica tradi\u00e7\u00e3o art\u00edstica maiorquina, onde o mosaico e a natureza se entrela\u00e7am para criar pe\u00e7as \u00fanicas que representam a ess\u00eancia da cultura local.<\/p>\n<p>As borboletas, s\u00edmbolo de transforma\u00e7\u00e3o e beleza, adornam este cortador, real\u00e7ando a sua qualidade artesanal e a aten\u00e7\u00e3o ao detalhe em cada tra\u00e7o. Ideal para quem procura recorda\u00e7\u00f5es distintivas, este cortador de cer\u00e2mica n\u00e3o s\u00f3 \u00e9 funcional, como tamb\u00e9m se torna um elemento decorativo que se destaca em qualquer cozinha. Al\u00e9m disso, a sua liga\u00e7\u00e3o cultural com Maiorca torna-o o presente perfeito para turistas e visitantes que desejam uma recorda\u00e7\u00e3o aut\u00eantica e representativa da ilha. Na Ol\u00e9 Mosaic, como distribuidores de recorda\u00e7\u00f5es, oferecemos produtos exclusivos como este cortador, garantindo a qualidade e a autenticidade que os nossos clientes necessitam.<\/p>\n","protected":false},"excerpt":{"rendered":"<p>Cortador de cer\u00e2mica inspirado no vibrante folclore maiorquino, decorado com ilustra\u00e7\u00f5es de borboletas num mosaico de cores vibrantes. O cortador apresenta motivos florais e borboletas em tons vivos de azul, cor de laranja e amarelo, evocando a rica tradi\u00e7\u00e3o art\u00edstica da ilha. O seu design, fresco e colorido, \u00e9 ideal para quem deseja levar um peda\u00e7o de Maiorca para a sua casa.<\/p>\n","protected":false},"featured_media":13952,"template":"","meta":{"_acf_changed":false},"product_brand":[],"product_cat":[797],"product_tag":[516,515],"class_list":{"0":"post-37314","1":"product","2":"type-product","3":"status-publish","4":"has-post-thumbnail","6":"product_cat-cortadores","7":"product_tag-animais","8":"product_tag-ceramica","9":"pa_ciudad-mallorca","10":"pa_motivo-borboletas","11":"pa_pais-espana","13":"first","14":"instock","15":"shipping-taxable","16":"product-type-simple"},"acf":[],"_links":{"self":[{"href":"https:\/\/olemosaic.com\/pt-pt\/wp-json\/wp\/v2\/product\/37314","targetHints":{"allow":["GET"]}}],"collection":[{"href":"https:\/\/olemosaic.com\/pt-pt\/wp-json\/wp\/v2\/product"}],"about":[{"href":"https:\/\/olemosaic.com\/pt-pt\/wp-json\/wp\/v2\/types\/product"}],"wp:featuredmedia":[{"embeddable":true,"href":"https:\/\/olemosaic.com\/pt-pt\/wp-json\/wp\/v2\/media\/13952"}],"wp:attachment":[{"href":"https:\/\/olemosaic.com\/pt-pt\/wp-json\/wp\/v2\/media?parent=37314"}],"wp:term":[{"taxonomy":"product_brand","embeddable":true,"href":"https:\/\/olemosaic.com\/pt-pt\/wp-json\/wp\/v2\/product_brand?post=37314"},{"taxonomy":"product_cat","embeddable":true,"href":"https:\/\/olemosaic.com\/pt-pt\/wp-json\/wp\/v2\/product_cat?post=37314"},{"taxonomy":"product_tag","embeddable":true,"href":"https:\/\/olemosaic.com\/pt-pt\/wp-json\/wp\/v2\/product_tag?post=37314"}],"curies":[{"name":"wp","href":"https:\/\/api.w.org\/{rel}","templated":true}]}}