{"id":37313,"date":"2025-02-20T22:37:32","date_gmt":"2025-02-20T22:37:32","guid":{"rendered":"http:\/\/olemosaic.com\/producto\/cortador-de-ceramica-salamandra-y-flores-gran-canaria\/"},"modified":"2025-07-25T18:42:01","modified_gmt":"2025-07-25T16:42:01","slug":"cortador-de-ceramica-salamandra-e-flores-gran-canaria","status":"publish","type":"product","link":"https:\/\/olemosaic.com\/pt-pt\/produto\/cortador-de-ceramica-salamandra-e-flores-gran-canaria\/","title":{"rendered":"Cortador de cer\u00e2mica. Salamandra e flores. Gran Canaria."},"content":{"rendered":"<p>Este cortador de cer\u00e2mica de Gran Canaria \u00e9 imprescind\u00edvel para qualquer aficionado da cozinha que valorize tanto a funcionalidade como a arte. O seu design vibrante e colorido inspira-se na rica flora e fauna desta bela ilha can\u00e1ria, com salamandras em tons brilhantes de vermelho e verde, rodeadas de flores em tonalidades azuis, amarelas e cor de laranja. Este estilo de mosaico n\u00e3o s\u00f3 real\u00e7a a biodiversidade de Gran Canaria, como tamb\u00e9m presta homenagem \u00e0s tradi\u00e7\u00f5es art\u00edsticas locais.<\/p>\n<p>Com uma forma ergon\u00f3mica que facilita o seu uso, este cortador combina na perfei\u00e7\u00e3o est\u00e9tica e praticidade, tornando-se um ponto focal atrativo na cozinha. Cada detalhe do cortador evoca a alegria e o esp\u00edrito vibrante da ilha, o que o torna uma recorda\u00e7\u00e3o ideal para turistas que procuram uma lembran\u00e7a aut\u00eantica e representativa de Gran Canaria. Ao escolher este cortador, n\u00e3o s\u00f3 se adquire um utens\u00edlio de cozinha, mas tamb\u00e9m uma pe\u00e7a que partilha a cultura e o estilo de vida can\u00e1rio.<\/p>\n<p>Na Ol\u00e9 Mosaic, especializamo-nos na distribui\u00e7\u00e3o de recorda\u00e7\u00f5es por grosso, oferecendo produtos aut\u00eanticos e de alta qualidade que refletem a ess\u00eancia das regi\u00f5es espanholas. Este cortador de cer\u00e2mica \u00e9 uma excelente op\u00e7\u00e3o para lojas de presentes tur\u00edsticos que desejam oferecer um produto funcional com um forte valor cultural. Como grossistas de recorda\u00e7\u00f5es de cer\u00e2mica, garantimos que cada pe\u00e7a represente a autenticidade e a criatividade do artesanato local.<\/p>\n","protected":false},"excerpt":{"rendered":"<p>Cortador de cer\u00e2mica com um design vibrante inspirado na flora e fauna de Gran Canaria. Este pr\u00e1tico utens\u00edlio apresenta imagens de salamandras em cores chamativas, como vermelho e verde, rodeadas de flores em tons azuis, amarelos e cor de laranja, tudo isto com um estilo de mosaico que reflete a arte local. Ideal para qualquer cozinha, a sua forma ergon\u00f3mica e o seu design atrativo tornam-no uma recorda\u00e7\u00e3o funcional e muito chamativa.<\/p>\n","protected":false},"featured_media":13951,"template":"","meta":{"_acf_changed":false},"product_brand":[],"product_cat":[797],"product_tag":[516,515],"class_list":{"0":"post-37313","1":"product","2":"type-product","3":"status-publish","4":"has-post-thumbnail","6":"product_cat-cortadores","7":"product_tag-animais","8":"product_tag-ceramica","9":"pa_ciudad-gran-canaria","10":"pa_motivo-salamandras","11":"pa_pais-espana","13":"first","14":"instock","15":"shipping-taxable","16":"product-type-simple"},"acf":[],"_links":{"self":[{"href":"https:\/\/olemosaic.com\/pt-pt\/wp-json\/wp\/v2\/product\/37313","targetHints":{"allow":["GET"]}}],"collection":[{"href":"https:\/\/olemosaic.com\/pt-pt\/wp-json\/wp\/v2\/product"}],"about":[{"href":"https:\/\/olemosaic.com\/pt-pt\/wp-json\/wp\/v2\/types\/product"}],"wp:featuredmedia":[{"embeddable":true,"href":"https:\/\/olemosaic.com\/pt-pt\/wp-json\/wp\/v2\/media\/13951"}],"wp:attachment":[{"href":"https:\/\/olemosaic.com\/pt-pt\/wp-json\/wp\/v2\/media?parent=37313"}],"wp:term":[{"taxonomy":"product_brand","embeddable":true,"href":"https:\/\/olemosaic.com\/pt-pt\/wp-json\/wp\/v2\/product_brand?post=37313"},{"taxonomy":"product_cat","embeddable":true,"href":"https:\/\/olemosaic.com\/pt-pt\/wp-json\/wp\/v2\/product_cat?post=37313"},{"taxonomy":"product_tag","embeddable":true,"href":"https:\/\/olemosaic.com\/pt-pt\/wp-json\/wp\/v2\/product_tag?post=37313"}],"curies":[{"name":"wp","href":"https:\/\/api.w.org\/{rel}","templated":true}]}}