{"id":37311,"date":"2025-02-20T23:37:31","date_gmt":"2025-02-20T22:37:31","guid":{"rendered":"http:\/\/olemosaic.com\/producto\/cortador-de-ceramica-salamandra-mallorca-2\/"},"modified":"2025-07-25T19:41:44","modified_gmt":"2025-07-25T17:41:44","slug":"cortador-de-ceramica-salamandra-motivos-florais-maiorca","status":"publish","type":"product","link":"https:\/\/olemosaic.com\/pt-pt\/produto\/cortador-de-ceramica-salamandra-motivos-florais-maiorca\/","title":{"rendered":"Cortador de cer\u00e2mica. Salamandra. Motivos florais. Maiorca."},"content":{"rendered":"<p>Este cortador de cer\u00e2mica decorativo, inspirado na arte das salamandras de Maiorca, \u00e9 uma pe\u00e7a excecional que funde funcionalidade e est\u00e9tica. O seu design vibrante apresenta uma representa\u00e7\u00e3o colorida de salamandras em tons intensos de vermelho, verde e azul, entrela\u00e7adas com belas flores vermelhas sobre um fundo de mosaico cinzento. Este padr\u00e3o n\u00e3o s\u00f3 embeleza o objeto, como tamb\u00e9m evoca o rico patrim\u00f3nio cultural balear, onde a cer\u00e2mica artisticamente decorada \u00e9 um s\u00edmbolo tradicional.<\/p>\n<p>Fabricado em cer\u00e2mica de alta qualidade, este cortador \u00e9 ideal para os amantes da gastronomia e da arte, transformando cada momento na cozinha numa experi\u00eancia criativa e visualmente atraente. As cores chamativas e o design intrincado fazem deste cortador uma excelente op\u00e7\u00e3o para adornar qualquer mesa ou cozinha, tornando-se um objeto de conversa que convida \u00e0 admira\u00e7\u00e3o. Esta recorda\u00e7\u00e3o de Maiorca \u00e9 mais do que um utens\u00edlio; \u00e9 uma lembran\u00e7a tang\u00edvel da beleza das Ilhas Baleares e da sua tradi\u00e7\u00e3o artesanal.<\/p>\n<p>Na Ol\u00e9 Mosaic, especializamo-nos na distribui\u00e7\u00e3o de recorda\u00e7\u00f5es por grosso, e este artigo \u00e9 perfeito para lojas de presentes tur\u00edsticos que procuram produtos aut\u00eanticos e representativos. Com o seu design \u00fanico, este cortador de cer\u00e2mica n\u00e3o s\u00f3 cativar\u00e1 os turistas, como tamb\u00e9m ser\u00e1 uma impressionante amostra da cultura maiorquina em qualquer lar.<\/p>\n","protected":false},"excerpt":{"rendered":"<p>Cortador de cer\u00e2mica decorativo inspirado na arte das salamandras maiorquinas. Este exclusivo cortador apresenta um design colorido com salamandras em tons vibrantes de vermelho, verde e azul, entrela\u00e7adas com flores vermelhas sobre um fundo de mosaico cinzento, evocando o encanto cultural balear. Elaborado em cer\u00e2mica, este artigo \u00e9 tanto funcional como uma pe\u00e7a de arte que adorna qualquer cozinha. Ideal para amantes da arte e da gastronomia.<\/p>\n","protected":false},"featured_media":13949,"template":"","meta":{"_acf_changed":false},"product_brand":[],"product_cat":[797],"product_tag":[516,515],"class_list":{"0":"post-37311","1":"product","2":"type-product","3":"status-publish","4":"has-post-thumbnail","6":"product_cat-cortadores","7":"product_tag-animais","8":"product_tag-ceramica","9":"pa_ciudad-mallorca","10":"pa_motivo-salamandras","11":"pa_pais-espana","13":"first","14":"instock","15":"shipping-taxable","16":"product-type-simple"},"acf":[],"_links":{"self":[{"href":"https:\/\/olemosaic.com\/pt-pt\/wp-json\/wp\/v2\/product\/37311","targetHints":{"allow":["GET"]}}],"collection":[{"href":"https:\/\/olemosaic.com\/pt-pt\/wp-json\/wp\/v2\/product"}],"about":[{"href":"https:\/\/olemosaic.com\/pt-pt\/wp-json\/wp\/v2\/types\/product"}],"wp:featuredmedia":[{"embeddable":true,"href":"https:\/\/olemosaic.com\/pt-pt\/wp-json\/wp\/v2\/media\/13949"}],"wp:attachment":[{"href":"https:\/\/olemosaic.com\/pt-pt\/wp-json\/wp\/v2\/media?parent=37311"}],"wp:term":[{"taxonomy":"product_brand","embeddable":true,"href":"https:\/\/olemosaic.com\/pt-pt\/wp-json\/wp\/v2\/product_brand?post=37311"},{"taxonomy":"product_cat","embeddable":true,"href":"https:\/\/olemosaic.com\/pt-pt\/wp-json\/wp\/v2\/product_cat?post=37311"},{"taxonomy":"product_tag","embeddable":true,"href":"https:\/\/olemosaic.com\/pt-pt\/wp-json\/wp\/v2\/product_tag?post=37311"}],"curies":[{"name":"wp","href":"https:\/\/api.w.org\/{rel}","templated":true}]}}