{"id":37307,"date":"2025-02-20T22:37:31","date_gmt":"2025-02-20T22:37:31","guid":{"rendered":"http:\/\/olemosaic.com\/producto\/cortador-de-ceramica-salamandra-y-flores-fuerteventura\/"},"modified":"2025-07-25T18:38:05","modified_gmt":"2025-07-25T16:38:05","slug":"cortador-de-ceramica-salamandra-e-flores-fuerteventura","status":"publish","type":"product","link":"https:\/\/olemosaic.com\/pt-pt\/produto\/cortador-de-ceramica-salamandra-e-flores-fuerteventura\/","title":{"rendered":"Cortador de cer\u00e2mica. Salamandra e flores. Fuerteventura."},"content":{"rendered":"<p>Cortador de cer\u00e2mica decorado com um design vibrante de salamandras e flores, inspirado na arte de Fuerteventura. Este pr\u00e1tico cortador apresenta uma ilustra\u00e7\u00e3o colorida em mosaico, onde duas salamandras brilhantes em tons de vermelho e verde se entrela\u00e7am com flores azuis e amarelas, criando um efeito visual alegre e festivo. O fundo, de um branco delicado, real\u00e7a ainda mais as cores vivas que evocam a rica fauna e flora das Ilhas Can\u00e1rias, refletindo o esp\u00edrito vibrante e ex\u00f3tico da regi\u00e3o. Este cortador n\u00e3o \u00e9 apenas funcional, mas tamb\u00e9m se torna uma pe\u00e7a ornamental que pode real\u00e7ar qualquer cozinha, transformando a prepara\u00e7\u00e3o dos alimentos numa experi\u00eancia cheia de arte e tradi\u00e7\u00e3o.<\/p>\n<p>A salamandra \u00e9 um s\u00edmbolo de transforma\u00e7\u00e3o e resist\u00eancia em diversas culturas, o que acrescenta um toque de significado a este artigo, encapsulando a ess\u00eancia do folclore can\u00e1rio. Este cortador de cer\u00e2mica \u00e9 uma recorda\u00e7\u00e3o ideal para quem procura levar um pedacinho de Fuerteventura para casa, servindo como uma preciosa lembran\u00e7a das maravilhas naturais destas ilhas. Na Ol\u00e9 Mosaic, como distribuidor de cer\u00e2mica por grosso, oferecemos recorda\u00e7\u00f5es aut\u00eanticas que celebram a cultura e o patrim\u00f3nio espanhol, sendo esta pe\u00e7a uma excelente op\u00e7\u00e3o para lojas de presentes tur\u00edsticos que desejem oferecer produtos \u00fanicos e representativos.<\/p>\n","protected":false},"excerpt":{"rendered":"<p>Cortador de cer\u00e2mica decorado com um design vibrante de salamandras e flores, inspirado na arte de Fuerteventura. Este pr\u00e1tico cortador apresenta uma ilustra\u00e7\u00e3o colorida em mosaico, com salamandras em tons de vermelho e verde rodeadas de flores azuis e amarelas. Ideal para dar um toque festivo \u00e0 cozinha, o seu design alegre capta a ess\u00eancia do folclore can\u00e1rio. Perfeito para os amantes da cer\u00e2mica e da cultura espanhola.<\/p>\n","protected":false},"featured_media":13946,"template":"","meta":{"_acf_changed":false},"product_brand":[],"product_cat":[797],"product_tag":[516,515],"class_list":{"0":"post-37307","1":"product","2":"type-product","3":"status-publish","4":"has-post-thumbnail","6":"product_cat-cortadores","7":"product_tag-animais","8":"product_tag-ceramica","9":"pa_ciudad-fuerteventura","10":"pa_motivo-salamandras","11":"pa_pais-espana","13":"first","14":"instock","15":"shipping-taxable","16":"product-type-simple"},"acf":[],"_links":{"self":[{"href":"https:\/\/olemosaic.com\/pt-pt\/wp-json\/wp\/v2\/product\/37307","targetHints":{"allow":["GET"]}}],"collection":[{"href":"https:\/\/olemosaic.com\/pt-pt\/wp-json\/wp\/v2\/product"}],"about":[{"href":"https:\/\/olemosaic.com\/pt-pt\/wp-json\/wp\/v2\/types\/product"}],"wp:featuredmedia":[{"embeddable":true,"href":"https:\/\/olemosaic.com\/pt-pt\/wp-json\/wp\/v2\/media\/13946"}],"wp:attachment":[{"href":"https:\/\/olemosaic.com\/pt-pt\/wp-json\/wp\/v2\/media?parent=37307"}],"wp:term":[{"taxonomy":"product_brand","embeddable":true,"href":"https:\/\/olemosaic.com\/pt-pt\/wp-json\/wp\/v2\/product_brand?post=37307"},{"taxonomy":"product_cat","embeddable":true,"href":"https:\/\/olemosaic.com\/pt-pt\/wp-json\/wp\/v2\/product_cat?post=37307"},{"taxonomy":"product_tag","embeddable":true,"href":"https:\/\/olemosaic.com\/pt-pt\/wp-json\/wp\/v2\/product_tag?post=37307"}],"curies":[{"name":"wp","href":"https:\/\/api.w.org\/{rel}","templated":true}]}}