{"id":37306,"date":"2025-02-20T22:37:31","date_gmt":"2025-02-20T22:37:31","guid":{"rendered":"http:\/\/olemosaic.com\/producto\/cortador-de-ceramica-mariposa-lanzarote\/"},"modified":"2025-07-25T18:56:22","modified_gmt":"2025-07-25T16:56:22","slug":"cortador-de-ceramica-borboleta-lanzarote","status":"publish","type":"product","link":"https:\/\/olemosaic.com\/pt-pt\/produto\/cortador-de-ceramica-borboleta-lanzarote\/","title":{"rendered":"Cortador de cer\u00e2mica. Borboleta. Lanzarote."},"content":{"rendered":"<p>Este cortador de cer\u00e2mica, decorado com um design vibrante de borboletas e flores, \u00e9 uma aut\u00eantica homenagem \u00e0 colorida artesania de Lanzarote. Fabricado em cer\u00e2mica de alta qualidade, n\u00e3o \u00e9 apenas funcional, mas tamb\u00e9m uma pe\u00e7a decorativa que adiciona um toque art\u00edstico a qualquer cozinha. O seu acabamento brilhante real\u00e7a as intrincadas ilustra\u00e7\u00f5es de borboletas, que simbolizam a beleza e diversidade natural da ilha, bem como os coloridos motivos florais que evocam a flora local. Os tons de azul, amarelo, laranja e vermelho que predominam no seu design refletem o calor do sol e a vibrante paisagem de Lanzarote.<\/p>\n<p>Na parte superior do cortador, a palavra &#8220;Lanzarote&#8221; est\u00e1 elegantemente impressa, complementando na perfei\u00e7\u00e3o as ilustra\u00e7\u00f5es e refor\u00e7ando a sua liga\u00e7\u00e3o cultural com esta bela ilha can\u00e1ria. Esta recorda\u00e7\u00e3o \u00e9 ideal para turistas que procuram levar para casa um peda\u00e7o da cultura insular e uma lembran\u00e7a da sua viagem. Na Ol\u00e9 Mosaic, como grossistas de presentes tur\u00edsticos, garantimos a autenticidade e qualidade dos nossos produtos, tornando este cortador de cer\u00e2mica uma excelente op\u00e7\u00e3o para lojas que ofere\u00e7am souvenirs de Lanzarote e outras recorda\u00e7\u00f5es can\u00e1rias \u00fanicas.<\/p>\n","protected":false},"excerpt":{"rendered":"<p>Cortador de cer\u00e2mica decorado com um design vibrante de borboletas e flores, inspirado na colorida artesania de Lanzarote. Este artigo, fabricado em cer\u00e2mica de alta qualidade, apresenta um acabamento brilhante com detalhes em mosaico, real\u00e7ando os tons de azul, amarelo, laranja e vermelho. A palavra &#8220;Lanzarote&#8221; est\u00e1 impressa na parte superior, complementando na perfei\u00e7\u00e3o as ilustra\u00e7\u00f5es das borboletas, que simbolizam a beleza da ilha. Ideal para adicionar um toque art\u00edstico a qualquer cozinha.<\/p>\n","protected":false},"featured_media":13945,"template":"","meta":{"_acf_changed":false},"product_brand":[],"product_cat":[797],"product_tag":[516,515],"class_list":{"0":"post-37306","1":"product","2":"type-product","3":"status-publish","4":"has-post-thumbnail","6":"product_cat-cortadores","7":"product_tag-animais","8":"product_tag-ceramica","9":"pa_ciudad-lanzarote","10":"pa_motivo-borboletas","11":"pa_pais-espana","13":"first","14":"instock","15":"shipping-taxable","16":"product-type-simple"},"acf":[],"_links":{"self":[{"href":"https:\/\/olemosaic.com\/pt-pt\/wp-json\/wp\/v2\/product\/37306","targetHints":{"allow":["GET"]}}],"collection":[{"href":"https:\/\/olemosaic.com\/pt-pt\/wp-json\/wp\/v2\/product"}],"about":[{"href":"https:\/\/olemosaic.com\/pt-pt\/wp-json\/wp\/v2\/types\/product"}],"wp:featuredmedia":[{"embeddable":true,"href":"https:\/\/olemosaic.com\/pt-pt\/wp-json\/wp\/v2\/media\/13945"}],"wp:attachment":[{"href":"https:\/\/olemosaic.com\/pt-pt\/wp-json\/wp\/v2\/media?parent=37306"}],"wp:term":[{"taxonomy":"product_brand","embeddable":true,"href":"https:\/\/olemosaic.com\/pt-pt\/wp-json\/wp\/v2\/product_brand?post=37306"},{"taxonomy":"product_cat","embeddable":true,"href":"https:\/\/olemosaic.com\/pt-pt\/wp-json\/wp\/v2\/product_cat?post=37306"},{"taxonomy":"product_tag","embeddable":true,"href":"https:\/\/olemosaic.com\/pt-pt\/wp-json\/wp\/v2\/product_tag?post=37306"}],"curies":[{"name":"wp","href":"https:\/\/api.w.org\/{rel}","templated":true}]}}