{"id":37305,"date":"2025-02-20T23:37:30","date_gmt":"2025-02-20T22:37:30","guid":{"rendered":"http:\/\/olemosaic.com\/producto\/cortador-de-ceramica-mariposa-tenerife\/"},"modified":"2025-07-25T20:22:16","modified_gmt":"2025-07-25T18:22:16","slug":"cortador-de-ceramica-borboleta-tenerife","status":"publish","type":"product","link":"https:\/\/olemosaic.com\/pt-pt\/produto\/cortador-de-ceramica-borboleta-tenerife\/","title":{"rendered":"Cortador de cer\u00e2mica. Borboleta. Tenerife."},"content":{"rendered":"<p>Este cortador de cer\u00e2mica, decorado com um design vibrante de borboletas e flores, \u00e9 uma aut\u00eantica homenagem \u00e0 beleza de Tenerife. Fabricado em cer\u00e2mica de alta qualidade, este cortador n\u00e3o \u00e9 apenas funcional, mas tamb\u00e9m adiciona um toque colorido e art\u00edstico a qualquer cozinha. O seu design apresenta um encantador mosaico de borboletas em tons de azul, laranja e verde, sobre um fundo branco adornado com flores amarelas, vermelhas e azuis, criando um efeito visual alegre e fresco que captura a ess\u00eancia das ilhas Can\u00e1rias.<\/p>\n<p>Cada pe\u00e7a parece ser pintada \u00e0 m\u00e3o, o que lhe confere uma autenticidade inigual\u00e1vel e um car\u00e1ter \u00fanico, ideal para quem aprecia a artesania tradicional e a cultura can\u00e1ria. Este cortador de cer\u00e2mica n\u00e3o \u00e9 apenas uma ferramenta \u00fatil na cozinha, mas tamb\u00e9m um encantador souvenir que reflete a vibrante flora e fauna de Tenerife, tornando-o a recorda\u00e7\u00e3o ideal para os turistas que procuram levar um peda\u00e7o desta ilha m\u00e1gica.<\/p>\n<p>Na Ol\u00e9 Mosaic, como grossista de souvenirs, oferecemos uma vasta gama de produtos aut\u00eanticos que celebram a diversidade cultural de Espanha e das suas regi\u00f5es. Este cortador de cer\u00e2mica \u00e9 uma excelente op\u00e7\u00e3o para lojas de presentes tur\u00edsticos que procuram artigos que combinem funcionalidade com valor cultural.<\/p>\n","protected":false},"excerpt":{"rendered":"<p>Cortador de cer\u00e2mica com um design vibrante de borboletas e flores, inspirado na beleza de Tenerife. Fabricado em cer\u00e2mica, este cortador apresenta um mosaico colorido com borboletas em tons de azul, laranja e verde, sobre um fundo branco salpicado de flores amarelas, vermelhas e azuis. A t\u00e9cnica de design artesanal, com aspeto de pintura \u00e0 m\u00e3o, confere-lhe um toque art\u00edstico, ideal para os amantes da cultura can\u00e1ria e uma excelente adi\u00e7\u00e3o para qualquer cozinha.<\/p>\n","protected":false},"featured_media":13944,"template":"","meta":{"_acf_changed":false},"product_brand":[],"product_cat":[797],"product_tag":[516,515],"class_list":{"0":"post-37305","1":"product","2":"type-product","3":"status-publish","4":"has-post-thumbnail","6":"product_cat-cortadores","7":"product_tag-animais","8":"product_tag-ceramica","9":"pa_ciudad-tenerife","10":"pa_motivo-borboletas","11":"pa_pais-espana","13":"first","14":"instock","15":"shipping-taxable","16":"product-type-simple"},"acf":[],"_links":{"self":[{"href":"https:\/\/olemosaic.com\/pt-pt\/wp-json\/wp\/v2\/product\/37305","targetHints":{"allow":["GET"]}}],"collection":[{"href":"https:\/\/olemosaic.com\/pt-pt\/wp-json\/wp\/v2\/product"}],"about":[{"href":"https:\/\/olemosaic.com\/pt-pt\/wp-json\/wp\/v2\/types\/product"}],"wp:featuredmedia":[{"embeddable":true,"href":"https:\/\/olemosaic.com\/pt-pt\/wp-json\/wp\/v2\/media\/13944"}],"wp:attachment":[{"href":"https:\/\/olemosaic.com\/pt-pt\/wp-json\/wp\/v2\/media?parent=37305"}],"wp:term":[{"taxonomy":"product_brand","embeddable":true,"href":"https:\/\/olemosaic.com\/pt-pt\/wp-json\/wp\/v2\/product_brand?post=37305"},{"taxonomy":"product_cat","embeddable":true,"href":"https:\/\/olemosaic.com\/pt-pt\/wp-json\/wp\/v2\/product_cat?post=37305"},{"taxonomy":"product_tag","embeddable":true,"href":"https:\/\/olemosaic.com\/pt-pt\/wp-json\/wp\/v2\/product_tag?post=37305"}],"curies":[{"name":"wp","href":"https:\/\/api.w.org\/{rel}","templated":true}]}}