{"id":37304,"date":"2025-02-20T22:37:30","date_gmt":"2025-02-20T22:37:30","guid":{"rendered":"http:\/\/olemosaic.com\/producto\/cortador-de-ceramica-gato-tenerife\/"},"modified":"2025-07-25T18:49:27","modified_gmt":"2025-07-25T16:49:27","slug":"cortador-de-ceramica-gato-tenerife-pt-pt","status":"publish","type":"product","link":"https:\/\/olemosaic.com\/pt-pt\/produto\/cortador-de-ceramica-gato-tenerife-pt-pt\/","title":{"rendered":"Cortador de cer\u00e2mica. Gato. Tenerife."},"content":{"rendered":"<p>Este cortador de cer\u00e2mica, decorado com um design vibrante de gatos, \u00e9 uma pe\u00e7a \u00fanica que captura a ess\u00eancia colorida de Tenerife. Ideal para amantes da cer\u00e2mica e da artesania tradicional, este produto destaca-se pela sua espetacular ilustra\u00e7\u00e3o em mosaico, onde tr\u00eas gatos protagonizam uma composi\u00e7\u00e3o que irradia alegria e criatividade. Os tons intensos de azul, rosa, laranja e amarelo entrela\u00e7am-se harmoniosamente, criando uma pe\u00e7a visualmente cativante que, al\u00e9m de pr\u00e1tica, \u00e9 um elemento decorativo atraente.<\/p>\n<p>Na parte superior, o nome &#8220;Tenerife&#8221; adiciona um toque distintivo que real\u00e7a a sua liga\u00e7\u00e3o cultural com a ilha. Os gatos, rodeados de borboletas, simbolizam a fauna local e evocam o calor e o esp\u00edrito livre da vida can\u00e1ria. Cada cortador \u00e9 uma homenagem \u00e0 rica heran\u00e7a art\u00edstica de Tenerife, tornando-o uma recorda\u00e7\u00e3o perfeita para os turistas que procuram levar para casa um peda\u00e7o aut\u00eantico desta encantadora regi\u00e3o.<\/p>\n<p>Na Ol\u00e9 Mosaic, especializamo-nos na distribui\u00e7\u00e3o de souvenirs por grosso, e este cortador de cer\u00e2mica \u00e9 uma excelente op\u00e7\u00e3o para lojas de presentes tur\u00edsticos que desejem oferecer produtos \u00fanicos, funcionais e culturalmente representativos. Adicione um toque de Tenerife \u00e0 sua cole\u00e7\u00e3o de souvenirs com este encantador e colorido cortador de cer\u00e2mica de gatos.<\/p>\n","protected":false},"excerpt":{"rendered":"<p>Cortador de cer\u00e2mica decorado com um design vibrante de gatos, que representa a ess\u00eancia colorida de Tenerife. Este produto, ideal para amantes da cer\u00e2mica, mostra um mosaico em tons intensos que atrai o olhar: azuis, rosas, laranjas e amarelos entrela\u00e7am-se na ilustra\u00e7\u00e3o de tr\u00eas gatos rodeados de borboletas. Inclui o nome &#8220;Tenerife&#8221; impresso na parte superior, o que complementa o seu apelo visual e cultural.<\/p>\n","protected":false},"featured_media":13943,"template":"","meta":{"_acf_changed":false},"product_brand":[],"product_cat":[797],"product_tag":[516,515],"class_list":{"0":"post-37304","1":"product","2":"type-product","3":"status-publish","4":"has-post-thumbnail","6":"product_cat-cortadores","7":"product_tag-animais","8":"product_tag-ceramica","9":"pa_ciudad-tenerife","10":"pa_motivo-gatos","11":"pa_pais-espana","13":"first","14":"instock","15":"shipping-taxable","16":"product-type-simple"},"acf":[],"_links":{"self":[{"href":"https:\/\/olemosaic.com\/pt-pt\/wp-json\/wp\/v2\/product\/37304","targetHints":{"allow":["GET"]}}],"collection":[{"href":"https:\/\/olemosaic.com\/pt-pt\/wp-json\/wp\/v2\/product"}],"about":[{"href":"https:\/\/olemosaic.com\/pt-pt\/wp-json\/wp\/v2\/types\/product"}],"wp:featuredmedia":[{"embeddable":true,"href":"https:\/\/olemosaic.com\/pt-pt\/wp-json\/wp\/v2\/media\/13943"}],"wp:attachment":[{"href":"https:\/\/olemosaic.com\/pt-pt\/wp-json\/wp\/v2\/media?parent=37304"}],"wp:term":[{"taxonomy":"product_brand","embeddable":true,"href":"https:\/\/olemosaic.com\/pt-pt\/wp-json\/wp\/v2\/product_brand?post=37304"},{"taxonomy":"product_cat","embeddable":true,"href":"https:\/\/olemosaic.com\/pt-pt\/wp-json\/wp\/v2\/product_cat?post=37304"},{"taxonomy":"product_tag","embeddable":true,"href":"https:\/\/olemosaic.com\/pt-pt\/wp-json\/wp\/v2\/product_tag?post=37304"}],"curies":[{"name":"wp","href":"https:\/\/api.w.org\/{rel}","templated":true}]}}