{"id":37303,"date":"2025-02-20T22:37:30","date_gmt":"2025-02-20T22:37:30","guid":{"rendered":"http:\/\/olemosaic.com\/producto\/cortador-de-ceramica-gato-fuerteventura\/"},"modified":"2025-07-25T18:37:21","modified_gmt":"2025-07-25T16:37:21","slug":"cortador-de-ceramica-gato-fuerteventura-pt-pt","status":"publish","type":"product","link":"https:\/\/olemosaic.com\/pt-pt\/produto\/cortador-de-ceramica-gato-fuerteventura-pt-pt\/","title":{"rendered":"Cortador de cer\u00e2mica. Gato. Fuerteventura."},"content":{"rendered":"<p>Este cortador de cer\u00e2mica, decorado com um design vibrante de gatos, \u00e9 um souvenir exclusivo de Fuerteventura que se destaca pelo seu colorido e originalidade. Fabricado com cer\u00e2mica de alta qualidade, este acess\u00f3rio apresenta um atraente motivo de m\u00faltiplos gatos em tons chamativos, como azuis, laranjas e verdes, que refletem a alegria e a vitalidade da arte can\u00e1ria. Rodeados de encantadoras borboletas, os gatos disp\u00f5em-se sobre um fundo de trencad\u00eds, uma t\u00e9cnica artesanal t\u00edpica da ilha que evoca a rica tradi\u00e7\u00e3o musiva da regi\u00e3o.<\/p>\n<p>O design n\u00e3o \u00e9 apenas visualmente impactante, mas tamb\u00e9m captura a ess\u00eancia da fauna local e a rela\u00e7\u00e3o dos can\u00e1rios com os seus animais de estima\u00e7\u00e3o, o que torna este cortador um presente perfeito para quem procura uma recorda\u00e7\u00e3o aut\u00eantica e representativa de Fuerteventura. A sua funcionalidade torna-o um artigo ideal para qualquer lar, enquanto a sua est\u00e9tica garante que seja um objeto de destaque na cozinha ou na decora\u00e7\u00e3o.<\/p>\n<p>Na Ol\u00e9 Mosaic, especializamo-nos na distribui\u00e7\u00e3o de souvenirs por grosso, oferecendo produtos que s\u00e3o um reflexo fiel da cultura local. Este cortador de cer\u00e2mica \u00e9 uma excelente op\u00e7\u00e3o para lojas de presentes tur\u00edsticos que procuram artigos aut\u00eanticos e atraentes. Ao incorporar este souvenir de Fuerteventura na sua oferta, poder\u00e1 deliciar os seus clientes com uma pe\u00e7a que funde arte, funcionalidade e tradi\u00e7\u00e3o.<\/p>\n","protected":false},"excerpt":{"rendered":"<p>Cortador de cer\u00e2mica decorado com um design vibrante de gatos, inspirado no estilo mosaico t\u00edpico de Fuerteventura. Este acess\u00f3rio colorido apresenta m\u00faltiplos gatos em tons chamativos como azuis, laranjas e verdes, rodeados de borboletas, tudo sobre um fundo de trencad\u00eds que evoca a rica tradi\u00e7\u00e3o artesanal da ilha. Ideal para quem procura uma recorda\u00e7\u00e3o \u00fanica que capture a ess\u00eancia da arte can\u00e1ria.<\/p>\n","protected":false},"featured_media":13942,"template":"","meta":{"_acf_changed":false},"product_brand":[],"product_cat":[797],"product_tag":[516,515],"class_list":{"0":"post-37303","1":"product","2":"type-product","3":"status-publish","4":"has-post-thumbnail","6":"product_cat-cortadores","7":"product_tag-animais","8":"product_tag-ceramica","9":"pa_ciudad-fuerteventura","10":"pa_motivo-gatos","11":"pa_pais-espana","13":"first","14":"instock","15":"shipping-taxable","16":"product-type-simple"},"acf":[],"_links":{"self":[{"href":"https:\/\/olemosaic.com\/pt-pt\/wp-json\/wp\/v2\/product\/37303","targetHints":{"allow":["GET"]}}],"collection":[{"href":"https:\/\/olemosaic.com\/pt-pt\/wp-json\/wp\/v2\/product"}],"about":[{"href":"https:\/\/olemosaic.com\/pt-pt\/wp-json\/wp\/v2\/types\/product"}],"wp:featuredmedia":[{"embeddable":true,"href":"https:\/\/olemosaic.com\/pt-pt\/wp-json\/wp\/v2\/media\/13942"}],"wp:attachment":[{"href":"https:\/\/olemosaic.com\/pt-pt\/wp-json\/wp\/v2\/media?parent=37303"}],"wp:term":[{"taxonomy":"product_brand","embeddable":true,"href":"https:\/\/olemosaic.com\/pt-pt\/wp-json\/wp\/v2\/product_brand?post=37303"},{"taxonomy":"product_cat","embeddable":true,"href":"https:\/\/olemosaic.com\/pt-pt\/wp-json\/wp\/v2\/product_cat?post=37303"},{"taxonomy":"product_tag","embeddable":true,"href":"https:\/\/olemosaic.com\/pt-pt\/wp-json\/wp\/v2\/product_tag?post=37303"}],"curies":[{"name":"wp","href":"https:\/\/api.w.org\/{rel}","templated":true}]}}