{"id":37302,"date":"2025-02-20T22:37:30","date_gmt":"2025-02-20T22:37:30","guid":{"rendered":"http:\/\/olemosaic.com\/producto\/cortador-de-ceramica-gato-lanzarote\/"},"modified":"2025-07-25T18:41:33","modified_gmt":"2025-07-25T16:41:33","slug":"cortador-de-ceramica-gato-lanzarote-pt-pt","status":"publish","type":"product","link":"https:\/\/olemosaic.com\/pt-pt\/produto\/cortador-de-ceramica-gato-lanzarote-pt-pt\/","title":{"rendered":"Cortador de cer\u00e2mica. Gato. Lanzarote."},"content":{"rendered":"<p>Este cortador de cer\u00e2mica, decorado com um design vibrante de gatos, \u00e9 uma aut\u00eantica homenagem \u00e0 arte e \u00e0 cultura de Lanzarote. Com um fundo de mosaico que captura a ess\u00eancia da colorida paisagem can\u00e1ria, este utens\u00edlio, t\u00e3o pr\u00e1tico como est\u00e9tico, apresenta tr\u00eas gatos de formas estilizadas que parecem ganhar vida num ambiente festivo, complementados por alegres borboletas que esvoa\u00e7am ao seu redor. As cores vivas \u2014 azuis, verdes, vermelhos e amarelos \u2014 refletem n\u00e3o s\u00f3 a diversidade natural da ilha, mas tamb\u00e9m a rica heran\u00e7a art\u00edstica que caracteriza Lanzarote, famosa pela sua arte, pelas suas grutas vulc\u00e2nicas e pelas suas deslumbrantes paisagens.<\/p>\n<p>Este cortador n\u00e3o s\u00f3 se destaca pela sua funcionalidade na cozinha, como tamb\u00e9m serve como uma recorda\u00e7\u00e3o representativa da regi\u00e3o, ideal para os turistas que procuram um souvenir aut\u00eantico que encapsule o esp\u00edrito local. A Ol\u00e9 Mosaic, como distribuidora de souvenirs de cer\u00e2mica, oferece este produto por grosso, garantindo a sua qualidade e autenticidade. \u00c9 uma op\u00e7\u00e3o perfeita para lojas de presentes tur\u00edsticos que desejem incorporar um elemento \u00fanico e cultural na sua oferta. Com este cortador de cer\u00e2mica de Lanzarote, os clientes n\u00e3o s\u00f3 adquirem um utens\u00edlio \u00fatil, como uma pe\u00e7a de arte que adiciona um toque de alegria e tradi\u00e7\u00e3o a qualquer lar.<\/p>\n","protected":false},"excerpt":{"rendered":"<p>Cortador de cer\u00e2mica com um design colorido de gatos, inspirado na arte de Lanzarote. Este pr\u00e1tico utens\u00edlio apresenta um vibrante fundo de mosaico, com tr\u00eas gatos de formas estilizadas e borboletas que adicionam um toque alegre. As cores vivas, como azuis, verdes, vermelhos e amarelos, refletem a ess\u00eancia da paisagem can\u00e1ria. Perfeito para adicionar um toque \u00fanico e funcional \u00e0 sua cozinha, este cortador \u00e9 uma homenagem ao folclore local.<\/p>\n","protected":false},"featured_media":13941,"template":"","meta":{"_acf_changed":false},"product_brand":[],"product_cat":[797],"product_tag":[516,515],"class_list":{"0":"post-37302","1":"product","2":"type-product","3":"status-publish","4":"has-post-thumbnail","6":"product_cat-cortadores","7":"product_tag-animais","8":"product_tag-ceramica","9":"pa_ciudad-lanzarote","10":"pa_motivo-gatos","11":"pa_pais-espana","13":"first","14":"instock","15":"shipping-taxable","16":"product-type-simple"},"acf":[],"_links":{"self":[{"href":"https:\/\/olemosaic.com\/pt-pt\/wp-json\/wp\/v2\/product\/37302","targetHints":{"allow":["GET"]}}],"collection":[{"href":"https:\/\/olemosaic.com\/pt-pt\/wp-json\/wp\/v2\/product"}],"about":[{"href":"https:\/\/olemosaic.com\/pt-pt\/wp-json\/wp\/v2\/types\/product"}],"wp:featuredmedia":[{"embeddable":true,"href":"https:\/\/olemosaic.com\/pt-pt\/wp-json\/wp\/v2\/media\/13941"}],"wp:attachment":[{"href":"https:\/\/olemosaic.com\/pt-pt\/wp-json\/wp\/v2\/media?parent=37302"}],"wp:term":[{"taxonomy":"product_brand","embeddable":true,"href":"https:\/\/olemosaic.com\/pt-pt\/wp-json\/wp\/v2\/product_brand?post=37302"},{"taxonomy":"product_cat","embeddable":true,"href":"https:\/\/olemosaic.com\/pt-pt\/wp-json\/wp\/v2\/product_cat?post=37302"},{"taxonomy":"product_tag","embeddable":true,"href":"https:\/\/olemosaic.com\/pt-pt\/wp-json\/wp\/v2\/product_tag?post=37302"}],"curies":[{"name":"wp","href":"https:\/\/api.w.org\/{rel}","templated":true}]}}