{"id":37301,"date":"2025-02-20T22:37:30","date_gmt":"2025-02-20T22:37:30","guid":{"rendered":"http:\/\/olemosaic.com\/producto\/cortador-de-ceramica-gato-mallorca\/"},"modified":"2025-07-25T19:43:57","modified_gmt":"2025-07-25T17:43:57","slug":"cortador-de-ceramica-gato-maiorca","status":"publish","type":"product","link":"https:\/\/olemosaic.com\/pt-pt\/produto\/cortador-de-ceramica-gato-maiorca\/","title":{"rendered":"Cortador de cer\u00e2mica. Gato. Maiorca."},"content":{"rendered":"<p>Cortador de cer\u00e2mica decorado com um colorido design de gatos, inspirado na tradi\u00e7\u00e3o art\u00edstica de Maiorca. Esta pe\u00e7a, funcional e est\u00e9tica, funde arte e utilidade, mostrando um vibrante mosaico em tons de azul, verde, laranja e vermelho. Na ilustra\u00e7\u00e3o, tr\u00eas gatos em diversas posturas, rodeados de delicadas borboletas, evocam a alegria e o calor do ambiente mediterr\u00e2nico. A t\u00e9cnica empregada destaca-se pelos seus detalhes gr\u00e1ficos e pelo uso de cores vivas, refletindo a rica heran\u00e7a cultural de Maiorca, famosa pela sua cer\u00e2mica e tradi\u00e7\u00e3o art\u00edstica.<\/p>\n<p>O cortador n\u00e3o \u00e9 apenas um utens\u00edlio pr\u00e1tico para a cozinha, mas tamb\u00e9m um atraente souvenir que captura a ess\u00eancia do folclore maiorquino, ideal para amantes de gatos e objetos decorativos. Este produto \u00e9 uma representa\u00e7\u00e3o aut\u00eantica da ilha, perfeita para turistas que procuram levar um peda\u00e7o da cultura local. Na Ol\u00e9 Mosaic, distribu\u00edmos souvenirs por grosso, e este cortador de cer\u00e2mica \u00e9 uma excelente op\u00e7\u00e3o para lojas de presentes tur\u00edsticos que desejem oferecer artigos \u00fanicos e representativos. Com a sua originalidade e qualidade, o cortador de cer\u00e2mica decorado com gatos \u00e9 uma recorda\u00e7\u00e3o essencial de Maiorca.<\/p>\n","protected":false},"excerpt":{"rendered":"<p>Cortador de cer\u00e2mica decorado com um colorido design de gatos inspirado na tradi\u00e7\u00e3o art\u00edstica de Maiorca. Este cortador apresenta um vibrante mosaico em tons de azul, verde, laranja e vermelho, que representa tr\u00eas gatos em distintas posturas, rodeados de borboletas. A t\u00e9cnica empregada destaca-se pelos seus detalhes gr\u00e1ficos e alegres, tornando-o uma recorda\u00e7\u00e3o \u00fatil e atraente que captura a ess\u00eancia do folclore maiorquino. Ideal para os amantes de gatos e da cer\u00e2mica art\u00edstica.<\/p>\n","protected":false},"featured_media":13940,"template":"","meta":{"_acf_changed":false},"product_brand":[],"product_cat":[797],"product_tag":[516,515],"class_list":{"0":"post-37301","1":"product","2":"type-product","3":"status-publish","4":"has-post-thumbnail","6":"product_cat-cortadores","7":"product_tag-animais","8":"product_tag-ceramica","9":"pa_ciudad-mallorca","10":"pa_motivo-gatos","11":"pa_pais-espana","13":"first","14":"instock","15":"shipping-taxable","16":"product-type-simple"},"acf":[],"_links":{"self":[{"href":"https:\/\/olemosaic.com\/pt-pt\/wp-json\/wp\/v2\/product\/37301","targetHints":{"allow":["GET"]}}],"collection":[{"href":"https:\/\/olemosaic.com\/pt-pt\/wp-json\/wp\/v2\/product"}],"about":[{"href":"https:\/\/olemosaic.com\/pt-pt\/wp-json\/wp\/v2\/types\/product"}],"wp:featuredmedia":[{"embeddable":true,"href":"https:\/\/olemosaic.com\/pt-pt\/wp-json\/wp\/v2\/media\/13940"}],"wp:attachment":[{"href":"https:\/\/olemosaic.com\/pt-pt\/wp-json\/wp\/v2\/media?parent=37301"}],"wp:term":[{"taxonomy":"product_brand","embeddable":true,"href":"https:\/\/olemosaic.com\/pt-pt\/wp-json\/wp\/v2\/product_brand?post=37301"},{"taxonomy":"product_cat","embeddable":true,"href":"https:\/\/olemosaic.com\/pt-pt\/wp-json\/wp\/v2\/product_cat?post=37301"},{"taxonomy":"product_tag","embeddable":true,"href":"https:\/\/olemosaic.com\/pt-pt\/wp-json\/wp\/v2\/product_tag?post=37301"}],"curies":[{"name":"wp","href":"https:\/\/api.w.org\/{rel}","templated":true}]}}