{"id":37300,"date":"2025-02-20T23:37:30","date_gmt":"2025-02-20T22:37:30","guid":{"rendered":"http:\/\/olemosaic.com\/producto\/cortador-de-ceramica-salamandra-tenerife-2\/"},"modified":"2025-07-25T18:40:22","modified_gmt":"2025-07-25T16:40:22","slug":"cortador-de-ceramica-salamandra-tenerife-2-pt-pt","status":"publish","type":"product","link":"https:\/\/olemosaic.com\/pt-pt\/produto\/cortador-de-ceramica-salamandra-tenerife-2-pt-pt\/","title":{"rendered":"Cortador de cer\u00e2mica. Salamandra. Tenerife."},"content":{"rendered":"<p>Este cortador de cer\u00e2mica decorado \u00e9 um aut\u00eantico souvenir de Tenerife que combina utilidade e beleza num mesmo objeto. Fabricado com cer\u00e2mica de alta qualidade, este utens\u00edlio de cozinha \u00e9 perfeito para quem aprecia a gastronomia can\u00e1ria enquanto recorda a sua viagem. O seu design atraente apresenta salamandras chamativas numa variedade de cores vibrantes como verdes, azuis, vermelhos e amarelos, que parecem ganhar vida sobre um fundo de mosaico em branco e cinzento. Este padr\u00e3o n\u00e3o \u00e9 apenas visualmente impactante, mas tamb\u00e9m reflete o rico folclore da ilha, onde a salamandra \u00e9 um s\u00edmbolo da natureza exuberante e da fauna local.<\/p>\n<p>A palavra &#8220;Tenerife&#8221;, elegantemente impressa na parte superior del cortador, confere-lhe um toque distintivo e memor\u00e1vel, tornando-o uma magn\u00edfica recorda\u00e7\u00e3o para os turistas que procuram levar um peda\u00e7o da cultura can\u00e1ria. Este cortador n\u00e3o \u00e9 apenas funcional, mas tamb\u00e9m atua como um elemento decorativo que pode embelezar qualquer cozinha. Na Ol\u00e9 Mosaic, especializamo-nos na distribui\u00e7\u00e3o de souvenirs por grosso, e este cortador de cer\u00e2mica \u00e9 uma excelente op\u00e7\u00e3o para lojas de presentes tur\u00edsticos que desejem oferecer produtos aut\u00eanticos e representativos de Tenerife. Com a sua mistura perfeita de arte e praticidade, este souvenir contribui para transformar cada experi\u00eancia culin\u00e1ria numa recorda\u00e7\u00e3o inesquec\u00edvel da ilha.<\/p>\n","protected":false},"excerpt":{"rendered":"<p>Cortador de cer\u00e2mica decorado com um design atraente de salamandras e flores, inspirado no folclore de Tenerife. Este utens\u00edlio de cozinha, fabricado em cer\u00e2mica de alta qualidade, apresenta um acabamento de design artesanal, pintado \u00e0 m\u00e3o, que real\u00e7a as cores vibrantes das salamandras: verdes, azuis, vermelhos e amarelos, sobre um fundo de mosaico branco e cinzento. A palavra &#8220;Tenerife&#8221; est\u00e1 impressa na parte superior, adicionando um toque distintivo a esta recorda\u00e7\u00e3o. Ideal para quem aprecia o artesanato can\u00e1rio.<\/p>\n","protected":false},"featured_media":13939,"template":"","meta":{"_acf_changed":false},"product_brand":[],"product_cat":[797],"product_tag":[516,515],"class_list":{"0":"post-37300","1":"product","2":"type-product","3":"status-publish","4":"has-post-thumbnail","6":"product_cat-cortadores","7":"product_tag-animais","8":"product_tag-ceramica","9":"pa_ciudad-tenerife","10":"pa_motivo-salamandras","11":"pa_pais-espana","13":"first","14":"instock","15":"shipping-taxable","16":"product-type-simple"},"acf":[],"_links":{"self":[{"href":"https:\/\/olemosaic.com\/pt-pt\/wp-json\/wp\/v2\/product\/37300","targetHints":{"allow":["GET"]}}],"collection":[{"href":"https:\/\/olemosaic.com\/pt-pt\/wp-json\/wp\/v2\/product"}],"about":[{"href":"https:\/\/olemosaic.com\/pt-pt\/wp-json\/wp\/v2\/types\/product"}],"wp:featuredmedia":[{"embeddable":true,"href":"https:\/\/olemosaic.com\/pt-pt\/wp-json\/wp\/v2\/media\/13939"}],"wp:attachment":[{"href":"https:\/\/olemosaic.com\/pt-pt\/wp-json\/wp\/v2\/media?parent=37300"}],"wp:term":[{"taxonomy":"product_brand","embeddable":true,"href":"https:\/\/olemosaic.com\/pt-pt\/wp-json\/wp\/v2\/product_brand?post=37300"},{"taxonomy":"product_cat","embeddable":true,"href":"https:\/\/olemosaic.com\/pt-pt\/wp-json\/wp\/v2\/product_cat?post=37300"},{"taxonomy":"product_tag","embeddable":true,"href":"https:\/\/olemosaic.com\/pt-pt\/wp-json\/wp\/v2\/product_tag?post=37300"}],"curies":[{"name":"wp","href":"https:\/\/api.w.org\/{rel}","templated":true}]}}