{"id":37297,"date":"2025-02-20T22:37:29","date_gmt":"2025-02-20T22:37:29","guid":{"rendered":"http:\/\/olemosaic.com\/producto\/cortador-de-ceramica-salamandra-y-flores-tenerife\/"},"modified":"2025-07-25T18:37:24","modified_gmt":"2025-07-25T16:37:24","slug":"cortador-de-ceramica-salamandra-e-flores-tenerife","status":"publish","type":"product","link":"https:\/\/olemosaic.com\/pt-pt\/produto\/cortador-de-ceramica-salamandra-e-flores-tenerife\/","title":{"rendered":"Cortador de cer\u00e2mica. Salamandra e flores. Tenerife."},"content":{"rendered":"<p>Este cortador de cer\u00e2mica, decorado com motivos coloridos de salamandras e flores, \u00e9 uma aut\u00eantica homenagem \u00e0 arte tradicional de Tenerife. Elaborado com cer\u00e2mica de alta qualidade, este utens\u00edlio combina funcionalidade e est\u00e9tica, tornando-o um elemento imprescind\u00edvel para qualquer cozinha que deseje um toque festivo e cultural. O seu design vibrante apresenta um fundo de mosaico que emoldura duas salamandras estilizadas em tons de vermelho e verde, r\u00e9pteis ic\u00f3nicos que representam a rica fauna local. Rodeando estas salamandras, desdobram-se flores de estilo can\u00e1rio em azul, amarelo e vermelho, conferindo um ar alegre e tropical ao design.<\/p>\n<p>Cada detalhe do cortador \u00e9 um reflexo do patrim\u00f3nio cultural de Tenerife, uma ilha famosa pela sua biodiversidade e pela sua vibrante heran\u00e7a art\u00edstica. Este utens\u00edlio n\u00e3o \u00e9 apenas pr\u00e1tico para cortar e servir, mas tamb\u00e9m uma recorda\u00e7\u00e3o atraente da beleza natural can\u00e1ria e da sua arte popular. Perfeito como souvenir, \u00e9 uma excelente op\u00e7\u00e3o para lojas de presentes tur\u00edsticos que procuram oferecer produtos aut\u00eanticos e representativos da regi\u00e3o. Na Ol\u00e9 Mosaic, somos grossistas de souvenirs de cer\u00e2mica, garantindo a qualidade e originalidade em cada um dos nossos artigos. Este cortador de cer\u00e2mica \u00e9 mais do que um acess\u00f3rio de cozinha; \u00e9 um peda\u00e7o de Tenerife que trar\u00e1 um pouco da ilha \u00e0 mesa de quem o utiliza.<\/p>\n","protected":false},"excerpt":{"rendered":"<p>Cortador de cer\u00e2mica decorado com motivos coloridos de salamandras e flores, inspirado na arte tradicional de Tenerife. Este pr\u00e1tico utens\u00edlio apresenta um design vibrante, com um fundo de mosaico que emoldura duas salamandras em tons de vermelho e verde, rodeadas de flores de estilo can\u00e1rio em azul, amarelo e vermelho. Elaborado em cer\u00e2mica, \u00e9 ideal para adicionar um toque festivo e cultural \u00e0 sua cozinha.<\/p>\n","protected":false},"featured_media":13936,"template":"","meta":{"_acf_changed":false},"product_brand":[],"product_cat":[797],"product_tag":[516,515],"class_list":{"0":"post-37297","1":"product","2":"type-product","3":"status-publish","4":"has-post-thumbnail","6":"product_cat-cortadores","7":"product_tag-animais","8":"product_tag-ceramica","9":"pa_ciudad-tenerife","10":"pa_motivo-salamandras","11":"pa_pais-espana","13":"first","14":"instock","15":"shipping-taxable","16":"product-type-simple"},"acf":[],"_links":{"self":[{"href":"https:\/\/olemosaic.com\/pt-pt\/wp-json\/wp\/v2\/product\/37297","targetHints":{"allow":["GET"]}}],"collection":[{"href":"https:\/\/olemosaic.com\/pt-pt\/wp-json\/wp\/v2\/product"}],"about":[{"href":"https:\/\/olemosaic.com\/pt-pt\/wp-json\/wp\/v2\/types\/product"}],"wp:featuredmedia":[{"embeddable":true,"href":"https:\/\/olemosaic.com\/pt-pt\/wp-json\/wp\/v2\/media\/13936"}],"wp:attachment":[{"href":"https:\/\/olemosaic.com\/pt-pt\/wp-json\/wp\/v2\/media?parent=37297"}],"wp:term":[{"taxonomy":"product_brand","embeddable":true,"href":"https:\/\/olemosaic.com\/pt-pt\/wp-json\/wp\/v2\/product_brand?post=37297"},{"taxonomy":"product_cat","embeddable":true,"href":"https:\/\/olemosaic.com\/pt-pt\/wp-json\/wp\/v2\/product_cat?post=37297"},{"taxonomy":"product_tag","embeddable":true,"href":"https:\/\/olemosaic.com\/pt-pt\/wp-json\/wp\/v2\/product_tag?post=37297"}],"curies":[{"name":"wp","href":"https:\/\/api.w.org\/{rel}","templated":true}]}}