{"id":37296,"date":"2025-02-20T22:37:29","date_gmt":"2025-02-20T22:37:29","guid":{"rendered":"http:\/\/olemosaic.com\/producto\/cortador-de-ceramica-toros-pamplona\/"},"modified":"2025-07-25T19:28:33","modified_gmt":"2025-07-25T17:28:33","slug":"cortador-de-ceramica-touros-pamplona","status":"publish","type":"product","link":"https:\/\/olemosaic.com\/pt-pt\/produto\/cortador-de-ceramica-touros-pamplona\/","title":{"rendered":"Cortador de cer\u00e2mica. Touros. Pamplona."},"content":{"rendered":"<p>Este cortador de cer\u00e2mica, inspirado nos ic\u00f3nicos touros de Pamplona, \u00e9 um imprescind\u00edvel na cozinha de qualquer amante da cultura espanhola. Fabricado em cer\u00e2mica de alta qualidade, apresenta um vibrante design que combina tons vermelhos e azuis, representando dois touros rodeados de uma exuberante flora. Este intrincado mosaico est\u00e1 repleto de alegres detalhes em amarelo e laranja, que evocam a energia e a festividade das famosas festas de San Ferm\u00edn.<\/p>\n<p>O fundo verde atrai o olhar, criando um contraste chamativo que real\u00e7a a beleza das ilustra\u00e7\u00f5es. Com este cortador, n\u00e3o s\u00f3 ter\u00e1 uma ferramenta funcional para as suas prepara\u00e7\u00f5es culin\u00e1rias, como tamb\u00e9m um objeto decorativo que conferir\u00e1 um toque cultural \u00e0 sua cozinha.<\/p>\n<p>A liga\u00e7\u00e3o deste souvenir com Pamplona \u00e9 ineg\u00e1vel; os touros s\u00e3o parte integrante da identidade e da tradi\u00e7\u00e3o da cidade, simbolizando a valentia e o esp\u00edrito festivo que caracteriza as suas celebra\u00e7\u00f5es. Cada vez que usar este cortador, recordar\u00e1 a rica heran\u00e7a cultural espanhola, o que o torna um presente ideal para turistas e amantes da gastronomia.<\/p>\n<p>Na Ol\u00e9 Mosaic, somos distribuidores de souvenirs aut\u00eanticos que capturam a ess\u00eancia de Espanha. Este cortador de cer\u00e2mica \u00e9 uma excelente op\u00e7\u00e3o para lojas de presentes tur\u00edsticos que procuram oferecer produtos \u00fanicos e representativos de Pamplona, perfeitos para conservar recorda\u00e7\u00f5es indel\u00e9veis.<\/p>\n","protected":false},"excerpt":{"rendered":"<p>Cortador de cer\u00e2mica de design colorido, inspirado nos tradicionais touros de Pamplona. Este funcional acess\u00f3rio, elaborado em cer\u00e2mica, destaca-se pelo seu intrincado e vibrante mosaico que representa dois touros em tons vermelhos e azuis, rodeados de flores sobre um fundo verde. As ilustra\u00e7\u00f5es s\u00e3o adornadas com detalhes amarelos e laranjas, evocando a energia das festas locais. Ideal para adicionar um toque cultural \u00e0 sua cozinha.<\/p>\n","protected":false},"featured_media":13935,"template":"","meta":{"_acf_changed":false},"product_brand":[],"product_cat":[797],"product_tag":[516,515],"class_list":{"0":"post-37296","1":"product","2":"type-product","3":"status-publish","4":"has-post-thumbnail","6":"product_cat-cortadores","7":"product_tag-animais","8":"product_tag-ceramica","9":"pa_ciudad-pamplona","10":"pa_motivo-touros","11":"pa_pais-espana","13":"first","14":"instock","15":"shipping-taxable","16":"product-type-simple"},"acf":[],"_links":{"self":[{"href":"https:\/\/olemosaic.com\/pt-pt\/wp-json\/wp\/v2\/product\/37296","targetHints":{"allow":["GET"]}}],"collection":[{"href":"https:\/\/olemosaic.com\/pt-pt\/wp-json\/wp\/v2\/product"}],"about":[{"href":"https:\/\/olemosaic.com\/pt-pt\/wp-json\/wp\/v2\/types\/product"}],"wp:featuredmedia":[{"embeddable":true,"href":"https:\/\/olemosaic.com\/pt-pt\/wp-json\/wp\/v2\/media\/13935"}],"wp:attachment":[{"href":"https:\/\/olemosaic.com\/pt-pt\/wp-json\/wp\/v2\/media?parent=37296"}],"wp:term":[{"taxonomy":"product_brand","embeddable":true,"href":"https:\/\/olemosaic.com\/pt-pt\/wp-json\/wp\/v2\/product_brand?post=37296"},{"taxonomy":"product_cat","embeddable":true,"href":"https:\/\/olemosaic.com\/pt-pt\/wp-json\/wp\/v2\/product_cat?post=37296"},{"taxonomy":"product_tag","embeddable":true,"href":"https:\/\/olemosaic.com\/pt-pt\/wp-json\/wp\/v2\/product_tag?post=37296"}],"curies":[{"name":"wp","href":"https:\/\/api.w.org\/{rel}","templated":true}]}}