{"id":37295,"date":"2025-02-20T23:37:29","date_gmt":"2025-02-20T22:37:29","guid":{"rendered":"http:\/\/olemosaic.com\/producto\/cortador-de-ceramica-salamandra-mallorca\/"},"modified":"2025-07-25T18:40:15","modified_gmt":"2025-07-25T16:40:15","slug":"cortador-de-ceramica-salamandra-maiorca","status":"publish","type":"product","link":"https:\/\/olemosaic.com\/pt-pt\/produto\/cortador-de-ceramica-salamandra-maiorca\/","title":{"rendered":"Cortador de cer\u00e2mica. Salamandra. Maiorca."},"content":{"rendered":"<p>Este alegre cortador de cer\u00e2mica \u00e9 uma vibrante representa\u00e7\u00e3o da fauna e flora de Maiorca, ideal para os amantes do artesanato maiorquino. Fabricado com cer\u00e2mica de alta qualidade, cada pe\u00e7a aparenta ser pintada \u00e0 m\u00e3o, o que garante um acabamento \u00fanico e especial. O motivo principal do cortador apresenta coloridas salamandras que parecem ganhar vida, rodeadas de flores vibrantes que evocam a beleza natural da ilha. As salamandras, com a sua intensa paleta de cores, destacam-se sobre um fundo texturizado que simula a pedra, recordando os mosaicos t\u00edpicos da arquitetura maiorquina.<\/p>\n<p>Este cortador n\u00e3o s\u00f3 \u00e9 um utens\u00edlio funcional para a cozinha, como tamb\u00e9m um souvenir art\u00edstico que transmite a ess\u00eancia de Maiorca. O seu design encantador torna-o uma excelente op\u00e7\u00e3o para quem procura uma recorda\u00e7\u00e3o representativa da ilha que combine beleza e utilidade. Na Ol\u00e9 Mosaic dedicamo-nos \u00e0 distribui\u00e7\u00e3o de souvenirs por grosso, e este cortador de cer\u00e2mica \u00e9 um produto que, sem d\u00favida, atrair\u00e1 turistas e consumidores que valorizam a autenticidade e o design cultural. Com cada pe\u00e7a, celebra-se o patrim\u00f3nio artes\u00e3o de Maiorca, fazendo deste cortador um excelente artigo para lojas de presentes tur\u00edsticos que procuram oferecer o melhor da tradi\u00e7\u00e3o local.<\/p>\n","protected":false},"excerpt":{"rendered":"<p>Cortador de cer\u00e2mica de design alegre, inspirado na fauna e flora de Maiorca. Este utens\u00edlio apresenta um colorido motivo de salamandras em mosaico, rodeadas de flores vibrantes, tudo sobre um fundo com textura de pedra que evoca o estilo t\u00edpico da ilha. Fabricado em cer\u00e2mica e com design artesanal, pintado \u00e0 m\u00e3o, o seu acabamento \u00e9 \u00fanico, perfeito para os amantes do artesanato maiorquino. Ideal para dar um toque art\u00edstico \u00e0 sua cozinha.<\/p>\n","protected":false},"featured_media":13934,"template":"","meta":{"_acf_changed":false},"product_brand":[],"product_cat":[797],"product_tag":[516,515],"class_list":{"0":"post-37295","1":"product","2":"type-product","3":"status-publish","4":"has-post-thumbnail","6":"product_cat-cortadores","7":"product_tag-animais","8":"product_tag-ceramica","9":"pa_ciudad-mallorca","10":"pa_motivo-salamandras","11":"pa_pais-espana","13":"first","14":"instock","15":"shipping-taxable","16":"product-type-simple"},"acf":[],"_links":{"self":[{"href":"https:\/\/olemosaic.com\/pt-pt\/wp-json\/wp\/v2\/product\/37295","targetHints":{"allow":["GET"]}}],"collection":[{"href":"https:\/\/olemosaic.com\/pt-pt\/wp-json\/wp\/v2\/product"}],"about":[{"href":"https:\/\/olemosaic.com\/pt-pt\/wp-json\/wp\/v2\/types\/product"}],"wp:featuredmedia":[{"embeddable":true,"href":"https:\/\/olemosaic.com\/pt-pt\/wp-json\/wp\/v2\/media\/13934"}],"wp:attachment":[{"href":"https:\/\/olemosaic.com\/pt-pt\/wp-json\/wp\/v2\/media?parent=37295"}],"wp:term":[{"taxonomy":"product_brand","embeddable":true,"href":"https:\/\/olemosaic.com\/pt-pt\/wp-json\/wp\/v2\/product_brand?post=37295"},{"taxonomy":"product_cat","embeddable":true,"href":"https:\/\/olemosaic.com\/pt-pt\/wp-json\/wp\/v2\/product_cat?post=37295"},{"taxonomy":"product_tag","embeddable":true,"href":"https:\/\/olemosaic.com\/pt-pt\/wp-json\/wp\/v2\/product_tag?post=37295"}],"curies":[{"name":"wp","href":"https:\/\/api.w.org\/{rel}","templated":true}]}}