{"id":37293,"date":"2025-02-20T22:37:28","date_gmt":"2025-02-20T22:37:28","guid":{"rendered":"http:\/\/olemosaic.com\/producto\/cortador-de-ceramica-gato-gran-canaria\/"},"modified":"2025-07-25T18:37:23","modified_gmt":"2025-07-25T16:37:23","slug":"cortador-de-ceramica-gato-gran-canaria-pt-pt","status":"publish","type":"product","link":"https:\/\/olemosaic.com\/pt-pt\/produto\/cortador-de-ceramica-gato-gran-canaria-pt-pt\/","title":{"rendered":"Cortador de cer\u00e2mica. Gato. Gran Canaria."},"content":{"rendered":"<p>Este cortador de cer\u00e2mica, com o seu vibrante design de gatos, \u00e9 um produto encantador que evoca a ess\u00eancia de Gran Canaria. Decorado com um alegre fundo de mosaico, apresenta ilustra\u00e7\u00f5es din\u00e2micas de gatos numa explos\u00e3o de cores, como azuis, verdes, vermelhos e amarelos, que acrescentam um toque de vida a qualquer cozinha. Acompanhados de borboletas dan\u00e7antes, estes felinos brincam num ambiente fresco e alegre, refletindo a fauna e o ambiente do arquip\u00e9lago.<\/p>\n<p>Na parte superior do cortador, o texto &#8220;GRAN CANARIA&#8221; destaca-se em cores chamativas, refor\u00e7ando a sua liga\u00e7\u00e3o com a rica cultura local. Este detalhe n\u00e3o s\u00f3 acrescenta encanto, como tamb\u00e9m o torna um souvenir ideal para quem deseja levar um peda\u00e7o desta bela ilha. A funcionalidade deste cortador de cer\u00e2mica n\u00e3o \u00e9 comprometida pelo seu apelo est\u00e9tico; concebido para ser usado na cozinha, combina arte e utilidade, fazendo de cada utiliza\u00e7\u00e3o uma celebra\u00e7\u00e3o do artesanato can\u00e1rio.<\/p>\n<p>Na Ol\u00e9 Mosaic, especializamo-nos na distribui\u00e7\u00e3o de souvenirs por grosso, e este cortador de cer\u00e2mica \u00e9 uma excelente op\u00e7\u00e3o para lojas de presentes tur\u00edsticos que procuram oferecer produtos aut\u00eanticos e representativos de Gran Canaria. A sua combina\u00e7\u00e3o de design art\u00edstico e funcionalidade torna-o o presente perfeito para turistas e amantes da cer\u00e2mica que queiram recordar a sua visita \u00e0 ilha.<\/p>\n","protected":false},"excerpt":{"rendered":"<p>Cortador de cer\u00e2mica com um design colorido inspirado nos gatos de Gran Canaria. Esta ferramenta de cozinha apresenta um fundo de mosaico onde se representam divertidos gatos em tons vibrantes de azul, verde, vermelho e amarelo, rodeados de borboletas. Na parte superior, o texto &#8220;GRAN CANARIA&#8221; acrescenta um toque local. Ideal para os amantes da cer\u00e2mica e da cultura can\u00e1ria, este cortador combina funcionalidade e arte decorativa em cada utiliza\u00e7\u00e3o.<\/p>\n","protected":false},"featured_media":13932,"template":"","meta":{"_acf_changed":false},"product_brand":[],"product_cat":[797],"product_tag":[516,515],"class_list":{"0":"post-37293","1":"product","2":"type-product","3":"status-publish","4":"has-post-thumbnail","6":"product_cat-cortadores","7":"product_tag-animais","8":"product_tag-ceramica","9":"pa_ciudad-gran-canaria","10":"pa_motivo-gatos","11":"pa_pais-espana","13":"first","14":"instock","15":"shipping-taxable","16":"product-type-simple"},"acf":[],"_links":{"self":[{"href":"https:\/\/olemosaic.com\/pt-pt\/wp-json\/wp\/v2\/product\/37293","targetHints":{"allow":["GET"]}}],"collection":[{"href":"https:\/\/olemosaic.com\/pt-pt\/wp-json\/wp\/v2\/product"}],"about":[{"href":"https:\/\/olemosaic.com\/pt-pt\/wp-json\/wp\/v2\/types\/product"}],"wp:featuredmedia":[{"embeddable":true,"href":"https:\/\/olemosaic.com\/pt-pt\/wp-json\/wp\/v2\/media\/13932"}],"wp:attachment":[{"href":"https:\/\/olemosaic.com\/pt-pt\/wp-json\/wp\/v2\/media?parent=37293"}],"wp:term":[{"taxonomy":"product_brand","embeddable":true,"href":"https:\/\/olemosaic.com\/pt-pt\/wp-json\/wp\/v2\/product_brand?post=37293"},{"taxonomy":"product_cat","embeddable":true,"href":"https:\/\/olemosaic.com\/pt-pt\/wp-json\/wp\/v2\/product_cat?post=37293"},{"taxonomy":"product_tag","embeddable":true,"href":"https:\/\/olemosaic.com\/pt-pt\/wp-json\/wp\/v2\/product_tag?post=37293"}],"curies":[{"name":"wp","href":"https:\/\/api.w.org\/{rel}","templated":true}]}}