{"id":37292,"date":"2025-02-20T22:37:28","date_gmt":"2025-02-20T22:37:28","guid":{"rendered":"http:\/\/olemosaic.com\/producto\/posavasos-de-ceramica-mosaico-valencia\/"},"modified":"2025-07-25T20:25:34","modified_gmt":"2025-07-25T18:25:34","slug":"base-de-copos-de-ceramica-mosaico-valencia","status":"publish","type":"product","link":"https:\/\/olemosaic.com\/pt-pt\/produto\/base-de-copos-de-ceramica-mosaico-valencia\/","title":{"rendered":"Base de copos de cer\u00e2mica. Mosaico. Val\u00eancia."},"content":{"rendered":"<p>Este conjunto de bases de copos de cer\u00e2mica de design circular, inspirado nos c\u00e9lebres mosaicos de Val\u00eancia, \u00e9 uma combina\u00e7\u00e3o perfeita de funcionalidade e est\u00e9tica. Cada base de copo \u00e9 adornada com uma explos\u00e3o de cores vibrantes, com predom\u00ednio de azul, vermelho, amarelo e branco, que evocam a arte cer\u00e2mica tradicional valenciana, perdur\u00e1vel atrav\u00e9s dos s\u00e9culos. Os designs s\u00e3o uma interpreta\u00e7\u00e3o contempor\u00e2nea dos mosaicos que embelezam as ruas e pra\u00e7as desta encantadora cidade mediterr\u00e2nica, transformando cada pe\u00e7a numa obra de arte visual.<\/p>\n<p>A palavra &#8220;Val\u00eancia&#8221; est\u00e1 elegantemente impressa em cada base de copo, refor\u00e7ando a sua identidade e liga\u00e7\u00e3o cultural. Estas bases de copos n\u00e3o s\u00f3 s\u00e3o ideais para proteger as superf\u00edcies da sua casa, como tamb\u00e9m acrescentam um toque decorativo a qualquer mesa, tornando cada reuni\u00e3o mais especial e colorida. A cer\u00e2mica utilizada garante durabilidade e resist\u00eancia, permitindo o uso di\u00e1rio sem perder o seu encanto.<\/p>\n<p>Este souvenir de Val\u00eancia \u00e9 uma excelente op\u00e7\u00e3o para turistas que procuram uma recorda\u00e7\u00e3o aut\u00eantica da sua visita a esta hist\u00f3rica cidade. Na Ol\u00e9 Mosaic, somos especialistas na distribui\u00e7\u00e3o de souvenirs por grosso, e o nosso conjunto de bases de copos \u00e9 o complemento perfeito para lojas de presentes tur\u00edsticos que desejem oferecer produtos representativos e de qualidade. Com estas bases de copos, os clientes poder\u00e3o levar consigo um peda\u00e7o da rica heran\u00e7a cultural de Val\u00eancia, tornando-as num artigo atraente para qualquer amante da arte cer\u00e2mica e da cultura espanhola.<\/p>\n","protected":false},"excerpt":{"rendered":"<p>Conjunto de bases de copos de cer\u00e2mica de design circular, inspirados no c\u00e9lebre mosaico da cidade de Val\u00eancia. Cada base de copo apresenta uma explos\u00e3o de cores vibrantes, com padr\u00f5es tradicionais em azul, vermelho, amarelo e branco, evocando a arte cer\u00e2mica valenciana. A palavra &#8220;Val\u00eancia&#8221; est\u00e1 elegantemente impressa em cada pe\u00e7a, destacando a riqueza cultural e est\u00e9tica desta regi\u00e3o. Perfeitas para proteger superf\u00edcies e adicionar um toque decorativo a qualquer mesa.<\/p>\n","protected":false},"featured_media":13931,"template":"","meta":{"_acf_changed":false},"product_brand":[],"product_cat":[818],"product_tag":[515],"class_list":{"0":"post-37292","1":"product","2":"type-product","3":"status-publish","4":"has-post-thumbnail","6":"product_cat-bases-de-copos","7":"product_tag-ceramica","8":"pa_ciudad-valencia","9":"pa_motivo-mosaico","10":"pa_pais-espana","12":"first","13":"instock","14":"shipping-taxable","15":"product-type-simple"},"acf":[],"_links":{"self":[{"href":"https:\/\/olemosaic.com\/pt-pt\/wp-json\/wp\/v2\/product\/37292","targetHints":{"allow":["GET"]}}],"collection":[{"href":"https:\/\/olemosaic.com\/pt-pt\/wp-json\/wp\/v2\/product"}],"about":[{"href":"https:\/\/olemosaic.com\/pt-pt\/wp-json\/wp\/v2\/types\/product"}],"wp:featuredmedia":[{"embeddable":true,"href":"https:\/\/olemosaic.com\/pt-pt\/wp-json\/wp\/v2\/media\/13931"}],"wp:attachment":[{"href":"https:\/\/olemosaic.com\/pt-pt\/wp-json\/wp\/v2\/media?parent=37292"}],"wp:term":[{"taxonomy":"product_brand","embeddable":true,"href":"https:\/\/olemosaic.com\/pt-pt\/wp-json\/wp\/v2\/product_brand?post=37292"},{"taxonomy":"product_cat","embeddable":true,"href":"https:\/\/olemosaic.com\/pt-pt\/wp-json\/wp\/v2\/product_cat?post=37292"},{"taxonomy":"product_tag","embeddable":true,"href":"https:\/\/olemosaic.com\/pt-pt\/wp-json\/wp\/v2\/product_tag?post=37292"}],"curies":[{"name":"wp","href":"https:\/\/api.w.org\/{rel}","templated":true}]}}