{"id":37291,"date":"2025-02-20T23:37:28","date_gmt":"2025-02-20T22:37:28","guid":{"rendered":"http:\/\/olemosaic.com\/producto\/4-bols-de-coco-de-13-x-6-cm-isla-menorca\/"},"modified":"2025-07-25T19:01:02","modified_gmt":"2025-07-25T17:01:02","slug":"4-tacas-de-coco-de-13-x-6-cm-ilha-menorca","status":"publish","type":"product","link":"https:\/\/olemosaic.com\/pt-pt\/produto\/4-tacas-de-coco-de-13-x-6-cm-ilha-menorca\/","title":{"rendered":"4 Ta\u00e7as de coco de 13 x 6 cm. Ilha. Menorca."},"content":{"rendered":"<p>Conjunto de quatro ta\u00e7as de coco de Menorca, perfeitos para quem procura adicionar um toque de cor e autenticidade aos seus lares. Cada ta\u00e7a, com um di\u00e2metro de 13 cm e uma altura de 6 cm, \u00e9 delicadamente desenhada e pintada \u00e0 m\u00e3o, refletindo a rica cultura e o vibrante esp\u00edrito da ilha. As cores vibrantes de cada pe\u00e7a \u2014 um azul fresco, um rosa alegre, um amarelo radiante e um elegante branco \u2014 destacam-se pelo seu apelo decorativo. No centro de cada ta\u00e7a, o emblema de Menorca, subtilmente impresso, evoca a recorda\u00e7\u00e3o desta bela ilha balear.<\/p>\n<p>Estas ta\u00e7as de coco n\u00e3o s\u00e3o apenas ideais para servir aperitivos, mas tamb\u00e9m servem como elementos decorativos \u00fanicos que real\u00e7am qualquer ambiente. O seu design artesanal captura a ess\u00eancia do patrim\u00f3nio menorquino, tornando-as uma recorda\u00e7\u00e3o representativa e aut\u00eantica para os turistas que procuram souvenirs de qualidade. Cada ta\u00e7a \u00e9 uma obra de arte em si mesma e um magn\u00edfico tributo \u00e0 beleza de Menorca, o que torna este conjunto uma excelente op\u00e7\u00e3o para as lojas que oferecem souvenirs da regi\u00e3o. Na Ol\u00e9 Mosaic, orgulhamo-nos de ser um distribuidor de souvenirs distintivos e aut\u00eanticos, oferecendo produtos que celebram a cultura e a tradi\u00e7\u00e3o de Espanha.<\/p>\n","protected":false},"excerpt":{"rendered":"<p>Conjunto de quatro ta\u00e7as de coco, cada uma com um di\u00e2metro de 13 cm e uma altura de 6 cm, decoradas com atraentes motivos coloridos. Estas ta\u00e7as apresentam um design artesanal, pintado \u00e0 m\u00e3o, que se destaca pela sua combina\u00e7\u00e3o de cores vibrantes: azul, rosa, amarelo e um elegante acabamento em branco. Com o emblema de Menorca subtilmente impresso no centro, cada pe\u00e7a reflete a ess\u00eancia da ilha, sendo perfeita para servir aperitivos ou como elemento decorativo em qualquer lar.<\/p>\n","protected":false},"featured_media":13930,"template":"","meta":{"_acf_changed":false},"product_brand":[],"product_cat":[513],"product_tag":[],"class_list":{"0":"post-37291","1":"product","2":"type-product","3":"status-publish","4":"has-post-thumbnail","6":"product_cat-bols","7":"pa_ciudad-menorca","8":"pa_motivo-ilhas","9":"pa_pais-espana","11":"first","12":"instock","13":"shipping-taxable","14":"product-type-simple"},"acf":[],"_links":{"self":[{"href":"https:\/\/olemosaic.com\/pt-pt\/wp-json\/wp\/v2\/product\/37291","targetHints":{"allow":["GET"]}}],"collection":[{"href":"https:\/\/olemosaic.com\/pt-pt\/wp-json\/wp\/v2\/product"}],"about":[{"href":"https:\/\/olemosaic.com\/pt-pt\/wp-json\/wp\/v2\/types\/product"}],"wp:featuredmedia":[{"embeddable":true,"href":"https:\/\/olemosaic.com\/pt-pt\/wp-json\/wp\/v2\/media\/13930"}],"wp:attachment":[{"href":"https:\/\/olemosaic.com\/pt-pt\/wp-json\/wp\/v2\/media?parent=37291"}],"wp:term":[{"taxonomy":"product_brand","embeddable":true,"href":"https:\/\/olemosaic.com\/pt-pt\/wp-json\/wp\/v2\/product_brand?post=37291"},{"taxonomy":"product_cat","embeddable":true,"href":"https:\/\/olemosaic.com\/pt-pt\/wp-json\/wp\/v2\/product_cat?post=37291"},{"taxonomy":"product_tag","embeddable":true,"href":"https:\/\/olemosaic.com\/pt-pt\/wp-json\/wp\/v2\/product_tag?post=37291"}],"curies":[{"name":"wp","href":"https:\/\/api.w.org\/{rel}","templated":true}]}}