{"id":37290,"date":"2025-02-20T23:37:28","date_gmt":"2025-02-20T22:37:28","guid":{"rendered":"http:\/\/olemosaic.com\/producto\/4-bols-de-coco-de-13-x-6-cm-sardina-lisboa-12\/"},"modified":"2025-07-25T20:21:59","modified_gmt":"2025-07-25T18:21:59","slug":"4-tacas-de-coco-de-13-x-6-cm-sardinha-lisboa-portugal","status":"publish","type":"product","link":"https:\/\/olemosaic.com\/pt-pt\/produto\/4-tacas-de-coco-de-13-x-6-cm-sardinha-lisboa-portugal\/","title":{"rendered":"4 Ta\u00e7as de coco de 13 x 6 cm. Sardinha. Lisboa. Portugal"},"content":{"rendered":"<p>Este jogo de quatro ta\u00e7as de coco, de 13 x 6 cm, \u00e9 uma magn\u00edfica recorda\u00e7\u00e3o da vibrante cultura portuguesa, ideal para quem procura souvenirs aut\u00eanticos e representativos de Lisboa. Cada ta\u00e7a apresenta um encantador design interior com uma sardinha, um s\u00edmbolo da gastronomia portuguesa, e a palavra &#8220;PORTUGAL&#8221;, que destaca a rica tradi\u00e7\u00e3o mar\u00edtima do pa\u00eds. A decora\u00e7\u00e3o exterior inspira-se no famoso azulejo portugu\u00eas, com um mosaico de cores variadas, como rosas, azuis e dourados, dispostos num alegre padr\u00e3o de pequenas pedras que adicionam um toque art\u00edstico e colorido a qualquer mesa.<\/p>\n<p>Estas ta\u00e7as s\u00e3o perfeitas para servir aperitivos e tamb\u00e9m funcionam como pe\u00e7as decorativas irresist\u00edveis que conferem um ar festivo e acolhedor a qualquer ambiente. S\u00e3o um excelente presente para turistas que desejem levar um pedacinho da cultura portuguesa ou para lojas de recorda\u00e7\u00f5es tur\u00edsticas que procurem produtos \u00fanicos e bem elaborados. Na Ol\u00e9 Mosaic, como distribuidores de souvenirs aut\u00eanticos, oferecemos esta maravilhosa linha de ta\u00e7as, que se torna uma excelente op\u00e7\u00e3o para quem procura qualidade e um v\u00ednculo genu\u00edno com a cultura local.<\/p>\n","protected":false},"excerpt":{"rendered":"<p>Conjunto de quatro ta\u00e7as de coco de 13 x 6 cm, decoradas com um vibrante mosaico em diversas cores que evocam a cultura portuguesa. Cada ta\u00e7a apresenta um design interior ilustrado com uma sardinha e a palavra &#8220;PORTUGAL&#8221;, real\u00e7ando a ess\u00eancia mar\u00edtima de Lisboa. A combina\u00e7\u00e3o de tons rosas, azuis e dourados num padr\u00e3o de pequenas pedras adiciona um toque art\u00edstico e alegre \u00e0 mesa, ideal para servir aperitivos ou como pe\u00e7a decorativa.<\/p>\n","protected":false},"featured_media":13929,"template":"","meta":{"_acf_changed":false},"product_brand":[],"product_cat":[513],"product_tag":[516],"class_list":{"0":"post-37290","1":"product","2":"type-product","3":"status-publish","4":"has-post-thumbnail","6":"product_cat-bols","7":"product_tag-animais","8":"pa_ciudad-lisboa","9":"pa_motivo-sardinhas","10":"pa_pais-portugal","12":"first","13":"instock","14":"shipping-taxable","15":"product-type-simple"},"acf":[],"_links":{"self":[{"href":"https:\/\/olemosaic.com\/pt-pt\/wp-json\/wp\/v2\/product\/37290","targetHints":{"allow":["GET"]}}],"collection":[{"href":"https:\/\/olemosaic.com\/pt-pt\/wp-json\/wp\/v2\/product"}],"about":[{"href":"https:\/\/olemosaic.com\/pt-pt\/wp-json\/wp\/v2\/types\/product"}],"wp:featuredmedia":[{"embeddable":true,"href":"https:\/\/olemosaic.com\/pt-pt\/wp-json\/wp\/v2\/media\/13929"}],"wp:attachment":[{"href":"https:\/\/olemosaic.com\/pt-pt\/wp-json\/wp\/v2\/media?parent=37290"}],"wp:term":[{"taxonomy":"product_brand","embeddable":true,"href":"https:\/\/olemosaic.com\/pt-pt\/wp-json\/wp\/v2\/product_brand?post=37290"},{"taxonomy":"product_cat","embeddable":true,"href":"https:\/\/olemosaic.com\/pt-pt\/wp-json\/wp\/v2\/product_cat?post=37290"},{"taxonomy":"product_tag","embeddable":true,"href":"https:\/\/olemosaic.com\/pt-pt\/wp-json\/wp\/v2\/product_tag?post=37290"}],"curies":[{"name":"wp","href":"https:\/\/api.w.org\/{rel}","templated":true}]}}