{"id":37287,"date":"2025-02-20T23:37:27","date_gmt":"2025-02-20T22:37:27","guid":{"rendered":"http:\/\/olemosaic.com\/producto\/4-bols-de-coco-de-13-x-6-cm-mano-4\/"},"modified":"2025-07-25T18:44:37","modified_gmt":"2025-07-25T16:44:37","slug":"4-tacas-de-coco-de-13-x-6-cm-mao-de-fatima-pt-pt","status":"publish","type":"product","link":"https:\/\/olemosaic.com\/pt-pt\/produto\/4-tacas-de-coco-de-13-x-6-cm-mao-de-fatima-pt-pt\/","title":{"rendered":"4 Ta\u00e7as de coco de 13 x 6 cm. Hamsa. M\u00e3o de F\u00e1tima."},"content":{"rendered":"<p>Este conjunto de 4 ta\u00e7as de coco \u00e9 uma requintada amostra de artesanato mediterr\u00e2nico, perfeito para adicionar um toque de cor e cultura a qualquer espa\u00e7o. Cada ta\u00e7a, com dimens\u00f5es de 13 x 6 cm, foi elaborada de forma artesanal atrav\u00e9s de t\u00e9cnicas tradicionais que real\u00e7am a beleza natural do coco, criando uma textura \u00fanica que \u00e9 t\u00e3o agrad\u00e1vel ao toque como \u00e0 vista. De cada pe\u00e7a emergem cores vibrantes, como azuis profundos, laranjas quentes e dourados resplandecentes, todos eles adornados com o ic\u00f3nico s\u00edmbolo da m\u00e3o de F\u00e1tima, que representa prote\u00e7\u00e3o e boa fortuna na cultura mediterr\u00e2nica.<\/p>\n<p>Estas ta\u00e7as n\u00e3o s\u00e3o apenas funcionais para servir aperitivos ou snacks, mas tamb\u00e9m funcionam como elementos decorativos cativantes em prateleiras, mesas ou centros de mesa. O seu design muito especial torna-as um presente ou recorda\u00e7\u00e3o fabulosa de uma experi\u00eancia cultural.<\/p>\n<p>Na Ol\u00e9 Mosaic, orgulhamo-nos de oferecer souvenirs aut\u00eanticos que encapsulam a heran\u00e7a artesanal da regi\u00e3o. Este conjunto de ta\u00e7as de coco \u00e9 perfeito para lojas de presentes tur\u00edsticos que procuram adicionar valor \u00e0 sua oferta com produtos \u00fanicos e representativos. Como distribuidores de souvenirs por grosso, garantimos qualidade e autenticidade, oferecendo aos turistas uma pe\u00e7a memor\u00e1vel que celebra a arte e a cultura mediterr\u00e2nica.<\/p>\n","protected":false},"excerpt":{"rendered":"<p>Conjunto de 4 ta\u00e7as de coco de 13 x 6 cm, elaboradas \u00e0 m\u00e3o com uma t\u00e9cnica artesanal que real\u00e7a a beleza natural do material. Cada ta\u00e7a apresenta uma vibrante combina\u00e7\u00e3o de cores, incluindo azuis, laranjas e dourados, adornados com o s\u00edmbolo da m\u00e3o de F\u00e1tima. O seu design \u00fanico e distintivo torna-as um elemento decorativo ideal para qualquer espa\u00e7o, conferindo um toque de cultura e estilo. Perfeitas para servir aperitivos ou como pe\u00e7as decorativas.<\/p>\n","protected":false},"featured_media":13926,"template":"","meta":{"_acf_changed":false},"product_brand":[],"product_cat":[513],"product_tag":[],"class_list":{"0":"post-37287","1":"product","2":"type-product","3":"status-publish","4":"has-post-thumbnail","6":"product_cat-bols","7":"pa_motivo-maos","9":"first","10":"instock","11":"shipping-taxable","12":"product-type-simple"},"acf":[],"_links":{"self":[{"href":"https:\/\/olemosaic.com\/pt-pt\/wp-json\/wp\/v2\/product\/37287","targetHints":{"allow":["GET"]}}],"collection":[{"href":"https:\/\/olemosaic.com\/pt-pt\/wp-json\/wp\/v2\/product"}],"about":[{"href":"https:\/\/olemosaic.com\/pt-pt\/wp-json\/wp\/v2\/types\/product"}],"wp:featuredmedia":[{"embeddable":true,"href":"https:\/\/olemosaic.com\/pt-pt\/wp-json\/wp\/v2\/media\/13926"}],"wp:attachment":[{"href":"https:\/\/olemosaic.com\/pt-pt\/wp-json\/wp\/v2\/media?parent=37287"}],"wp:term":[{"taxonomy":"product_brand","embeddable":true,"href":"https:\/\/olemosaic.com\/pt-pt\/wp-json\/wp\/v2\/product_brand?post=37287"},{"taxonomy":"product_cat","embeddable":true,"href":"https:\/\/olemosaic.com\/pt-pt\/wp-json\/wp\/v2\/product_cat?post=37287"},{"taxonomy":"product_tag","embeddable":true,"href":"https:\/\/olemosaic.com\/pt-pt\/wp-json\/wp\/v2\/product_tag?post=37287"}],"curies":[{"name":"wp","href":"https:\/\/api.w.org\/{rel}","templated":true}]}}