{"id":37284,"date":"2025-02-20T23:37:27","date_gmt":"2025-02-20T22:37:27","guid":{"rendered":"http:\/\/olemosaic.com\/producto\/4-bols-de-coco-de-13-x-6-cm-caballito-de-mar-barcelona-5\/"},"modified":"2025-07-25T20:23:24","modified_gmt":"2025-07-25T18:23:24","slug":"4-tacas-de-coco-de-13-x-6-cm-cavalo-marinho-barcelona-5","status":"publish","type":"product","link":"https:\/\/olemosaic.com\/pt-pt\/produto\/4-tacas-de-coco-de-13-x-6-cm-cavalo-marinho-barcelona-5\/","title":{"rendered":"4 Ta\u00e7as de coco de 13 x 6 cm. Cavalo-marinho. Azul, vermelho, laranja e rosa. Barcelona."},"content":{"rendered":"<p>Este conjunto de 4 ta\u00e7as de coco, con um tamanho ideal de 13 x 6 cm, \u00e9 uma elegante recorda\u00e7\u00e3o da vibrante ess\u00eancia de Barcelona. Cada ta\u00e7a apresenta uma cor distinta \u2014 azul, vermelho, laranja e rosa \u2014 adornada com um encantador design de cavalo-marinho que evoca o ambiente mediterr\u00e2nico desta emblem\u00e1tica cidade. Os detalhes de mosaico no exterior adicionam um toque art\u00edstico, real\u00e7ando a rica tradi\u00e7\u00e3o cultural da regi\u00e3o, enquanto a palavra &#8220;Barcelona&#8221; fica impressa na base, convertendo cada pe\u00e7a num aut\u00eantico souvenir.<\/p>\n<p>Estas ta\u00e7as, elaboradas em material natural, n\u00e3o s\u00f3 s\u00e3o perfeitas para utilizar na mesa como recipientes decorativos para aperitivos ou pequenas del\u00edcias, como tamb\u00e9m s\u00e3o ideais para adicionar um toque de cor e arte a qualquer canto da casa. Al\u00e9m disso, o seu design \u00fanico torna-as um presente distintivo para amigos ou familiares que desejem recordar a sua visita a Barcelona.<\/p>\n<p>Na Ol\u00e9 Mosaic, especializamo-nos na distribui\u00e7\u00e3o de souvenirs por grosso, e este conjunto de ta\u00e7as de coco destaca-se pela sua autenticidade e relev\u00e2ncia cultural, oferecendo \u00e0s lojas de presentes tur\u00edsticos uma op\u00e7\u00e3o atraente e \u00fanica para os seus clientes. Estes souvenirs de Barcelona n\u00e3o s\u00e3o apenas objetos decorativos; s\u00e3o um peda\u00e7o da cultura mediterr\u00e2nica que podem levar para casa.<\/p>\n","protected":false},"excerpt":{"rendered":"<p>Conjunto de 4 ta\u00e7as de coco de 13 x 6 cm, decoradas com um elegante cavalo-marinho e um vibrante design que evoca a ess\u00eancia de Barcelona. Cada ta\u00e7a apresenta uma cor diferente: azul, vermelho, laranja e rosa, com detalhes de mosaico no exterior e a palavra &#8220;Barcelona&#8221; gravada na base. Estas ta\u00e7as, elaboradas com material natural, s\u00e3o ideais para adicionar um toque art\u00edstico e mediterr\u00e2nico a qualquer mesa ou canto da sua casa. Perfeitas como presente ou para uso di\u00e1rio.<\/p>\n","protected":false},"featured_media":13923,"template":"","meta":{"_acf_changed":false},"product_brand":[],"product_cat":[513],"product_tag":[516],"class_list":{"0":"post-37284","1":"product","2":"type-product","3":"status-publish","4":"has-post-thumbnail","6":"product_cat-bols","7":"product_tag-animais","8":"pa_ciudad-barcelona","9":"pa_motivo-cavalos-marinhos","10":"pa_pais-espana","12":"first","13":"instock","14":"shipping-taxable","15":"product-type-simple"},"acf":[],"_links":{"self":[{"href":"https:\/\/olemosaic.com\/pt-pt\/wp-json\/wp\/v2\/product\/37284","targetHints":{"allow":["GET"]}}],"collection":[{"href":"https:\/\/olemosaic.com\/pt-pt\/wp-json\/wp\/v2\/product"}],"about":[{"href":"https:\/\/olemosaic.com\/pt-pt\/wp-json\/wp\/v2\/types\/product"}],"wp:featuredmedia":[{"embeddable":true,"href":"https:\/\/olemosaic.com\/pt-pt\/wp-json\/wp\/v2\/media\/13923"}],"wp:attachment":[{"href":"https:\/\/olemosaic.com\/pt-pt\/wp-json\/wp\/v2\/media?parent=37284"}],"wp:term":[{"taxonomy":"product_brand","embeddable":true,"href":"https:\/\/olemosaic.com\/pt-pt\/wp-json\/wp\/v2\/product_brand?post=37284"},{"taxonomy":"product_cat","embeddable":true,"href":"https:\/\/olemosaic.com\/pt-pt\/wp-json\/wp\/v2\/product_cat?post=37284"},{"taxonomy":"product_tag","embeddable":true,"href":"https:\/\/olemosaic.com\/pt-pt\/wp-json\/wp\/v2\/product_tag?post=37284"}],"curies":[{"name":"wp","href":"https:\/\/api.w.org\/{rel}","templated":true}]}}