{"id":37283,"date":"2025-02-20T23:37:26","date_gmt":"2025-02-20T22:37:26","guid":{"rendered":"http:\/\/olemosaic.com\/producto\/4-bols-de-coco-de-13-x-6-cm-rueda\/"},"modified":"2025-07-25T19:39:58","modified_gmt":"2025-07-25T17:39:58","slug":"4-tacas-de-coco-de-13-x-6-cm-roda","status":"publish","type":"product","link":"https:\/\/olemosaic.com\/pt-pt\/produto\/4-tacas-de-coco-de-13-x-6-cm-roda\/","title":{"rendered":"4 Ta\u00e7as de coco de 13 x 6 cm. Roda."},"content":{"rendered":"<p>Descubra o nosso conjunto de 4 ta\u00e7as de coco, uma aut\u00eantica pe\u00e7a de artesanato mediterr\u00e2nico que trar\u00e1 um toque vibrante e cultural a qualquer lar. Com um tamanho de 13 x 6 cm, cada ta\u00e7a apresenta um design \u00fanico decorado com coloridos motivos de rodas, que evocam a rica tradi\u00e7\u00e3o cer\u00e2mica da regi\u00e3o. A paleta de cores inclui tons intensos de azul, laranja, vermelho e rosa, que se entrela\u00e7am num acabamento que real\u00e7a a textura natural do coco, fazendo de cada pe\u00e7a uma obra singular.<\/p>\n<p>Estas ta\u00e7as s\u00e3o ideais para servir fruta fresca ou como elementos decorativos que alegrar\u00e3o qualquer espa\u00e7o. A inspira\u00e7\u00e3o na arte cer\u00e2mica tradicional proporciona um ar aut\u00eantico e representativo da cultura mediterr\u00e2nica, tornando-as um presente perfeito para quem procura um souvenir que encapsule a ess\u00eancia de Espanha ou Portugal. O seu design meticuloso n\u00e3o s\u00f3 as torna visualmente atraentes, como tamb\u00e9m as converte numa recorda\u00e7\u00e3o tang\u00edvel da rica heran\u00e7a art\u00edstica da regi\u00e3o.<\/p>\n<p>Na Ol\u00e9 Mosaic, como grossista de souvenirs aut\u00eanticos, oferecemos produtos que se destacam pela sua qualidade e liga\u00e7\u00e3o cultural. Este conjunto de ta\u00e7as de coco \u00e9 uma excelente op\u00e7\u00e3o para lojas de presentes tur\u00edsticos que desejam oferecer aos seus clientes recorda\u00e7\u00f5es significativas e cheias de cor. Os souvenirs de ta\u00e7a s\u00e3o perfeitos para quem celebra a arte e a tradi\u00e7\u00e3o, ideais para embelezar qualquer canto da casa.<\/p>\n","protected":false},"excerpt":{"rendered":"<p>Conjunto de 4 ta\u00e7as de coco de 13 x 6 cm, decoradas com um atraente design de roda em cores vibrantes. Cada ta\u00e7a apresenta um acabamento de design artesanal, pintado \u00e0 m\u00e3o, em tons de azul, laranja, rosa e vermelho, criando um contraste encantador na sua superf\u00edcie. Os padr\u00f5es simulam um estilo de mosaico, conferindo um toque cultural e artesanal, ideal para servir aperitivos ou como pe\u00e7as decorativas. Perfeitas para adicionar cor e um ar festivo a qualquer mesa.<\/p>\n","protected":false},"featured_media":13922,"template":"","meta":{"_acf_changed":false},"product_brand":[],"product_cat":[513],"product_tag":[],"class_list":{"0":"post-37283","1":"product","2":"type-product","3":"status-publish","4":"has-post-thumbnail","6":"product_cat-bols","7":"pa_ciudad-rueda","8":"pa_pais-espana","10":"first","11":"instock","12":"shipping-taxable","13":"product-type-simple"},"acf":[],"_links":{"self":[{"href":"https:\/\/olemosaic.com\/pt-pt\/wp-json\/wp\/v2\/product\/37283","targetHints":{"allow":["GET"]}}],"collection":[{"href":"https:\/\/olemosaic.com\/pt-pt\/wp-json\/wp\/v2\/product"}],"about":[{"href":"https:\/\/olemosaic.com\/pt-pt\/wp-json\/wp\/v2\/types\/product"}],"wp:featuredmedia":[{"embeddable":true,"href":"https:\/\/olemosaic.com\/pt-pt\/wp-json\/wp\/v2\/media\/13922"}],"wp:attachment":[{"href":"https:\/\/olemosaic.com\/pt-pt\/wp-json\/wp\/v2\/media?parent=37283"}],"wp:term":[{"taxonomy":"product_brand","embeddable":true,"href":"https:\/\/olemosaic.com\/pt-pt\/wp-json\/wp\/v2\/product_brand?post=37283"},{"taxonomy":"product_cat","embeddable":true,"href":"https:\/\/olemosaic.com\/pt-pt\/wp-json\/wp\/v2\/product_cat?post=37283"},{"taxonomy":"product_tag","embeddable":true,"href":"https:\/\/olemosaic.com\/pt-pt\/wp-json\/wp\/v2\/product_tag?post=37283"}],"curies":[{"name":"wp","href":"https:\/\/api.w.org\/{rel}","templated":true}]}}