{"id":37282,"date":"2025-02-20T23:37:26","date_gmt":"2025-02-20T22:37:26","guid":{"rendered":"http:\/\/olemosaic.com\/producto\/4-bols-de-coco-de-13-x-6-cm-ibiscus-5\/"},"modified":"2025-07-25T19:37:55","modified_gmt":"2025-07-25T17:37:55","slug":"4-tacas-de-coco-de-13-x-6-cm-hibisco-5","status":"publish","type":"product","link":"https:\/\/olemosaic.com\/pt-pt\/produto\/4-tacas-de-coco-de-13-x-6-cm-hibisco-5\/","title":{"rendered":"4 Ta\u00e7as de coco de 13 x 6 cm. Motivo em hibisco. Ibiscus."},"content":{"rendered":"<p>Este conjunto de 4 ta\u00e7as de coco \u00e9 uma aut\u00eantica joia artesanal que irradia o esp\u00edrito tropical, ideal para qualquer mesa. Cada ta\u00e7a, com um tamanho de 13 x 6 cm, apresenta um design \u00fanico, decorado meticulosamente com tons vibrantes que v\u00e3o do azul intenso ao vermelho e laranja quente, capturando a ess\u00eancia das vibrantes paisagens naturais. A forma org\u00e2nica das ta\u00e7as real\u00e7a a textura aut\u00eantica do coco, oferecendo uma experi\u00eancia visual e t\u00e1til sem igual. No centro de cada ta\u00e7a, uma elegante flor de hibisco brilha, um s\u00edmbolo tropical que adiciona um toque ex\u00f3tico e atraente.<\/p>\n<p>A liga\u00e7\u00e3o cultural destas ta\u00e7as com a tradi\u00e7\u00e3o artesanal local torna-as o souvenir perfeito para quem procura levar um peda\u00e7o da riqueza cultural da regi\u00e3o. Ideais para servir aperitivos, frutas ou at\u00e9 como elementos decorativos, estas ta\u00e7as s\u00e3o vers\u00e1teis e funcionais, proporcionando um toque de cor e estilo a qualquer ocasi\u00e3o. Na Ol\u00e9 Mosaic, o nosso compromisso como grossista de souvenirs reflete a nossa dedica\u00e7\u00e3o em oferecer produtos aut\u00eanticos e de qualidade que cativam turistas e amantes da cultura. Este conjunto de ta\u00e7as de coco \u00e9 uma op\u00e7\u00e3o excecional para lojas de presentes tur\u00edsticos que desejem destacar-se na sua oferta.<\/p>\n","protected":false},"excerpt":{"rendered":"<p>Conjunto de 4 ta\u00e7as de coco de 13 x 6 cm, decoradas com motivos inspirados no hibisco. Cada ta\u00e7a apresenta um design \u00fanico em tons vibrantes que v\u00e3o do azul ao vermelho e laranja, com um acabamento brilhante que real\u00e7a a sua forma org\u00e2nica. Os designs intrincados imitam a textura natural do coco e est\u00e3o adornados com uma flor de hibisco no centro, criando uma pe\u00e7a ideal para dar um toque tropical a qualquer mesa. Perfeitas para servir aperitivos ou como elemento decorativo.<\/p>\n","protected":false},"featured_media":13921,"template":"","meta":{"_acf_changed":false},"product_brand":[],"product_cat":[513],"product_tag":[],"class_list":{"0":"post-37282","1":"product","2":"type-product","3":"status-publish","4":"has-post-thumbnail","6":"product_cat-bols","7":"pa_motivo-hibisco","9":"first","10":"instock","11":"shipping-taxable","12":"product-type-simple"},"acf":[],"_links":{"self":[{"href":"https:\/\/olemosaic.com\/pt-pt\/wp-json\/wp\/v2\/product\/37282","targetHints":{"allow":["GET"]}}],"collection":[{"href":"https:\/\/olemosaic.com\/pt-pt\/wp-json\/wp\/v2\/product"}],"about":[{"href":"https:\/\/olemosaic.com\/pt-pt\/wp-json\/wp\/v2\/types\/product"}],"wp:featuredmedia":[{"embeddable":true,"href":"https:\/\/olemosaic.com\/pt-pt\/wp-json\/wp\/v2\/media\/13921"}],"wp:attachment":[{"href":"https:\/\/olemosaic.com\/pt-pt\/wp-json\/wp\/v2\/media?parent=37282"}],"wp:term":[{"taxonomy":"product_brand","embeddable":true,"href":"https:\/\/olemosaic.com\/pt-pt\/wp-json\/wp\/v2\/product_brand?post=37282"},{"taxonomy":"product_cat","embeddable":true,"href":"https:\/\/olemosaic.com\/pt-pt\/wp-json\/wp\/v2\/product_cat?post=37282"},{"taxonomy":"product_tag","embeddable":true,"href":"https:\/\/olemosaic.com\/pt-pt\/wp-json\/wp\/v2\/product_tag?post=37282"}],"curies":[{"name":"wp","href":"https:\/\/api.w.org\/{rel}","templated":true}]}}