{"id":37281,"date":"2025-02-20T23:37:26","date_gmt":"2025-02-20T22:37:26","guid":{"rendered":"http:\/\/olemosaic.com\/producto\/4-bols-de-coco-de-13-x-6-cm-toro-y-bailaora\/"},"modified":"2025-07-25T19:03:20","modified_gmt":"2025-07-25T17:03:20","slug":"4-tacas-de-coco-de-13-x-6-cm-touro-e-bailarina","status":"publish","type":"product","link":"https:\/\/olemosaic.com\/pt-pt\/produto\/4-tacas-de-coco-de-13-x-6-cm-touro-e-bailarina\/","title":{"rendered":"4 Ta\u00e7as de coco de 13 x 6 cm. Touro e bailarina."},"content":{"rendered":"<p>Conjunto de 4 ta\u00e7as de coco decoradas com motivos ic\u00f3nicos da cultura espanhola, ideais para quem procura um souvenir aut\u00eantico que capte a ess\u00eancia de Espanha. Cada ta\u00e7a, com dimens\u00f5es de 13 x 6 cm, \u00e9 meticulosamente pintada \u00e0 m\u00e3o e apresenta um vibrante mosaico de cores em tons de rosa, azul e amarelo que lhe conferem um car\u00e1cter alegre e festivo. No interior, de cor branca, destacam-se ilustra\u00e7\u00f5es cuidadosamente elaboradas do emblem\u00e1tico touro e de uma bailarina em movimento, representando dois dos elementos mais representativos do folclore espanhol.<\/p>\n<p>Este conjunto n\u00e3o \u00e9 apenas perfeito para servir tapas, mas tamb\u00e9m funciona como um original elemento decorativo que evoca a rica tradi\u00e7\u00e3o cultural de Espanha. O touro, s\u00edmbolo da bravura e da tauromaquia, e a bailarina, que representa a paix\u00e3o do flamenco, fundem-se numa impressionante amostra de arte e cultura. As ta\u00e7as s\u00e3o ideais para os turistas que desejem levar para casa um peda\u00e7o da aut\u00eantica heran\u00e7a espanhola.<\/p>\n<p>Na Ol\u00e9 Mosaic, especializamo-nos na distribui\u00e7\u00e3o de souvenirs por grosso, e este conjunto de ta\u00e7as de coco \u00e9 uma excelente op\u00e7\u00e3o para lojas de presentes tur\u00edsticos que procuram produtos aut\u00eanticos e de qualidade. Com o seu design colorido e a sua liga\u00e7\u00e3o cultural, estas ta\u00e7as s\u00e3o uma recorda\u00e7\u00e3o perfeita de uma viagem inesquec\u00edvel por Espanha.<\/p>\n","protected":false},"excerpt":{"rendered":"<p>Conjunto de 4 ta\u00e7as de coco de 13 x 6 cm, decoradas com motivos ic\u00f3nicos da cultura espanhola: um touro e uma bailarina. Cada ta\u00e7a apresenta um design colorido com mosaicos em tons de rosa, azul e amarelo que lhe d\u00e3o um toque vibrante. O interior branco real\u00e7a as ilustra\u00e7\u00f5es, com efeito de pintura \u00e0 m\u00e3o, do emblem\u00e1tico touro e da bailarina em movimento. Perfeitas para servir tapas ou como originais elementos decorativos que evocam a ess\u00eancia de Espanha.<\/p>\n","protected":false},"featured_media":13920,"template":"","meta":{"_acf_changed":false},"product_brand":[],"product_cat":[513],"product_tag":[516],"class_list":{"0":"post-37281","1":"product","2":"type-product","3":"status-publish","4":"has-post-thumbnail","6":"product_cat-bols","7":"product_tag-animais","8":"pa_motivo-touros","10":"first","11":"instock","12":"shipping-taxable","13":"product-type-simple"},"acf":[],"_links":{"self":[{"href":"https:\/\/olemosaic.com\/pt-pt\/wp-json\/wp\/v2\/product\/37281","targetHints":{"allow":["GET"]}}],"collection":[{"href":"https:\/\/olemosaic.com\/pt-pt\/wp-json\/wp\/v2\/product"}],"about":[{"href":"https:\/\/olemosaic.com\/pt-pt\/wp-json\/wp\/v2\/types\/product"}],"wp:featuredmedia":[{"embeddable":true,"href":"https:\/\/olemosaic.com\/pt-pt\/wp-json\/wp\/v2\/media\/13920"}],"wp:attachment":[{"href":"https:\/\/olemosaic.com\/pt-pt\/wp-json\/wp\/v2\/media?parent=37281"}],"wp:term":[{"taxonomy":"product_brand","embeddable":true,"href":"https:\/\/olemosaic.com\/pt-pt\/wp-json\/wp\/v2\/product_brand?post=37281"},{"taxonomy":"product_cat","embeddable":true,"href":"https:\/\/olemosaic.com\/pt-pt\/wp-json\/wp\/v2\/product_cat?post=37281"},{"taxonomy":"product_tag","embeddable":true,"href":"https:\/\/olemosaic.com\/pt-pt\/wp-json\/wp\/v2\/product_tag?post=37281"}],"curies":[{"name":"wp","href":"https:\/\/api.w.org\/{rel}","templated":true}]}}