{"id":37280,"date":"2025-02-20T23:37:26","date_gmt":"2025-02-20T22:37:26","guid":{"rendered":"http:\/\/olemosaic.com\/producto\/4-bols-de-coco-de-13-x-6-cm-toro-3\/"},"modified":"2025-07-25T18:50:16","modified_gmt":"2025-07-25T16:50:16","slug":"4-tacas-de-coco-de-13-x-6-cm-touro-3","status":"publish","type":"product","link":"https:\/\/olemosaic.com\/pt-pt\/produto\/4-tacas-de-coco-de-13-x-6-cm-touro-3\/","title":{"rendered":"4 Ta\u00e7as de coco de 13 x 6 cm. Motivos florais. Touro."},"content":{"rendered":"<p>Este conjunto de 4 ta\u00e7as de coco \u00e9 uma aut\u00eantica joia artesanal que encapsula a ess\u00eancia do patrim\u00f3nio cultural espanhol. Com dimens\u00f5es de 13 x 6 cm cada uma, estas ta\u00e7as est\u00e3o decoradas com a ic\u00f3nica figura do touro espanhol, um s\u00edmbolo de for\u00e7a e tradi\u00e7\u00e3o na cultura ib\u00e9rica. Cada ta\u00e7a apresenta um design \u00fanico, adornado com mosaicos de cores vibrantes que incluem flores e formas geom\u00e9tricas, criando um apelo visual que anima qualquer mesa ou espa\u00e7o decorativo.<\/p>\n<p>Os touros, representados com um acabamento em castanho profundo, destacam-se intensamente sobre um fundo de texturas variadas, o que dota cada pe\u00e7a de um car\u00e1cter singular e aut\u00eantico. Os mosaicos, compostos por uma paleta de cores que inclui azuis, amarelos e laranjas, conferem um ar alegre e festivo, tornando este conjunto uma maravilhosa adi\u00e7\u00e3o para reuni\u00f5es sociais ou momentos especiais.<\/p>\n<p>Estas ta\u00e7as n\u00e3o s\u00e3o apenas funcionais e decorativas, mas tamb\u00e9m representam um excelente souvenir para turistas que procuram levar um peda\u00e7o da rica cultura espanhola. Na Ol\u00e9 Mosaic, como grossistas de souvenirs aut\u00eanticos, oferecemos este conjunto que celebra o artesanato e as tradi\u00e7\u00f5es de Espanha, tornando-o uma op\u00e7\u00e3o excelente para lojas de presentes tur\u00edsticos que procuram proporcionar aos seus clientes recorda\u00e7\u00f5es memor\u00e1veis e representativas da cultura ib\u00e9rica.<\/p>\n","protected":false},"excerpt":{"rendered":"<p>Conjunto de 4 ta\u00e7as de coco de 13 x 6 cm, decoradas com motivos do emblem\u00e1tico touro espanhol. Cada ta\u00e7a apresenta um design \u00fanico, com mosaicos de cores vibrantes, incluindo flores e formas geom\u00e9tricas que real\u00e7am o seu apelo visual. Os touros, representados com um acabamento em castanho, destacam-se sobre um fundo de texturas variadas. Esta cole\u00e7\u00e3o \u00e9 perfeita para dar um toque cultural e alegre a qualquer mesa ou espa\u00e7o decorativo.<\/p>\n","protected":false},"featured_media":13919,"template":"","meta":{"_acf_changed":false},"product_brand":[],"product_cat":[513],"product_tag":[516],"class_list":{"0":"post-37280","1":"product","2":"type-product","3":"status-publish","4":"has-post-thumbnail","6":"product_cat-bols","7":"product_tag-animais","8":"pa_motivo-touros","10":"first","11":"instock","12":"shipping-taxable","13":"product-type-simple"},"acf":[],"_links":{"self":[{"href":"https:\/\/olemosaic.com\/pt-pt\/wp-json\/wp\/v2\/product\/37280","targetHints":{"allow":["GET"]}}],"collection":[{"href":"https:\/\/olemosaic.com\/pt-pt\/wp-json\/wp\/v2\/product"}],"about":[{"href":"https:\/\/olemosaic.com\/pt-pt\/wp-json\/wp\/v2\/types\/product"}],"wp:featuredmedia":[{"embeddable":true,"href":"https:\/\/olemosaic.com\/pt-pt\/wp-json\/wp\/v2\/media\/13919"}],"wp:attachment":[{"href":"https:\/\/olemosaic.com\/pt-pt\/wp-json\/wp\/v2\/media?parent=37280"}],"wp:term":[{"taxonomy":"product_brand","embeddable":true,"href":"https:\/\/olemosaic.com\/pt-pt\/wp-json\/wp\/v2\/product_brand?post=37280"},{"taxonomy":"product_cat","embeddable":true,"href":"https:\/\/olemosaic.com\/pt-pt\/wp-json\/wp\/v2\/product_cat?post=37280"},{"taxonomy":"product_tag","embeddable":true,"href":"https:\/\/olemosaic.com\/pt-pt\/wp-json\/wp\/v2\/product_tag?post=37280"}],"curies":[{"name":"wp","href":"https:\/\/api.w.org\/{rel}","templated":true}]}}