{"id":37278,"date":"2025-02-20T23:37:25","date_gmt":"2025-02-20T22:37:25","guid":{"rendered":"http:\/\/olemosaic.com\/producto\/4-bols-de-coco-de-13-x-6-cm-isla-mallorca-5\/"},"modified":"2025-07-25T18:56:58","modified_gmt":"2025-07-25T16:56:58","slug":"4-tacas-de-coco-de-13-x-6-cm-ilha-maiorca-5","status":"publish","type":"product","link":"https:\/\/olemosaic.com\/pt-pt\/produto\/4-tacas-de-coco-de-13-x-6-cm-ilha-maiorca-5\/","title":{"rendered":"4 Ta\u00e7as de coco de 13 x 6 cm. Padr\u00f5es de pontos. Ilha. Maiorca."},"content":{"rendered":"<p>Este jogo de 4 ta\u00e7as de coco, com medidas de 13 x 6 cm, \u00e9 uma vibrante amostra da ess\u00eancia mediterr\u00e2nica de Maiorca. Cada ta\u00e7a \u00e9 decorada artesanalmente com motivos exclusivos e cativantes que evocam a beleza e o esplendor das praias da ilha. Os designs incluem padr\u00f5es de pontos em tons azuis, rosas e amarelos, que conferem um toque alegre e colorido, perfeito para qualquer ocasi\u00e3o. Al\u00e9m disso, a sua superf\u00edcie suave e brilhante real\u00e7a a delicadeza de cada design, oferecendo um acabamento que combina eleg\u00e2ncia e frescura.<\/p>\n<p>Fabricadas de forma sustent\u00e1vel a partir de cascas de coco, estas ta\u00e7as n\u00e3o s\u00e3o apenas funcionais, ideais para servir aperitivos, frutos secos ou saladas, mas s\u00e3o tamb\u00e9m um precioso elemento decorativo que real\u00e7a qualquer mesa. A sua autenticidade e o cuidado na sua elabora\u00e7\u00e3o tornam-nas um souvenir representativo de Maiorca, perfeito para turistas que procuram uma recorda\u00e7\u00e3o especial que reflita a cultura e a tradi\u00e7\u00e3o local.<\/p>\n<p>Na Ol\u00e9 Mosaic, destacamo-nos na distribui\u00e7\u00e3o destes encantadores souvenirs por grosso, ideais para lojas de presentes tur\u00edsticos que desejem oferecer produtos \u00fanicos e de qualidade. Este jogo de ta\u00e7as de coco \u00e9 uma op\u00e7\u00e3o requintada que fala da autenticidade do design artesanal e do estilo de vida mediterr\u00e2nico.<\/p>\n","protected":false},"excerpt":{"rendered":"<p>Conjunto de 4 ta\u00e7as de coco de 13 x 6 cm, decoradas com chamativos motivos em cores vibrantes. Cada ta\u00e7a apresenta um design \u00fanico, com padr\u00f5es de pontos em tons azuis, rosas e amarelos, que evocam a beleza das praias de Maiorca. Fabricadas artesanalmente, estas ta\u00e7as s\u00e3o perfeitas para servir aperitivos ou como elemento decorativo, adicionando um toque mediterr\u00e2nico e alegre a qualquer mesa.<\/p>\n","protected":false},"featured_media":13917,"template":"","meta":{"_acf_changed":false},"product_brand":[],"product_cat":[513],"product_tag":[],"class_list":{"0":"post-37278","1":"product","2":"type-product","3":"status-publish","4":"has-post-thumbnail","6":"product_cat-bols","7":"pa_ciudad-mallorca","8":"pa_motivo-ilhas","9":"pa_pais-espana","11":"first","12":"instock","13":"shipping-taxable","14":"product-type-simple"},"acf":[],"_links":{"self":[{"href":"https:\/\/olemosaic.com\/pt-pt\/wp-json\/wp\/v2\/product\/37278","targetHints":{"allow":["GET"]}}],"collection":[{"href":"https:\/\/olemosaic.com\/pt-pt\/wp-json\/wp\/v2\/product"}],"about":[{"href":"https:\/\/olemosaic.com\/pt-pt\/wp-json\/wp\/v2\/types\/product"}],"wp:featuredmedia":[{"embeddable":true,"href":"https:\/\/olemosaic.com\/pt-pt\/wp-json\/wp\/v2\/media\/13917"}],"wp:attachment":[{"href":"https:\/\/olemosaic.com\/pt-pt\/wp-json\/wp\/v2\/media?parent=37278"}],"wp:term":[{"taxonomy":"product_brand","embeddable":true,"href":"https:\/\/olemosaic.com\/pt-pt\/wp-json\/wp\/v2\/product_brand?post=37278"},{"taxonomy":"product_cat","embeddable":true,"href":"https:\/\/olemosaic.com\/pt-pt\/wp-json\/wp\/v2\/product_cat?post=37278"},{"taxonomy":"product_tag","embeddable":true,"href":"https:\/\/olemosaic.com\/pt-pt\/wp-json\/wp\/v2\/product_tag?post=37278"}],"curies":[{"name":"wp","href":"https:\/\/api.w.org\/{rel}","templated":true}]}}