{"id":37275,"date":"2025-02-20T23:37:25","date_gmt":"2025-02-20T22:37:25","guid":{"rendered":"http:\/\/olemosaic.com\/producto\/4-bols-de-coco-de-13-x-6-cm-toro-2\/"},"modified":"2025-07-25T20:25:12","modified_gmt":"2025-07-25T18:25:12","slug":"4-tacas-de-coco-de-13-x-6-cm-touro-2","status":"publish","type":"product","link":"https:\/\/olemosaic.com\/pt-pt\/produto\/4-tacas-de-coco-de-13-x-6-cm-touro-2\/","title":{"rendered":"4 Ta\u00e7as de coco de 13 x 6 cm. Azul, rosa, amarelo e lil\u00e1s. Touro."},"content":{"rendered":"<p>Este conjunto de quatro ta\u00e7as de coco, decoradas com o ic\u00f3nico s\u00edmbolo do touro espanhol, \u00e9 um produto que funde tradi\u00e7\u00e3o e artesanato numa pe\u00e7a \u00fanica, ideal para qualquer amante da cultura espanhola. Cada ta\u00e7a, de 13 x 6 cm, apresenta um design vibrante e colorido, real\u00e7ado por um acabamento brilhante que destaca a sua forma arredondada. Os detalhes em azul, rosa, amarelo e lil\u00e1s conferem um toque alegre e festivo, enquanto os motivos de pontos em diversos tons d\u00e3o vida \u00e0 superf\u00edcie, tornando cada ta\u00e7a numa pequena obra de arte.<\/p>\n<p>No centro de cada ta\u00e7a encontra-se a representa\u00e7\u00e3o do touro, impressa num tom castanho quente, evocando a paix\u00e3o e o folclore que rodeia este emblem\u00e1tico animal, fundamental na cultura espanhola. Este conjunto n\u00e3o \u00e9 apenas funcional, ideal para servir aperitivos, mas tamb\u00e9m perfeito como elemento decorativo que adiciona um toque aut\u00eantico a qualquer casa. Sendo uma recorda\u00e7\u00e3o de Espanha, cada ta\u00e7a capta a ess\u00eancia da sua rica heran\u00e7a cultural, tornando-a numa recorda\u00e7\u00e3o representativa que encantar\u00e1 os turistas que procuram um peda\u00e7o de Espanha.<\/p>\n<p>Na Ol\u00e9 Mosaic, especializamo-nos na distribui\u00e7\u00e3o de recorda\u00e7\u00f5es por grosso, oferecendo produtos aut\u00eanticos que refletem a tradi\u00e7\u00e3o e a beleza de Espanha. Este conjunto de ta\u00e7as de coco \u00e9 uma excelente op\u00e7\u00e3o para lojas de presentes tur\u00edsticos que procuram artigos exclusivos e culturais. Como grossistas de recorda\u00e7\u00f5es, garantimos a qualidade e autenticidade em cada um dos nossos produtos.<\/p>\n","protected":false},"excerpt":{"rendered":"<p>Conjunto de 4 ta\u00e7as de coco de 13 x 6 cm decoradas com um s\u00edmbolo ic\u00f3nico do folclore espanhol: o touro. Cada ta\u00e7a apresenta um design \u00fanico com detalhes coloridos em azul, rosa, amarelo e lil\u00e1s, real\u00e7ados por um acabamento brilhante que destaca a sua forma arredondada. Os motivos de pontos em tons variados conferem um toque vibrante, enquanto a imagem do touro, impressa num tom castanho quente, incorpora um aspeto cultural distintivo, ideal para servir aperitivos ou como elemento decorativo.<\/p>\n","protected":false},"featured_media":13914,"template":"","meta":{"_acf_changed":false},"product_brand":[],"product_cat":[513],"product_tag":[516],"class_list":{"0":"post-37275","1":"product","2":"type-product","3":"status-publish","4":"has-post-thumbnail","6":"product_cat-bols","7":"product_tag-animais","8":"pa_motivo-touros","10":"first","11":"instock","12":"shipping-taxable","13":"product-type-simple"},"acf":[],"_links":{"self":[{"href":"https:\/\/olemosaic.com\/pt-pt\/wp-json\/wp\/v2\/product\/37275","targetHints":{"allow":["GET"]}}],"collection":[{"href":"https:\/\/olemosaic.com\/pt-pt\/wp-json\/wp\/v2\/product"}],"about":[{"href":"https:\/\/olemosaic.com\/pt-pt\/wp-json\/wp\/v2\/types\/product"}],"wp:featuredmedia":[{"embeddable":true,"href":"https:\/\/olemosaic.com\/pt-pt\/wp-json\/wp\/v2\/media\/13914"}],"wp:attachment":[{"href":"https:\/\/olemosaic.com\/pt-pt\/wp-json\/wp\/v2\/media?parent=37275"}],"wp:term":[{"taxonomy":"product_brand","embeddable":true,"href":"https:\/\/olemosaic.com\/pt-pt\/wp-json\/wp\/v2\/product_brand?post=37275"},{"taxonomy":"product_cat","embeddable":true,"href":"https:\/\/olemosaic.com\/pt-pt\/wp-json\/wp\/v2\/product_cat?post=37275"},{"taxonomy":"product_tag","embeddable":true,"href":"https:\/\/olemosaic.com\/pt-pt\/wp-json\/wp\/v2\/product_tag?post=37275"}],"curies":[{"name":"wp","href":"https:\/\/api.w.org\/{rel}","templated":true}]}}