{"id":37272,"date":"2025-02-20T23:37:24","date_gmt":"2025-02-20T22:37:24","guid":{"rendered":"http:\/\/olemosaic.com\/producto\/colgador-de-ceramica-sardinas-6\/"},"modified":"2025-07-25T18:34:12","modified_gmt":"2025-07-25T16:34:12","slug":"cabide-de-ceramica-sardinhas-6","status":"publish","type":"product","link":"https:\/\/olemosaic.com\/pt-pt\/produto\/cabide-de-ceramica-sardinhas-6\/","title":{"rendered":"Cabide de cer\u00e2mica. Sardinhas."},"content":{"rendered":"<p>Este cabide de cer\u00e2mica com forma de sardinha \u00e9 uma recorda\u00e7\u00e3o atraente que evoca a ess\u00eancia do Mediterr\u00e2neo. Com um design vibrante que real\u00e7a as suas escamas em tons de azul, laranja e amarelo, este artigo capta a vitalidade das costas espanholas e a sua rica tradi\u00e7\u00e3o piscat\u00f3ria. Pintado \u00e0 m\u00e3o, cada cabide destaca-se pela sua meticulosa t\u00e9cnica artesanal, o que garante que cada pe\u00e7a seja \u00fanica e um testemunho do talento local. A sua forma estilizada e as cores vivas conferem um toque alegre a qualquer ambiente, tornando-o num elemento decorativo ideal para casas, lojas ou espa\u00e7os mediterr\u00e2nicos.<\/p>\n<p>A sardinha, t\u00e3o emblem\u00e1tica na cultura gastron\u00f3mica e piscat\u00f3ria de Espanha, n\u00e3o \u00e9 apenas um s\u00edmbolo da riqueza marinha da regi\u00e3o, mas tamb\u00e9m uma representa\u00e7\u00e3o da arte popular que se sente em cada canto do litoral. Este cabide n\u00e3o s\u00f3 cumpre uma fun\u00e7\u00e3o pr\u00e1tica, como tamb\u00e9m atua como uma recorda\u00e7\u00e3o do sabor do mar e das tradi\u00e7\u00f5es locais. Na Ol\u00e9 Mosaic, como distribuidores de recorda\u00e7\u00f5es por grosso, oferecemos esta encantadora recorda\u00e7\u00e3o que ser\u00e1 uma excelente op\u00e7\u00e3o para lojas de presentes tur\u00edsticos que procurem artigos aut\u00eanticos e representativos. Este cabide de sardinha \u00e9, sem d\u00favida, um presente perfeito para quem deseja levar consigo um pedacinho da cultura mediterr\u00e2nica.<\/p>\n","protected":false},"excerpt":{"rendered":"<p>Cabide de cer\u00e2mica com forma de sardinha, uma recorda\u00e7\u00e3o encantadora que capta a ess\u00eancia do mar. Este artigo colorido apresenta um design vibrante de escamas em tons de azul, laranja e amarelo, conferindo un toque alegre a qualquer espa\u00e7o. Pintado com estilo artesanal, destaca-se pela sua t\u00e9cnica artesanal e pelo cuidado no detalhe, ideal para decora\u00e7\u00f5es mediterr\u00e2nicas. Cada pe\u00e7a \u00e9 \u00fanica e celebra a tradi\u00e7\u00e3o piscat\u00f3ria da regi\u00e3o, tornando-o num presente perfeito.<\/p>\n","protected":false},"featured_media":8937,"template":"","meta":{"_acf_changed":false},"product_brand":[],"product_cat":[792],"product_tag":[516,515],"class_list":{"0":"post-37272","1":"product","2":"type-product","3":"status-publish","4":"has-post-thumbnail","6":"product_cat-cabides","7":"product_tag-animais","8":"product_tag-ceramica","9":"pa_motivo-sardinhas","11":"first","12":"instock","13":"shipping-taxable","14":"product-type-simple"},"acf":[],"_links":{"self":[{"href":"https:\/\/olemosaic.com\/pt-pt\/wp-json\/wp\/v2\/product\/37272","targetHints":{"allow":["GET"]}}],"collection":[{"href":"https:\/\/olemosaic.com\/pt-pt\/wp-json\/wp\/v2\/product"}],"about":[{"href":"https:\/\/olemosaic.com\/pt-pt\/wp-json\/wp\/v2\/types\/product"}],"wp:featuredmedia":[{"embeddable":true,"href":"https:\/\/olemosaic.com\/pt-pt\/wp-json\/wp\/v2\/media\/8937"}],"wp:attachment":[{"href":"https:\/\/olemosaic.com\/pt-pt\/wp-json\/wp\/v2\/media?parent=37272"}],"wp:term":[{"taxonomy":"product_brand","embeddable":true,"href":"https:\/\/olemosaic.com\/pt-pt\/wp-json\/wp\/v2\/product_brand?post=37272"},{"taxonomy":"product_cat","embeddable":true,"href":"https:\/\/olemosaic.com\/pt-pt\/wp-json\/wp\/v2\/product_cat?post=37272"},{"taxonomy":"product_tag","embeddable":true,"href":"https:\/\/olemosaic.com\/pt-pt\/wp-json\/wp\/v2\/product_tag?post=37272"}],"curies":[{"name":"wp","href":"https:\/\/api.w.org\/{rel}","templated":true}]}}