{"id":37269,"date":"2025-02-20T23:37:24","date_gmt":"2025-02-20T22:37:24","guid":{"rendered":"http:\/\/olemosaic.com\/producto\/colgador-de-ceramica-sardinas-5\/"},"modified":"2025-07-25T18:34:09","modified_gmt":"2025-07-25T16:34:09","slug":"cabide-de-ceramica-sardinhas-5","status":"publish","type":"product","link":"https:\/\/olemosaic.com\/pt-pt\/produto\/cabide-de-ceramica-sardinhas-5\/","title":{"rendered":"Cabide de cer\u00e2mica. Sardinhas. Azul."},"content":{"rendered":"<p>Descubra o encantador cabide de cer\u00e2mica em forma de sardinha, uma joia da arte portuguesa desenhada para conferir um toque alegre e colorido ao seu lar. Este produto artesanal, fabricado com um cuidado acabamento pintado \u00e0 m\u00e3o, destaca-se pelos seus vibrantes tons azuis que evocam as \u00e1guas cristalinas da costa portuguesa. Com a sua carinha simp\u00e1tica e a sua textura agrad\u00e1vel, este cabide combina funcionalidade e beleza, tornando-se um elemento decorativo ideal para qualquer espa\u00e7o, desde cozinhas a salas.<\/p>\n<p>Os intrincados motivos de cer\u00e2mica tradicional que adornam o cabide refletem a rica heran\u00e7a cultural de Portugal, simbolizando a liga\u00e7\u00e3o do pa\u00eds com o mar e a sua rica gastronomia, onde a sardinha \u00e9 um prato emblem\u00e1tico. Este souvenir n\u00e3o \u00e9 apenas um cabide pr\u00e1tico, mas tamb\u00e9m uma recorda\u00e7\u00e3o do calor e da hospitalidade da cultura portuguesa.<\/p>\n<p>Perfeito para turistas que procuram recorda\u00e7\u00f5es aut\u00eanticas, este cabide de sardinha \u00e9 uma excelente op\u00e7\u00e3o para quem deseja levar para casa um pedacinho da ess\u00eancia costeira de Portugal. Na Ol\u00e9 Mosaic, orgulhamo-nos de oferecer souvenirs de cer\u00e2mica aut\u00eanticos e artesanais por grosso que celebram a tradi\u00e7\u00e3o e a criatividade da regi\u00e3o. Este cabide \u00e9 uma maravilhosa adi\u00e7\u00e3o para lojas de presentes tur\u00edsticos que procuram oferecer produtos \u00fanicos e representativos.<\/p>\n","protected":false},"excerpt":{"rendered":"<p>Cabide de cer\u00e2mica em forma de sardinha, desenhado em vibrantes tons azuis e com detalhes decorativos. Este produto artesanal apresenta um acabamento de design artesanal, pintado \u00e0 m\u00e3o, incorporando motivos de cer\u00e2mica tradicional que evocam a ess\u00eancia costeira de Portugal. Com um design alegre e simp\u00e1tico, que inclui uma carinha e uma textura atrativa, este cabide \u00e9 uma pe\u00e7a funcional e decorativa perfeita para qualquer lar que deseje real\u00e7ar as suas ra\u00edzes marinhas.<\/p>\n","protected":false},"featured_media":8940,"template":"","meta":{"_acf_changed":false},"product_brand":[],"product_cat":[792],"product_tag":[516,515],"class_list":{"0":"post-37269","1":"product","2":"type-product","3":"status-publish","4":"has-post-thumbnail","6":"product_cat-cabides","7":"product_tag-animais","8":"product_tag-ceramica","9":"pa_motivo-sardinhas","11":"first","12":"instock","13":"shipping-taxable","14":"product-type-simple"},"acf":[],"_links":{"self":[{"href":"https:\/\/olemosaic.com\/pt-pt\/wp-json\/wp\/v2\/product\/37269","targetHints":{"allow":["GET"]}}],"collection":[{"href":"https:\/\/olemosaic.com\/pt-pt\/wp-json\/wp\/v2\/product"}],"about":[{"href":"https:\/\/olemosaic.com\/pt-pt\/wp-json\/wp\/v2\/types\/product"}],"wp:featuredmedia":[{"embeddable":true,"href":"https:\/\/olemosaic.com\/pt-pt\/wp-json\/wp\/v2\/media\/8940"}],"wp:attachment":[{"href":"https:\/\/olemosaic.com\/pt-pt\/wp-json\/wp\/v2\/media?parent=37269"}],"wp:term":[{"taxonomy":"product_brand","embeddable":true,"href":"https:\/\/olemosaic.com\/pt-pt\/wp-json\/wp\/v2\/product_brand?post=37269"},{"taxonomy":"product_cat","embeddable":true,"href":"https:\/\/olemosaic.com\/pt-pt\/wp-json\/wp\/v2\/product_cat?post=37269"},{"taxonomy":"product_tag","embeddable":true,"href":"https:\/\/olemosaic.com\/pt-pt\/wp-json\/wp\/v2\/product_tag?post=37269"}],"curies":[{"name":"wp","href":"https:\/\/api.w.org\/{rel}","templated":true}]}}