{"id":37268,"date":"2025-02-20T23:37:24","date_gmt":"2025-02-20T22:37:24","guid":{"rendered":"http:\/\/olemosaic.com\/producto\/colgador-de-ceramica-sardinas-4\/"},"modified":"2025-07-25T19:11:25","modified_gmt":"2025-07-25T17:11:25","slug":"cabide-de-ceramica-sardinhas-4","status":"publish","type":"product","link":"https:\/\/olemosaic.com\/pt-pt\/produto\/cabide-de-ceramica-sardinhas-4\/","title":{"rendered":"Cabide de cer\u00e2mica. Sardinhas."},"content":{"rendered":"<p>Este cabide de cer\u00e2mica em forma de sardinha \u00e9 uma pe\u00e7a vibrante que capta a ess\u00eancia da cultura mediterr\u00e2nea. O seu design pintado \u00e0 m\u00e3o destaca-se por chamativos motivos geom\u00e9tricos em tons vermelhos e azuis, evocando a frescura e o dinamismo da vida marinha. A sardinha, com um rosto expressivo e detalhes art\u00edsticos meticulosamente elaborados, torna-se um elemento decorativo ideal para adicionar um toque divertido e colorido a qualquer espa\u00e7o da casa, seja na cozinha ou na sala.<\/p>\n<p>A escolha da sardinha como motivo real\u00e7a a import\u00e2ncia deste peixe na gastronomia e na tradi\u00e7\u00e3o costeira, especialmente em regi\u00f5es como a Andaluzia, onde as celebra\u00e7\u00f5es em torno da pesca s\u00e3o comuns. Este cabide n\u00e3o \u00e9 apenas funcional, mas tamb\u00e9m representa um fragmento do folclore espanhol, sendo uma excelente recorda\u00e7\u00e3o que evoca o calor e a alegria do ambiente mediterr\u00e2neo. Na Ol\u00e9 Mosaic, orgulhamo-nos de oferecer recorda\u00e7\u00f5es aut\u00eanticas, e este cabide de cer\u00e2mica \u00e9 uma op\u00e7\u00e3o ideal para lojas de presentes tur\u00edsticos que procuram produtos distintivos. \u00c9 perfeito para aqueles turistas que desejam levar uma recorda\u00e7\u00e3o colorida e representativa da sua experi\u00eancia. Como distribuidores de souvenirs, garantimos produtos que captam a rica heran\u00e7a cultural de Espanha, incluindo este encantador cabide de sardinhas.<\/p>\n","protected":false},"excerpt":{"rendered":"<p>Cabide de cer\u00e2mica em forma de sardinha, decorado com motivos geom\u00e9tricos vibrantes em tons vermelhos e azuis. Este produto artesanal, perfeito para dar um toque divertido a qualquer espa\u00e7o, apresenta um design artesanal, pintado \u00e0 m\u00e3o, que evoca a cultura marinha t\u00edpica da costa mediterr\u00e2nea. A sardinha, com o seu rosto alegre e detalhes meticulosamente elaborados, \u00e9 ideal para pendurar na cozinha ou como elemento decorativo em casa.<\/p>\n","protected":false},"featured_media":8938,"template":"","meta":{"_acf_changed":false},"product_brand":[],"product_cat":[792],"product_tag":[516,515],"class_list":{"0":"post-37268","1":"product","2":"type-product","3":"status-publish","4":"has-post-thumbnail","6":"product_cat-cabides","7":"product_tag-animais","8":"product_tag-ceramica","9":"pa_motivo-sardinhas","11":"first","12":"instock","13":"shipping-taxable","14":"product-type-simple"},"acf":[],"_links":{"self":[{"href":"https:\/\/olemosaic.com\/pt-pt\/wp-json\/wp\/v2\/product\/37268","targetHints":{"allow":["GET"]}}],"collection":[{"href":"https:\/\/olemosaic.com\/pt-pt\/wp-json\/wp\/v2\/product"}],"about":[{"href":"https:\/\/olemosaic.com\/pt-pt\/wp-json\/wp\/v2\/types\/product"}],"wp:featuredmedia":[{"embeddable":true,"href":"https:\/\/olemosaic.com\/pt-pt\/wp-json\/wp\/v2\/media\/8938"}],"wp:attachment":[{"href":"https:\/\/olemosaic.com\/pt-pt\/wp-json\/wp\/v2\/media?parent=37268"}],"wp:term":[{"taxonomy":"product_brand","embeddable":true,"href":"https:\/\/olemosaic.com\/pt-pt\/wp-json\/wp\/v2\/product_brand?post=37268"},{"taxonomy":"product_cat","embeddable":true,"href":"https:\/\/olemosaic.com\/pt-pt\/wp-json\/wp\/v2\/product_cat?post=37268"},{"taxonomy":"product_tag","embeddable":true,"href":"https:\/\/olemosaic.com\/pt-pt\/wp-json\/wp\/v2\/product_tag?post=37268"}],"curies":[{"name":"wp","href":"https:\/\/api.w.org\/{rel}","templated":true}]}}