{"id":37267,"date":"2025-02-20T23:37:24","date_gmt":"2025-02-20T22:37:24","guid":{"rendered":"http:\/\/olemosaic.com\/producto\/colgador-de-ceramica-sardinas-3\/"},"modified":"2025-07-25T18:34:08","modified_gmt":"2025-07-25T16:34:08","slug":"cabide-de-ceramica-sardinhas-3","status":"publish","type":"product","link":"https:\/\/olemosaic.com\/pt-pt\/produto\/cabide-de-ceramica-sardinhas-3\/","title":{"rendered":"Cabide de cer\u00e2mica. Sardinhas. Portugal."},"content":{"rendered":"<p>Este cabide de cer\u00e2mica em forma de sardinha \u00e9 um objeto decorativo que capta a ess\u00eancia do folclore marinho da costa portuguesa. O seu design vibrante, pintado \u00e0 m\u00e3o, \u00e9 adornado com intrincados motivos de azulejos numa cativante combina\u00e7\u00e3o de tons azuis, laranjas e amarelos. A sardinha, um elemento emblem\u00e1tico da gastronomia portuguesa, n\u00e3o s\u00f3 representa a tradi\u00e7\u00e3o culin\u00e1ria, mas tamb\u00e9m o estilo de vida costeiro de Portugal, onde a pesca \u00e9 um pilar cultural.<\/p>\n<p>A forma estilizada desta sardinha, com a sua cauda bem definida e uma express\u00e3o amig\u00e1vel que se destaca no seu rosto, confere um toque de alegria e frescura a qualquer espa\u00e7o, seja na cozinha ou na sala de jantar. Perfeito para pendurar utens\u00edlios, chaves ou pequenas toalhas, este cabide n\u00e3o \u00e9 apenas funcional, mas tamb\u00e9m atua como uma recorda\u00e7\u00e3o colorida das tradi\u00e7\u00f5es mar\u00edtimas do pa\u00eds.<\/p>\n<p>Na Ol\u00e9 Mosaic, orgulhamo-nos de oferecer souvenirs aut\u00eanticos que refletem a rica cultura portuguesa. Este cabide de cer\u00e2mica \u00e9 uma excelente escolha para lojas de presentes tur\u00edsticos, proporcionando aos turistas a oportunidade de levar um peda\u00e7o da aut\u00eantica tradi\u00e7\u00e3o de Portugal. Com a nossa especializa\u00e7\u00e3o na distribui\u00e7\u00e3o por grosso de produtos decorativos, garantimos que cada pe\u00e7a seja representativa da sua heran\u00e7a cultural e uma recorda\u00e7\u00e3o inesquec\u00edvel.<\/p>\n","protected":false},"excerpt":{"rendered":"<p>Cabide de cer\u00e2mica em forma de sardinha, decorado com motivos vibrantes de azulejos em tons azuis, laranjas e amarelos. Este design artesanal, pintado \u00e0 m\u00e3o, capta a ess\u00eancia do folclore marinho da costa portuguesa. A sua forma estilizada e a sua decora\u00e7\u00e3o alegre tornam-no num elemento decorativo distintivo, ideal para a cozinha ou a sala de jantar, adicionando um toque colorido e cultural a qualquer espa\u00e7o.<\/p>\n","protected":false},"featured_media":8939,"template":"","meta":{"_acf_changed":false},"product_brand":[],"product_cat":[792],"product_tag":[516,515],"class_list":{"0":"post-37267","1":"product","2":"type-product","3":"status-publish","4":"has-post-thumbnail","6":"product_cat-cabides","7":"product_tag-animais","8":"product_tag-ceramica","9":"pa_motivo-sardinhas","11":"first","12":"instock","13":"shipping-taxable","14":"product-type-simple"},"acf":[],"_links":{"self":[{"href":"https:\/\/olemosaic.com\/pt-pt\/wp-json\/wp\/v2\/product\/37267","targetHints":{"allow":["GET"]}}],"collection":[{"href":"https:\/\/olemosaic.com\/pt-pt\/wp-json\/wp\/v2\/product"}],"about":[{"href":"https:\/\/olemosaic.com\/pt-pt\/wp-json\/wp\/v2\/types\/product"}],"wp:featuredmedia":[{"embeddable":true,"href":"https:\/\/olemosaic.com\/pt-pt\/wp-json\/wp\/v2\/media\/8939"}],"wp:attachment":[{"href":"https:\/\/olemosaic.com\/pt-pt\/wp-json\/wp\/v2\/media?parent=37267"}],"wp:term":[{"taxonomy":"product_brand","embeddable":true,"href":"https:\/\/olemosaic.com\/pt-pt\/wp-json\/wp\/v2\/product_brand?post=37267"},{"taxonomy":"product_cat","embeddable":true,"href":"https:\/\/olemosaic.com\/pt-pt\/wp-json\/wp\/v2\/product_cat?post=37267"},{"taxonomy":"product_tag","embeddable":true,"href":"https:\/\/olemosaic.com\/pt-pt\/wp-json\/wp\/v2\/product_tag?post=37267"}],"curies":[{"name":"wp","href":"https:\/\/api.w.org\/{rel}","templated":true}]}}