{"id":37266,"date":"2025-02-20T23:37:23","date_gmt":"2025-02-20T22:37:23","guid":{"rendered":"http:\/\/olemosaic.com\/producto\/colgador-de-ceramica-sardinas-mosaico-2\/"},"modified":"2025-07-25T19:01:11","modified_gmt":"2025-07-25T17:01:11","slug":"cabide-de-ceramica-sardinhas-mosaico-2","status":"publish","type":"product","link":"https:\/\/olemosaic.com\/pt-pt\/produto\/cabide-de-ceramica-sardinhas-mosaico-2\/","title":{"rendered":"Cabide de cer\u00e2mica. Sardinhas. Mosaico. Portugal."},"content":{"rendered":"<p>Este cabide de cer\u00e2mica em forma de sardinha \u00e9 um exemplo aut\u00eantico da rica tradi\u00e7\u00e3o artesanal portuguesa, perfeito para decorar e adicionar um toque mediterr\u00e2nico a qualquer ambiente. Elaborado em cer\u00e2mica e pintado \u00e0 m\u00e3o, este encantador cabide destaca-se pelo seu vibrante mosaico, que reflete a diversidade cultural do Algarve e de toda a costa portuguesa. A superf\u00edcie do cabide est\u00e1 adornada com uma paleta de cores vivas, incluindo azuis, vermelhos e verdes, complementados com motivos florais e geom\u00e9tricos que evocam a ess\u00eancia do folclore portugu\u00eas. Este design n\u00e3o s\u00f3 \u00e9 visualmente impactante, como tamb\u00e9m resulta funcional e pr\u00e1tico para qualquer espa\u00e7o da casa.<\/p>\n<p>A figura da sardinha n\u00e3o \u00e9 apenas um elemento decorativo; simboliza a gastronomia e a tradi\u00e7\u00e3o piscat\u00f3ria de Portugal, o que torna este cabide uma lembran\u00e7a emblem\u00e1tica para os turistas que desejam levar um pedacinho da cultura ib\u00e9rica. Na Ol\u00e9 Mosaic, orgulhamo-nos de oferecer lembran\u00e7as aut\u00eanticas que representam a ess\u00eancia de cada regi\u00e3o, e este cabide de cer\u00e2mica \u00e9 uma excelente op\u00e7\u00e3o para lojas de presentes tur\u00edsticos que procuram produtos originais e de qualidade. O cabide de sardinha \u00e9, sem d\u00favida, uma recorda\u00e7\u00e3o perfeita que combina arte e funcionalidade, ideal para aqueles que anseiam por um fragmento da beleza do Mediterr\u00e2neo.<\/p>\n","protected":false},"excerpt":{"rendered":"<p>Cabide de cer\u00e2mica em forma de sardinha, decorado com um vibrante mosaico que evoca a tradi\u00e7\u00e3o cer\u00e2mica portuguesa. Este design artesanal, pintado \u00e0 m\u00e3o, apresenta uma variada paleta de cores, como azuis, vermelhos e verdes, complementada com motivos florais e geom\u00e9tricos t\u00edpicos da cultura mediterr\u00e2nica. Com um acabamento polido e elegante, este cabide \u00e9 perfeito para adicionar um toque art\u00edstico e funcional a qualquer espa\u00e7o, evocando o encanto do litoral ib\u00e9rico.<\/p>\n","protected":false},"featured_media":11245,"template":"","meta":{"_acf_changed":false},"product_brand":[],"product_cat":[792],"product_tag":[516,515],"class_list":{"0":"post-37266","1":"product","2":"type-product","3":"status-publish","4":"has-post-thumbnail","6":"product_cat-cabides","7":"product_tag-animais","8":"product_tag-ceramica","9":"pa_motivo-sardinhas","11":"first","12":"instock","13":"shipping-taxable","14":"product-type-simple"},"acf":[],"_links":{"self":[{"href":"https:\/\/olemosaic.com\/pt-pt\/wp-json\/wp\/v2\/product\/37266","targetHints":{"allow":["GET"]}}],"collection":[{"href":"https:\/\/olemosaic.com\/pt-pt\/wp-json\/wp\/v2\/product"}],"about":[{"href":"https:\/\/olemosaic.com\/pt-pt\/wp-json\/wp\/v2\/types\/product"}],"wp:featuredmedia":[{"embeddable":true,"href":"https:\/\/olemosaic.com\/pt-pt\/wp-json\/wp\/v2\/media\/11245"}],"wp:attachment":[{"href":"https:\/\/olemosaic.com\/pt-pt\/wp-json\/wp\/v2\/media?parent=37266"}],"wp:term":[{"taxonomy":"product_brand","embeddable":true,"href":"https:\/\/olemosaic.com\/pt-pt\/wp-json\/wp\/v2\/product_brand?post=37266"},{"taxonomy":"product_cat","embeddable":true,"href":"https:\/\/olemosaic.com\/pt-pt\/wp-json\/wp\/v2\/product_cat?post=37266"},{"taxonomy":"product_tag","embeddable":true,"href":"https:\/\/olemosaic.com\/pt-pt\/wp-json\/wp\/v2\/product_tag?post=37266"}],"curies":[{"name":"wp","href":"https:\/\/api.w.org\/{rel}","templated":true}]}}