{"id":37255,"date":"2025-02-20T23:37:21","date_gmt":"2025-02-20T22:37:21","guid":{"rendered":"http:\/\/olemosaic.com\/producto\/4-bols-de-coco-de-13-x-6-cm-sardina-lisboa-11\/"},"modified":"2025-07-25T18:48:20","modified_gmt":"2025-07-25T16:48:20","slug":"4-tacas-de-coco-de-13-x-6-cm-sardinha-lisboa-11","status":"publish","type":"product","link":"https:\/\/olemosaic.com\/pt-pt\/produto\/4-tacas-de-coco-de-13-x-6-cm-sardinha-lisboa-11\/","title":{"rendered":"4 Ta\u00e7as de coco de 13 x 6 cm. Sardinha. Lisboa."},"content":{"rendered":"<p>Este conjunto de 4 ta\u00e7as de coco de cer\u00e2mica \u00e9 uma vibrante homenagem \u00e0 rica tradi\u00e7\u00e3o culin\u00e1ria de Lisboa, perfeito para quem deseja levar um pedacinho desta bela cidade para o seu lar. Cada ta\u00e7a, com medidas de 13 x 6 cm, exibe um design encantador com ilustra\u00e7\u00f5es delicadas de sardinhas, um s\u00edmbolo ic\u00f3nico da gastronomia portuguesa. Pintadas \u00e0 m\u00e3o, estas ta\u00e7as destacam-se pelo seu acabamento \u00fanico e colorido, dispon\u00edveis em quatro tonalidades vibrantes: azul, vermelho, laranja e rosa, com adornos decorativos em branco que conferem um toque de eleg\u00e2ncia e frescura.<\/p>\n<p>A t\u00e9cnica artesanal garante que cada pe\u00e7a seja singular, refletindo a destreza dos artes\u00e3os locais de Lisboa. Perfeitas para servir aperitivos ou como decora\u00e7\u00e3o em qualquer mesa, estas ta\u00e7as n\u00e3o s\u00e3o apenas funcionais, mas tamb\u00e9m acrescentam um ar colorido e atl\u00e2ntico a qualquer espa\u00e7o. A sardinha, al\u00e9m de ser um emblema da gastronomia da regi\u00e3o, evoca a vida marinha e a cultura local.<\/p>\n<p>Na Ol\u00e9 Mosaic, distribu\u00edmos estes exclusivos souvenirs de cer\u00e2mica por grosso, proporcionando \u00e0s lojas de presentes tur\u00edsticos a oportunidade de oferecer produtos aut\u00eanticos e representativos. Estas ta\u00e7as de sardinhas s\u00e3o uma excelente escolha para turistas que procuram recorda\u00e7\u00f5es aut\u00eanticas e de qualidade, encapsulando o esp\u00edrito de Lisboa em cada detalhe.<\/p>\n","protected":false},"excerpt":{"rendered":"<p>Ta\u00e7as de cer\u00e2mica com design de sardinhas, que evocam a tradi\u00e7\u00e3o culin\u00e1ria lisboeta. Cada ta\u00e7a mede 13 x 6 cm e est\u00e1 dispon\u00edvel em quatro cores vibrantes: azul, vermelho, laranja e rosa, todos com detalhes decorativos em branco. A t\u00e9cnica utilizada \u00e9 a pintura \u00e0 m\u00e3o, o que assegura um acabamento \u00fanico em cada pe\u00e7a. Estas bonitas ta\u00e7as s\u00e3o ideais para servir aperitivos ou como elemento decorativo, conferindo um toque colorido e atl\u00e2ntico a qualquer mesa.<\/p>\n","protected":false},"featured_media":13910,"template":"","meta":{"_acf_changed":false},"product_brand":[],"product_cat":[513],"product_tag":[516],"class_list":{"0":"post-37255","1":"product","2":"type-product","3":"status-publish","4":"has-post-thumbnail","6":"product_cat-bols","7":"product_tag-animais","8":"pa_ciudad-lisboa","9":"pa_motivo-sardinhas","10":"pa_pais-portugal","12":"first","13":"instock","14":"shipping-taxable","15":"product-type-simple"},"acf":[],"_links":{"self":[{"href":"https:\/\/olemosaic.com\/pt-pt\/wp-json\/wp\/v2\/product\/37255","targetHints":{"allow":["GET"]}}],"collection":[{"href":"https:\/\/olemosaic.com\/pt-pt\/wp-json\/wp\/v2\/product"}],"about":[{"href":"https:\/\/olemosaic.com\/pt-pt\/wp-json\/wp\/v2\/types\/product"}],"wp:featuredmedia":[{"embeddable":true,"href":"https:\/\/olemosaic.com\/pt-pt\/wp-json\/wp\/v2\/media\/13910"}],"wp:attachment":[{"href":"https:\/\/olemosaic.com\/pt-pt\/wp-json\/wp\/v2\/media?parent=37255"}],"wp:term":[{"taxonomy":"product_brand","embeddable":true,"href":"https:\/\/olemosaic.com\/pt-pt\/wp-json\/wp\/v2\/product_brand?post=37255"},{"taxonomy":"product_cat","embeddable":true,"href":"https:\/\/olemosaic.com\/pt-pt\/wp-json\/wp\/v2\/product_cat?post=37255"},{"taxonomy":"product_tag","embeddable":true,"href":"https:\/\/olemosaic.com\/pt-pt\/wp-json\/wp\/v2\/product_tag?post=37255"}],"curies":[{"name":"wp","href":"https:\/\/api.w.org\/{rel}","templated":true}]}}