{"id":37253,"date":"2025-02-20T23:37:21","date_gmt":"2025-02-20T22:37:21","guid":{"rendered":"http:\/\/olemosaic.com\/producto\/4-bols-de-coco-de-13-x-6-cm-caballito-de-mar-barcelona-4\/"},"modified":"2025-07-25T19:51:21","modified_gmt":"2025-07-25T17:51:21","slug":"4-tacas-de-coco-de-13-x-6-cm-cavalo-marinho-barcelona-4","status":"publish","type":"product","link":"https:\/\/olemosaic.com\/pt-pt\/produto\/4-tacas-de-coco-de-13-x-6-cm-cavalo-marinho-barcelona-4\/","title":{"rendered":"4 Ta\u00e7as de coco de 13 x 6 cm. Cavalo-marinho. Design em c\u00edrculos. Barcelona."},"content":{"rendered":"<p>Ta\u00e7as de Coco de Barcelona<\/p>\n<p>Estas encantadoras ta\u00e7as de coco, de 13 x 6 cm, s\u00e3o uma pe\u00e7a imprescind\u00edvel para os amantes da arte culin\u00e1ria e do design mediterr\u00e2nico. Inspiradas no belo fundo marinho de Barcelona, cada ta\u00e7a apresenta um design exclusivo e vibrante que capta a ess\u00eancia da cidade. Decoradas com alegres motivos de cavalos-marinhos, as ta\u00e7as destacam-se pelas suas bases brancas, que servem como tela perfeita para os coloridos toques de azul, rosa, dourado e violeta, dispostos em pequenos c\u00edrculos que evocam a alegria e o calor da costa catal\u00e3.<\/p>\n<p>A inscri\u00e7\u00e3o &#8220;Barcelona&#8221; em cada pe\u00e7a acrescenta um elemento de identidade cultural, tornando-as um presente memor\u00e1vel e representativo da cidade. Perfeitas para servir aperitivos, estas ta\u00e7as n\u00e3o s\u00e3o apenas pr\u00e1ticas, mas tamb\u00e9m decorativas, conferindo um toque do mar Mediterr\u00e2neo a qualquer mesa.<\/p>\n<p>Na Ol\u00e9 Mosaic, compreendemos a import\u00e2ncia de oferecer souvenirs aut\u00eanticos que realcem a cultura local. Estas ta\u00e7as de coco s\u00e3o ideais para turistas que desejam levar um pedacinho de Barcelona, bem como para lojas de presentes que procuram produtos atraentes e de qualidade. Como grossista de souvenirs, garantimos que cada ta\u00e7a seja uma express\u00e3o da rica heran\u00e7a cultural de Barcelona, desenhada para apaixonar qualquer visitante.<\/p>\n","protected":false},"excerpt":{"rendered":"<p>Ta\u00e7as de coco de 13 x 6 cm, inspiradas no fundo marinho de Barcelona, decoradas com motivos de cavalos-marinhos. Cada ta\u00e7a apresenta um design \u00fanico, com base branca e toques coloridos de azul, rosa, dourado e violeta em forma de pequenos c\u00edrculos. A inscri\u00e7\u00e3o \u00abBarcelona\u00bb est\u00e1 elegantemente situada, tornando cada pe\u00e7a um atraente souvenir cultural. Perfeitas para servir aperitivos ou como elemento decorativo, acrescentam um toque mediterr\u00e2nico a qualquer lar.<\/p>\n","protected":false},"featured_media":13908,"template":"","meta":{"_acf_changed":false},"product_brand":[],"product_cat":[513],"product_tag":[516],"class_list":{"0":"post-37253","1":"product","2":"type-product","3":"status-publish","4":"has-post-thumbnail","6":"product_cat-bols","7":"product_tag-animais","8":"pa_ciudad-barcelona","9":"pa_motivo-cavalos-marinhos","10":"pa_pais-espana","12":"first","13":"instock","14":"shipping-taxable","15":"product-type-simple"},"acf":[],"_links":{"self":[{"href":"https:\/\/olemosaic.com\/pt-pt\/wp-json\/wp\/v2\/product\/37253","targetHints":{"allow":["GET"]}}],"collection":[{"href":"https:\/\/olemosaic.com\/pt-pt\/wp-json\/wp\/v2\/product"}],"about":[{"href":"https:\/\/olemosaic.com\/pt-pt\/wp-json\/wp\/v2\/types\/product"}],"wp:featuredmedia":[{"embeddable":true,"href":"https:\/\/olemosaic.com\/pt-pt\/wp-json\/wp\/v2\/media\/13908"}],"wp:attachment":[{"href":"https:\/\/olemosaic.com\/pt-pt\/wp-json\/wp\/v2\/media?parent=37253"}],"wp:term":[{"taxonomy":"product_brand","embeddable":true,"href":"https:\/\/olemosaic.com\/pt-pt\/wp-json\/wp\/v2\/product_brand?post=37253"},{"taxonomy":"product_cat","embeddable":true,"href":"https:\/\/olemosaic.com\/pt-pt\/wp-json\/wp\/v2\/product_cat?post=37253"},{"taxonomy":"product_tag","embeddable":true,"href":"https:\/\/olemosaic.com\/pt-pt\/wp-json\/wp\/v2\/product_tag?post=37253"}],"curies":[{"name":"wp","href":"https:\/\/api.w.org\/{rel}","templated":true}]}}