{"id":37251,"date":"2025-02-20T23:37:20","date_gmt":"2025-02-20T22:37:20","guid":{"rendered":"http:\/\/olemosaic.com\/producto\/4-bols-de-coco-de-13-x-6-cm-mano-2\/"},"modified":"2025-07-25T19:19:12","modified_gmt":"2025-07-25T17:19:12","slug":"4-tacas-de-coco-de-13-x-6-cm-mao-de-fatima","status":"publish","type":"product","link":"https:\/\/olemosaic.com\/pt-pt\/produto\/4-tacas-de-coco-de-13-x-6-cm-mao-de-fatima\/","title":{"rendered":"4 Ta\u00e7as de coco de 13 x 6 cm. Motivos florais. M\u00e3o de F\u00e1tima."},"content":{"rendered":"<p>Este conjunto de quatro ta\u00e7as de coco de 13 x 6 cm \u00e9 uma express\u00e3o vibrante da arte e da cultura mediterr\u00e2nica. Cada ta\u00e7a, elaborada de forma artesanal, apresenta um mosaico colorido que a torna \u00fanica. No centro de cada uma, destaca-se a m\u00e3o de F\u00e1tima, um s\u00edmbolo ancestral de prote\u00e7\u00e3o muito valorizado na cultura \u00e1rabe e mediterr\u00e2nica, que acrescenta um significado especial a cada pe\u00e7a. Os mosaicos, com os seus tons profundos de azul, amarelos quentes e terracota, criam um efeito visual atrativo e harmonioso. Os motivos florais que adornam cada ta\u00e7a conferem frescura e alegria, tornando-as um elemento decorativo perfeito para qualquer casa.<\/p>\n<p>Al\u00e9m do seu design atrativo, estas ta\u00e7as s\u00e3o ideais para servir aperitivos, tornando-se o centro das aten\u00e7\u00f5es de qualquer mesa. Cada pe\u00e7a reflete a rica tradi\u00e7\u00e3o artesanal da regi\u00e3o, destacando as t\u00e9cnicas de mosaico transmitidas de gera\u00e7\u00e3o em gera\u00e7\u00e3o. Na Ol\u00e9 Mosaic, como grossista de recorda\u00e7\u00f5es, oferecemos estas ta\u00e7as como uma excelente op\u00e7\u00e3o para lojas de presentes tur\u00edsticos, proporcionando uma recorda\u00e7\u00e3o aut\u00eantica que captura a ess\u00eancia da cultura mediterr\u00e2nica. Estas recorda\u00e7\u00f5es, que n\u00e3o s\u00f3 embelezam os espa\u00e7os, como tamb\u00e9m narram uma hist\u00f3ria de tradi\u00e7\u00e3o e arte, s\u00e3o perfeitas para os turistas que desejam levar um peda\u00e7o de autenticidade para casa.<\/p>\n","protected":false},"excerpt":{"rendered":"<p>Ta\u00e7as de coco de 13 x 6 cm, elaboradas \u00e0 m\u00e3o com mosaicos coloridos. Cada ta\u00e7a apresenta um design \u00fanico com uma m\u00e3o de F\u00e1tima no centro, que simboliza a prote\u00e7\u00e3o. As cores vibrantes e os motivos florais criam um efeito visual atrativo, com tons que variam entre azuis, amarelos e terracota. Perfeitas para servir aperitivos ou como elemento decorativo, estas ta\u00e7as refletem a arte e a tradi\u00e7\u00e3o da cultura mediterr\u00e2nica.<\/p>\n","protected":false},"featured_media":13906,"template":"","meta":{"_acf_changed":false},"product_brand":[],"product_cat":[513],"product_tag":[],"class_list":{"0":"post-37251","1":"product","2":"type-product","3":"status-publish","4":"has-post-thumbnail","6":"product_cat-bols","7":"pa_motivo-maos","9":"first","10":"instock","11":"shipping-taxable","12":"product-type-simple"},"acf":[],"_links":{"self":[{"href":"https:\/\/olemosaic.com\/pt-pt\/wp-json\/wp\/v2\/product\/37251","targetHints":{"allow":["GET"]}}],"collection":[{"href":"https:\/\/olemosaic.com\/pt-pt\/wp-json\/wp\/v2\/product"}],"about":[{"href":"https:\/\/olemosaic.com\/pt-pt\/wp-json\/wp\/v2\/types\/product"}],"wp:featuredmedia":[{"embeddable":true,"href":"https:\/\/olemosaic.com\/pt-pt\/wp-json\/wp\/v2\/media\/13906"}],"wp:attachment":[{"href":"https:\/\/olemosaic.com\/pt-pt\/wp-json\/wp\/v2\/media?parent=37251"}],"wp:term":[{"taxonomy":"product_brand","embeddable":true,"href":"https:\/\/olemosaic.com\/pt-pt\/wp-json\/wp\/v2\/product_brand?post=37251"},{"taxonomy":"product_cat","embeddable":true,"href":"https:\/\/olemosaic.com\/pt-pt\/wp-json\/wp\/v2\/product_cat?post=37251"},{"taxonomy":"product_tag","embeddable":true,"href":"https:\/\/olemosaic.com\/pt-pt\/wp-json\/wp\/v2\/product_tag?post=37251"}],"curies":[{"name":"wp","href":"https:\/\/api.w.org\/{rel}","templated":true}]}}