{"id":37250,"date":"2025-02-20T23:37:20","date_gmt":"2025-02-20T22:37:20","guid":{"rendered":"http:\/\/olemosaic.com\/producto\/4-bols-de-coco-de-13-x-6-cm-sardina-lisboa-10\/"},"modified":"2025-07-25T18:42:22","modified_gmt":"2025-07-25T16:42:22","slug":"4-tacas-de-coco-de-13-x-6-cm-sardinha-lisboa-10","status":"publish","type":"product","link":"https:\/\/olemosaic.com\/pt-pt\/produto\/4-tacas-de-coco-de-13-x-6-cm-sardinha-lisboa-10\/","title":{"rendered":"4 Ta\u00e7as de coco de 13 x 6 cm. Azul, vermelho, laranja e rosa. Sardinha. Lisboa."},"content":{"rendered":"<p>Este conjunto de quatro ta\u00e7as de coco de 13 x 6 cm \u00e9 uma representa\u00e7\u00e3o encantadora da vibrante cultura lisboeta, ideal para quem procura recorda\u00e7\u00f5es aut\u00eanticas e coloridas. Cada ta\u00e7a, com a sua forma org\u00e2nica e design moderno, apresenta um acabamento brilhante que reflete a luz, criando um efeito visual atrativo. Os tons vibrantes de azul, vermelho, laranja e rosa n\u00e3o s\u00f3 alegram qualquer espa\u00e7o, como tamb\u00e9m evocam a energia e o car\u00e1ter festivo da capital portuguesa.<\/p>\n<p>Inspiradas na emblem\u00e1tica sardinha, um elemento distintivo da gastronomia local, cada ta\u00e7a tem impresso o texto &#8220;LISBOA&#8221; de forma destacada, o que real\u00e7a a sua fun\u00e7\u00e3o como uma recorda\u00e7\u00e3o elegante. Este motivo n\u00e3o \u00e9 apenas decorativo, mas tamb\u00e9m simboliza uma parte essencial da identidade lisboeta, tornando estas ta\u00e7as um presente perfeito para os turistas que desejam levar um pedacinho da cultura portuguesa.<\/p>\n<p>Na Ol\u00e9 Mosaic, orgulhamo-nos de ser distribuidores de recorda\u00e7\u00f5es de qualidade, oferecendo produtos que refletem a autenticidade e o patrim\u00f3nio cultural. Estas ta\u00e7as de coco s\u00e3o uma excelente escolha para lojas de presentes tur\u00edsticos, pois combinam utilidade e apelo visual num \u00fanico pacote, representando a ess\u00eancia de Lisboa e a sua deliciosa gastronomia atrav\u00e9s de um design moderno e vibrante.<\/p>\n","protected":false},"excerpt":{"rendered":"<p>Ta\u00e7as de coco de 13 x 6 cm, desenhadas em cores vibrantes azul, vermelho, laranja e rosa, inspiradas na cultura lisboeta. Cada ta\u00e7a apresenta um motivo de sardinha, um elemento essencial da gastronomia local, e o texto &#8220;LISBOA&#8221; impresso de forma destacada. O seu acabamento brilhante e as suas formas org\u00e2nicas oferecem uma est\u00e9tica moderna, ideal para decorar ou servir, acrescentando um toque de alegria e cor a qualquer ambiente.<\/p>\n","protected":false},"featured_media":13905,"template":"","meta":{"_acf_changed":false},"product_brand":[],"product_cat":[513],"product_tag":[516],"class_list":{"0":"post-37250","1":"product","2":"type-product","3":"status-publish","4":"has-post-thumbnail","6":"product_cat-bols","7":"product_tag-animais","8":"pa_ciudad-lisboa","9":"pa_motivo-sardinhas","10":"pa_pais-portugal","12":"first","13":"instock","14":"shipping-taxable","15":"product-type-simple"},"acf":[],"_links":{"self":[{"href":"https:\/\/olemosaic.com\/pt-pt\/wp-json\/wp\/v2\/product\/37250","targetHints":{"allow":["GET"]}}],"collection":[{"href":"https:\/\/olemosaic.com\/pt-pt\/wp-json\/wp\/v2\/product"}],"about":[{"href":"https:\/\/olemosaic.com\/pt-pt\/wp-json\/wp\/v2\/types\/product"}],"wp:featuredmedia":[{"embeddable":true,"href":"https:\/\/olemosaic.com\/pt-pt\/wp-json\/wp\/v2\/media\/13905"}],"wp:attachment":[{"href":"https:\/\/olemosaic.com\/pt-pt\/wp-json\/wp\/v2\/media?parent=37250"}],"wp:term":[{"taxonomy":"product_brand","embeddable":true,"href":"https:\/\/olemosaic.com\/pt-pt\/wp-json\/wp\/v2\/product_brand?post=37250"},{"taxonomy":"product_cat","embeddable":true,"href":"https:\/\/olemosaic.com\/pt-pt\/wp-json\/wp\/v2\/product_cat?post=37250"},{"taxonomy":"product_tag","embeddable":true,"href":"https:\/\/olemosaic.com\/pt-pt\/wp-json\/wp\/v2\/product_tag?post=37250"}],"curies":[{"name":"wp","href":"https:\/\/api.w.org\/{rel}","templated":true}]}}