{"id":37247,"date":"2025-02-20T23:37:20","date_gmt":"2025-02-20T22:37:20","guid":{"rendered":"http:\/\/olemosaic.com\/producto\/4-bols-de-coco-de-13-x-6-cm-isla-salamandra-mallorca\/"},"modified":"2025-07-25T19:53:13","modified_gmt":"2025-07-25T17:53:13","slug":"4-tacas-de-coco-de-13-x-6-cm-ilha-salamandra-maiorca","status":"publish","type":"product","link":"https:\/\/olemosaic.com\/pt-pt\/produto\/4-tacas-de-coco-de-13-x-6-cm-ilha-salamandra-maiorca\/","title":{"rendered":"4 Ta\u00e7as de coco de 13 x 6 cm. Ilha + salamandra. Maiorca."},"content":{"rendered":"<p>Este conjunto de quatro ta\u00e7as de coco, cada uma de 13 x 6 cm, \u00e9 a recorda\u00e7\u00e3o ideal para evocar a ess\u00eancia vibrante da ilha de Maiorca. Cada ta\u00e7a est\u00e1 decorada com um alegre mosaico pintado \u00e0 m\u00e3o que apresenta fragmentos coloridos em tons de rosa, azul e amarelo, fundindo arte e funcionalidade. Os deslumbrantes motivos de salamandras acrescentam um toque ex\u00f3tico e distintivo, simbolizando a rica fauna da regi\u00e3o. No interior de cada ta\u00e7a, a palavra &#8220;MAIORCA&#8221; est\u00e1 elegantemente impressa, real\u00e7ando a sua origem e tornando-as uma recorda\u00e7\u00e3o aut\u00eantica do Mediterr\u00e2neo.<\/p>\n<p>Estas ta\u00e7as s\u00e3o perfeitas n\u00e3o s\u00f3 para servir aperitivos, mas tamb\u00e9m como elementos decorativos que acrescentam um ar festivo e acolhedor a qualquer ocasi\u00e3o. O seu design artesanal reflete a rica cultura e tradi\u00e7\u00e3o de Maiorca, o que as torna uma excelente recorda\u00e7\u00e3o para turistas que procuram levar um peda\u00e7o desta bela ilha para casa. Na Ol\u00e9 Mosaic, especializamo-nos na distribui\u00e7\u00e3o de recorda\u00e7\u00f5es aut\u00eanticas por grosso, e este conjunto de ta\u00e7as de coco \u00e9 uma op\u00e7\u00e3o excecional para lojas de presentes tur\u00edsticos que procuram oferecer produtos que capturem a ess\u00eancia local. Com estas ta\u00e7as de coco, os visitantes de Maiorca podem apreciar e partilhar um fragmento da sua experi\u00eancia na ilha.<\/p>\n","protected":false},"excerpt":{"rendered":"<p>Ta\u00e7as de coco de 13 x 6 cm, decoradas com um mosaico alegre que representa a ilha de Maiorca. Estas quatro ta\u00e7as destacam-se pelo seu design artesanal, pintado \u00e0 m\u00e3o, que mostra fragmentos coloridos em tons vibrantes de rosa, azul e amarelo, complementados com motivos de salamandras. Perfeitas para servir aperitivos ou como elemento decorativo, cada ta\u00e7a tem impressa a palavra &#8220;MAIORCA&#8221;, real\u00e7ando a sua origem e atrativo mediterr\u00e2neo.<\/p>\n","protected":false},"featured_media":13902,"template":"","meta":{"_acf_changed":false},"product_brand":[],"product_cat":[513],"product_tag":[516],"class_list":{"0":"post-37247","1":"product","2":"type-product","3":"status-publish","4":"has-post-thumbnail","6":"product_cat-bols","7":"product_tag-animais","8":"pa_ciudad-mallorca","9":"pa_motivo-ilhas","10":"pa_pais-espana","12":"first","13":"instock","14":"shipping-taxable","15":"product-type-simple"},"acf":[],"_links":{"self":[{"href":"https:\/\/olemosaic.com\/pt-pt\/wp-json\/wp\/v2\/product\/37247","targetHints":{"allow":["GET"]}}],"collection":[{"href":"https:\/\/olemosaic.com\/pt-pt\/wp-json\/wp\/v2\/product"}],"about":[{"href":"https:\/\/olemosaic.com\/pt-pt\/wp-json\/wp\/v2\/types\/product"}],"wp:featuredmedia":[{"embeddable":true,"href":"https:\/\/olemosaic.com\/pt-pt\/wp-json\/wp\/v2\/media\/13902"}],"wp:attachment":[{"href":"https:\/\/olemosaic.com\/pt-pt\/wp-json\/wp\/v2\/media?parent=37247"}],"wp:term":[{"taxonomy":"product_brand","embeddable":true,"href":"https:\/\/olemosaic.com\/pt-pt\/wp-json\/wp\/v2\/product_brand?post=37247"},{"taxonomy":"product_cat","embeddable":true,"href":"https:\/\/olemosaic.com\/pt-pt\/wp-json\/wp\/v2\/product_cat?post=37247"},{"taxonomy":"product_tag","embeddable":true,"href":"https:\/\/olemosaic.com\/pt-pt\/wp-json\/wp\/v2\/product_tag?post=37247"}],"curies":[{"name":"wp","href":"https:\/\/api.w.org\/{rel}","templated":true}]}}