{"id":37246,"date":"2025-02-20T23:37:20","date_gmt":"2025-02-20T22:37:20","guid":{"rendered":"http:\/\/olemosaic.com\/producto\/4-bols-de-coco-de-13-x-6-cm-tortuga-5\/"},"modified":"2025-07-25T20:19:55","modified_gmt":"2025-07-25T18:19:55","slug":"4-tacas-de-coco-de-13-x-6-cm-tartaruga-5","status":"publish","type":"product","link":"https:\/\/olemosaic.com\/pt-pt\/produto\/4-tacas-de-coco-de-13-x-6-cm-tartaruga-5\/","title":{"rendered":"4 Ta\u00e7as de coco de 13 x 6 cm. Azul, rosa, laranja e branco. Tartaruga."},"content":{"rendered":"<p>Desfrute das nossas encantadoras ta\u00e7as de coco decoradas com motivos de tartarugas, um conjunto de quatro ta\u00e7as que evocam a frescura do ambiente costeiro e o encanto da natureza marinha. Cada ta\u00e7a mede 13 x 6 cm e apresenta interiores chamativos em tons de azul, rosa, laranja e branco, cada um adornado com um design de tartaruga pintado \u00e0 m\u00e3o no centro. A t\u00e9cnica de mosaico utilizada para real\u00e7ar as cores vibrantes confere um toque art\u00edstico que torna estas ta\u00e7as ideais tanto para servir aperitivos como para decorar qualquer canto da sua casa. A tartaruga, s\u00edmbolo de sabedoria e longevidade em muitas culturas, acrescenta um valor cultural significativo a cada pe\u00e7a, ligando os utilizadores \u00e0s tradi\u00e7\u00f5es marinhas espanholas. Estas ta\u00e7as s\u00e3o uma excelente op\u00e7\u00e3o como souvenirs, perfeitas para quem deseja levar uma recorda\u00e7\u00e3o aut\u00eantica e representativa das suas viagens. Na Ol\u00e9 Mosaic, especializamo-nos na distribui\u00e7\u00e3o por grosso de souvenirs de alta qualidade, garantindo que cada artigo seja \u00fanico e culturalmente relevante, ideal para lojas de presentes tur\u00edsticos que procuram oferecer produtos com um toque distintivo.<\/p>\n","protected":false},"excerpt":{"rendered":"<p>Ta\u00e7as de coco de 13 x 6 cm, decoradas com motivos de tartarugas. Este conjunto de quatro ta\u00e7as apresenta interiores coloridos em tons de azul, rosa, laranja e branco, cada um com um design muito especial de tartaruga de design artesanal, pintado \u00e0 m\u00e3o, no centro. A t\u00e9cnica de mosaico que real\u00e7a os tons vibrantes confere-lhes um toque art\u00edstico, ideais para servir aperitivos ou como elemento decorativo, evocando o ambiente costeiro e o folclore marinho.<\/p>\n","protected":false},"featured_media":13901,"template":"","meta":{"_acf_changed":false},"product_brand":[],"product_cat":[513],"product_tag":[516],"class_list":{"0":"post-37246","1":"product","2":"type-product","3":"status-publish","4":"has-post-thumbnail","6":"product_cat-bols","7":"product_tag-animais","8":"pa_motivo-tartarugas","10":"first","11":"instock","12":"shipping-taxable","13":"product-type-simple"},"acf":[],"_links":{"self":[{"href":"https:\/\/olemosaic.com\/pt-pt\/wp-json\/wp\/v2\/product\/37246","targetHints":{"allow":["GET"]}}],"collection":[{"href":"https:\/\/olemosaic.com\/pt-pt\/wp-json\/wp\/v2\/product"}],"about":[{"href":"https:\/\/olemosaic.com\/pt-pt\/wp-json\/wp\/v2\/types\/product"}],"wp:featuredmedia":[{"embeddable":true,"href":"https:\/\/olemosaic.com\/pt-pt\/wp-json\/wp\/v2\/media\/13901"}],"wp:attachment":[{"href":"https:\/\/olemosaic.com\/pt-pt\/wp-json\/wp\/v2\/media?parent=37246"}],"wp:term":[{"taxonomy":"product_brand","embeddable":true,"href":"https:\/\/olemosaic.com\/pt-pt\/wp-json\/wp\/v2\/product_brand?post=37246"},{"taxonomy":"product_cat","embeddable":true,"href":"https:\/\/olemosaic.com\/pt-pt\/wp-json\/wp\/v2\/product_cat?post=37246"},{"taxonomy":"product_tag","embeddable":true,"href":"https:\/\/olemosaic.com\/pt-pt\/wp-json\/wp\/v2\/product_tag?post=37246"}],"curies":[{"name":"wp","href":"https:\/\/api.w.org\/{rel}","templated":true}]}}