{"id":37245,"date":"2025-02-20T23:37:19","date_gmt":"2025-02-20T22:37:19","guid":{"rendered":"http:\/\/olemosaic.com\/producto\/4-bols-de-coco-de-13-x-6-cm-tortuga-mallorca-4\/"},"modified":"2025-07-25T19:06:22","modified_gmt":"2025-07-25T17:06:22","slug":"4-tacas-de-coco-de-13-x-6-cm-tartaruga-maiorca-4","status":"publish","type":"product","link":"https:\/\/olemosaic.com\/pt-pt\/produto\/4-tacas-de-coco-de-13-x-6-cm-tartaruga-maiorca-4\/","title":{"rendered":"4 Ta\u00e7as de coco de 13 x 6 cm. Azul, rosa e dourado. Tartaruga. Maiorca."},"content":{"rendered":"<p>Estas encantadoras ta\u00e7as de coco de 13 x 6 cm, decoradas com motivos de tartarugas, s\u00e3o a recorda\u00e7\u00e3o ideal que captura a ess\u00eancia vibrante de Maiorca. Este conjunto de quatro ta\u00e7as apresenta uma paleta de cores alegres que inclui azuis, rosas e dourados, cada uma com um design \u00fanico que real\u00e7a o artesanato local e a beleza natural da ilha. As tartarugas, que simbolizam a fauna marinha de Maiorca, est\u00e3o cuidadosamente ilustradas no centro, criando um apelo visual que liga diretamente \u00e0s tradi\u00e7\u00f5es mar\u00edtimas da regi\u00e3o.<\/p>\n<p>Perfeitas tanto para servir aperitivos como para adicionar um toque decorativo a qualquer espa\u00e7o, estas ta\u00e7as combinam a rusticidade do material natural do coco com um estilo contempor\u00e2neo que agrada a todos. O seu acabamento brilhante real\u00e7a as cores vibrantes e faz com que cada pe\u00e7a seja um aut\u00eantico foco de aten\u00e7\u00e3o em qualquer reuni\u00e3o ou evento. A liga\u00e7\u00e3o cultural com Maiorca n\u00e3o se reflete apenas nos motivos marinhos, mas tamb\u00e9m na t\u00e9cnica tradicional utilizada para as elaborar, o que garante que cada ta\u00e7a seja verdadeiramente \u00fanica.<\/p>\n<p>Na Ol\u00e9 Mosaic, sabemos que estas recorda\u00e7\u00f5es de Maiorca s\u00e3o um excelente recurso para turistas que procuram lembran\u00e7as aut\u00eanticas, bem como para lojas de presentes tur\u00edsticos que desejam oferecer produtos de qualidade e relev\u00e2ncia cultural. Como distribuidores grossistas de ta\u00e7as, estamos comprometidos em oferecer recorda\u00e7\u00f5es que n\u00e3o s\u00f3 sejam bonitas, mas que tamb\u00e9m contem uma hist\u00f3ria.<\/p>\n","protected":false},"excerpt":{"rendered":"<p>Ta\u00e7as de coco de 13 x 6 cm, decoradas com motivos de tartarugas e cores vibrantes, ideais para dar um toque alegre a qualquer espa\u00e7o. Cada ta\u00e7a apresenta um design \u00fanico, com acabamentos em azul, rosa e tons dourados que evocam a ess\u00eancia de Maiorca. Perfeitas para servir aperitivos ou como elemento decorativo, estas ta\u00e7as combinam a rusticidade do material natural com um estilo moderno, garantindo um toque aut\u00eantico e atraente.<\/p>\n","protected":false},"featured_media":13900,"template":"","meta":{"_acf_changed":false},"product_brand":[],"product_cat":[513],"product_tag":[516],"class_list":{"0":"post-37245","1":"product","2":"type-product","3":"status-publish","4":"has-post-thumbnail","6":"product_cat-bols","7":"product_tag-animais","8":"pa_ciudad-mallorca","9":"pa_motivo-tartarugas","10":"pa_pais-espana","12":"first","13":"instock","14":"shipping-taxable","15":"product-type-simple"},"acf":[],"_links":{"self":[{"href":"https:\/\/olemosaic.com\/pt-pt\/wp-json\/wp\/v2\/product\/37245","targetHints":{"allow":["GET"]}}],"collection":[{"href":"https:\/\/olemosaic.com\/pt-pt\/wp-json\/wp\/v2\/product"}],"about":[{"href":"https:\/\/olemosaic.com\/pt-pt\/wp-json\/wp\/v2\/types\/product"}],"wp:featuredmedia":[{"embeddable":true,"href":"https:\/\/olemosaic.com\/pt-pt\/wp-json\/wp\/v2\/media\/13900"}],"wp:attachment":[{"href":"https:\/\/olemosaic.com\/pt-pt\/wp-json\/wp\/v2\/media?parent=37245"}],"wp:term":[{"taxonomy":"product_brand","embeddable":true,"href":"https:\/\/olemosaic.com\/pt-pt\/wp-json\/wp\/v2\/product_brand?post=37245"},{"taxonomy":"product_cat","embeddable":true,"href":"https:\/\/olemosaic.com\/pt-pt\/wp-json\/wp\/v2\/product_cat?post=37245"},{"taxonomy":"product_tag","embeddable":true,"href":"https:\/\/olemosaic.com\/pt-pt\/wp-json\/wp\/v2\/product_tag?post=37245"}],"curies":[{"name":"wp","href":"https:\/\/api.w.org\/{rel}","templated":true}]}}