{"id":37242,"date":"2025-02-20T23:37:19","date_gmt":"2025-02-20T22:37:19","guid":{"rendered":"http:\/\/olemosaic.com\/producto\/4-bols-de-coco-de-13-x-6-cm-tortuga-barcelona-5\/"},"modified":"2025-07-25T19:20:18","modified_gmt":"2025-07-25T17:20:18","slug":"4-tacas-de-coco-de-13-x-6-cm-tartaruga-barcelona-5","status":"publish","type":"product","link":"https:\/\/olemosaic.com\/pt-pt\/produto\/4-tacas-de-coco-de-13-x-6-cm-tartaruga-barcelona-5\/","title":{"rendered":"4 Ta\u00e7as de coco de 13 x 6 cm. Tartaruga. Estilo mediterr\u00e2nico. Barcelona."},"content":{"rendered":"<p>Apresentamos as nossas encantadoras ta\u00e7as de coco de 13 x 6 cm, uma representa\u00e7\u00e3o vibrante da ess\u00eancia de Barcelona. Este conjunto inclui quatro ta\u00e7as coloridas, cada uma decorada com uma imagem deslumbrante de uma tartaruga no centro, rodeada por padr\u00f5es intrincados que evocam o estilo mediterr\u00e2nico caracter\u00edstico da cidade. As cores vibrantes \u2014 azul, vermelho, rosa e laranja \u2014 foram selecionadas para conferir um toque alegre e contempor\u00e2neo a qualquer lar. Cada ta\u00e7a n\u00e3o \u00e9 apenas um objeto decorativo, mas tamb\u00e9m uma op\u00e7\u00e3o ideal para servir pequenas iguarias, tornando-as um excelente complemento para qualquer mesa.<\/p>\n<p>Os motivos art\u00edsticos que adornam estas ta\u00e7as n\u00e3o s\u00f3 refletem a rica cultura mar\u00edtima de Barcelona, como tamb\u00e9m simbolizam a sua liga\u00e7\u00e3o com a natureza, especialmente com as tartarugas, emblem\u00e1ticas das costas mediterr\u00e2nicas. O seu design \u00fanico e colorido torna-as o souvenir perfeito de Barcelona, oferecendo aos turistas uma pe\u00e7a aut\u00eantica e representativa da sua visita.<\/p>\n<p>Na Ol\u00e9 Mosaic, somos distribuidores de souvenirs de alta qualidade e estas ta\u00e7as de coco s\u00e3o uma op\u00e7\u00e3o fant\u00e1stica para lojas de presentes tur\u00edsticos que procuram oferecer produtos que celebrem a cultura espanhola. Como grossistas de artigos decorativos, garantimos autenticidade e atratividade em cada pe\u00e7a, assegurando que as recorda\u00e7\u00f5es de Barcelona sejam tanto funcionais como visualmente impactantes.<\/p>\n","protected":false},"excerpt":{"rendered":"<p>Ta\u00e7as de coco de 13 x 6 cm, decoradas com uma tartaruga e motivos representativos de Barcelona. Cada uma das quatro cores vibrantes (azul, vermelho, rosa e laranja) apresenta um design intrincado que destaca a tartaruga no centro, rodeada de padr\u00f5es art\u00edsticos que evocam o estilo mediterr\u00e2nico. Estas ta\u00e7as s\u00e3o ideais como elemento decorativo ou para servir pequenas iguarias, conferindo um toque de cor e cultura espanhola a qualquer lar.<\/p>\n","protected":false},"featured_media":13897,"template":"","meta":{"_acf_changed":false},"product_brand":[],"product_cat":[513],"product_tag":[516],"class_list":{"0":"post-37242","1":"product","2":"type-product","3":"status-publish","4":"has-post-thumbnail","6":"product_cat-bols","7":"product_tag-animais","8":"pa_ciudad-barcelona","9":"pa_motivo-tartarugas","10":"pa_pais-espana","12":"first","13":"instock","14":"shipping-taxable","15":"product-type-simple"},"acf":[],"_links":{"self":[{"href":"https:\/\/olemosaic.com\/pt-pt\/wp-json\/wp\/v2\/product\/37242","targetHints":{"allow":["GET"]}}],"collection":[{"href":"https:\/\/olemosaic.com\/pt-pt\/wp-json\/wp\/v2\/product"}],"about":[{"href":"https:\/\/olemosaic.com\/pt-pt\/wp-json\/wp\/v2\/types\/product"}],"wp:featuredmedia":[{"embeddable":true,"href":"https:\/\/olemosaic.com\/pt-pt\/wp-json\/wp\/v2\/media\/13897"}],"wp:attachment":[{"href":"https:\/\/olemosaic.com\/pt-pt\/wp-json\/wp\/v2\/media?parent=37242"}],"wp:term":[{"taxonomy":"product_brand","embeddable":true,"href":"https:\/\/olemosaic.com\/pt-pt\/wp-json\/wp\/v2\/product_brand?post=37242"},{"taxonomy":"product_cat","embeddable":true,"href":"https:\/\/olemosaic.com\/pt-pt\/wp-json\/wp\/v2\/product_cat?post=37242"},{"taxonomy":"product_tag","embeddable":true,"href":"https:\/\/olemosaic.com\/pt-pt\/wp-json\/wp\/v2\/product_tag?post=37242"}],"curies":[{"name":"wp","href":"https:\/\/api.w.org\/{rel}","templated":true}]}}