{"id":37234,"date":"2025-02-20T23:37:18","date_gmt":"2025-02-20T22:37:18","guid":{"rendered":"http:\/\/olemosaic.com\/producto\/4-bols-de-coco-de-13-x-6-cm-flores\/"},"modified":"2025-07-25T18:53:04","modified_gmt":"2025-07-25T16:53:04","slug":"4-tacas-de-coco-de-13-x-6-cm-flores","status":"publish","type":"product","link":"https:\/\/olemosaic.com\/pt-pt\/produto\/4-tacas-de-coco-de-13-x-6-cm-flores\/","title":{"rendered":"4 Ta\u00e7as de coco de 13 x 6 cm. Flores."},"content":{"rendered":"<p>Estas coloridas ta\u00e7as de coco s\u00e3o um aut\u00eantico s\u00edmbolo da arte popular e da tradi\u00e7\u00e3o artesanal, apresentando-se num conjunto de quatro pe\u00e7as de 13 x 6 cm que conferem um toque vibrante e natural a qualquer lar. Cada ta\u00e7a \u00e9 meticulosamente decorada \u00e0 m\u00e3o com designs florais numa gama de tons azuis, rosas e verdes, que contrastam maravilhosamente com a base clara. Esta combina\u00e7\u00e3o de cores cria uma sensa\u00e7\u00e3o de alegria e frescura, ideal para servir aperitivos ou como elementos decorativos \u00fanicos.<\/p>\n<p>A aten\u00e7\u00e3o ao detalhe na pintura de cada ta\u00e7a reflete a destreza dos artes\u00e3os que aperfei\u00e7oaram esta t\u00e9cnica ao longo de gera\u00e7\u00f5es, real\u00e7ando a import\u00e2ncia do artesanato local na cultura do lugar. Esta recorda\u00e7\u00e3o n\u00e3o s\u00f3 celebra a beleza da flora, como tamb\u00e9m simboliza a liga\u00e7\u00e3o com as ra\u00edzes culturais e a natureza, tornando-a um excelente souvenir para turistas que procuram produtos aut\u00eanticos que lhes recordem a sua passagem por esta regi\u00e3o.<\/p>\n<p>Na Ol\u00e9 Mosaic, especializamo-nos na distribui\u00e7\u00e3o de souvenirs de qualidade por grosso, como estas excecionais ta\u00e7as de coco, ideais para lojas de presentes tur\u00edsticos. O seu design alegre e o seu material natural fazem destas ta\u00e7as uma op\u00e7\u00e3o atraente e \u00fanica para quem procura levar um peda\u00e7o da cultura local para casa.<\/p>\n","protected":false},"excerpt":{"rendered":"<p>Ta\u00e7as de coco de 13 x 6 cm decoradas com vibrantes motivos florais, perfeitas para adicionar um toque de cor ao seu lar. Cada ta\u00e7a apresenta um design artesanal, pintado \u00e0 m\u00e3o, com uma variedade de flores em tons azuis, rosas e verdes, sobre uma base clara. Ideais para servir aperitivos ou como elemento decorativo, estas ta\u00e7as destacam-se pelo seu material natural e pelo seu artesanato \u00fanico, que reflete a beleza da arte popular.<\/p>\n","protected":false},"featured_media":13889,"template":"","meta":{"_acf_changed":false},"product_brand":[],"product_cat":[513],"product_tag":[],"class_list":{"0":"post-37234","1":"product","2":"type-product","3":"status-publish","4":"has-post-thumbnail","6":"product_cat-bols","7":"pa_motivo-flores","9":"first","10":"instock","11":"shipping-taxable","12":"product-type-simple"},"acf":[],"_links":{"self":[{"href":"https:\/\/olemosaic.com\/pt-pt\/wp-json\/wp\/v2\/product\/37234","targetHints":{"allow":["GET"]}}],"collection":[{"href":"https:\/\/olemosaic.com\/pt-pt\/wp-json\/wp\/v2\/product"}],"about":[{"href":"https:\/\/olemosaic.com\/pt-pt\/wp-json\/wp\/v2\/types\/product"}],"wp:featuredmedia":[{"embeddable":true,"href":"https:\/\/olemosaic.com\/pt-pt\/wp-json\/wp\/v2\/media\/13889"}],"wp:attachment":[{"href":"https:\/\/olemosaic.com\/pt-pt\/wp-json\/wp\/v2\/media?parent=37234"}],"wp:term":[{"taxonomy":"product_brand","embeddable":true,"href":"https:\/\/olemosaic.com\/pt-pt\/wp-json\/wp\/v2\/product_brand?post=37234"},{"taxonomy":"product_cat","embeddable":true,"href":"https:\/\/olemosaic.com\/pt-pt\/wp-json\/wp\/v2\/product_cat?post=37234"},{"taxonomy":"product_tag","embeddable":true,"href":"https:\/\/olemosaic.com\/pt-pt\/wp-json\/wp\/v2\/product_tag?post=37234"}],"curies":[{"name":"wp","href":"https:\/\/api.w.org\/{rel}","templated":true}]}}