{"id":37232,"date":"2025-02-20T22:37:16","date_gmt":"2025-02-20T22:37:16","guid":{"rendered":"http:\/\/olemosaic.com\/producto\/4-bols-de-coco-de-13-x-6-cm-ibiscus\/"},"modified":"2025-07-25T19:37:54","modified_gmt":"2025-07-25T17:37:54","slug":"4-tacas-de-coco-de-13-x-6-cm-hibisco","status":"publish","type":"product","link":"https:\/\/olemosaic.com\/pt-pt\/produto\/4-tacas-de-coco-de-13-x-6-cm-hibisco\/","title":{"rendered":"4 Ta\u00e7as de coco de 13 x 6 cm. Hibisco."},"content":{"rendered":"<p>Descubra as nossas encantadoras ta\u00e7as de coco decoradas com motivos de hibisco, um conjunto que inclui quatro pe\u00e7as \u00fanicas de 13 x 6 cm, ideais para servir aperitivos ou como elementos decorativos que conferem um toque ex\u00f3tico a qualquer mesa. Cada ta\u00e7a apresenta um design exclusivo, real\u00e7ando a ess\u00eancia tropical gra\u00e7as a mosaicos de cores vibrantes que captam o olhar. O hibisco, s\u00edmbolo de beleza e delicadeza, encontra-se no centro de cada ta\u00e7a, criando um ponto focal atraente que evoca o calor e a alegria das tradi\u00e7\u00f5es artesanais.<\/p>\n<p>Os tons quentes e frescos combinam-se harmoniosamente com o acabamento natural do coco, elevando a est\u00e9tica do produto e oferecendo uma experi\u00eancia visual que recorda as praias ensolaradas e as paisagens tropicais. Perfeitas para qualquer ocasi\u00e3o, estas ta\u00e7as s\u00e3o mais do que simples recipientes; s\u00e3o aut\u00eanticas recorda\u00e7\u00f5es culturais que refletem o rico patrim\u00f3nio das regi\u00f5es onde s\u00e3o elaboradas.<\/p>\n<p>Na Ol\u00e9 Mosaic, dedicamo-nos \u00e0 distribui\u00e7\u00e3o de souvenirs aut\u00eanticos por grosso, e estas ta\u00e7as de coco s\u00e3o uma excelente op\u00e7\u00e3o para lojas de presentes tur\u00edsticos que procuram artigos distintivos e de qualidade. Surpreenda os seus clientes com esta cole\u00e7\u00e3o que n\u00e3o s\u00f3 servir\u00e1 para desfrutar de aperitivos, mas que tamb\u00e9m ser\u00e1 um elemento de conversa atraente em qualquer reuni\u00e3o, representando o esp\u00edrito vibrante da arte decorativa local e real\u00e7ando a experi\u00eancia daqueles que procuram recorda\u00e7\u00f5es memor\u00e1veis.<\/p>\n","protected":false},"excerpt":{"rendered":"<p>Ta\u00e7as de coco de 13 x 6 cm decoradas com motivos de hibisco, ideais para servir aperitivos ou como elementos decorativos. Cada ta\u00e7a apresenta um design \u00fanico com mosaicos de cores vibrantes e un acabamento brilhante, que real\u00e7am a flor de hibisco no centro. Os tons quentes e frescos, combinados com o acabamento natural do coco, conferem um toque ex\u00f3tico e alegre que evoca as tradi\u00e7\u00f5es artesanais, perfeitos para qualquer mesa.<\/p>\n","protected":false},"featured_media":13887,"template":"","meta":{"_acf_changed":false},"product_brand":[],"product_cat":[513],"product_tag":[],"class_list":{"0":"post-37232","1":"product","2":"type-product","3":"status-publish","4":"has-post-thumbnail","6":"product_cat-bols","7":"pa_motivo-hibisco","9":"first","10":"instock","11":"shipping-taxable","12":"product-type-simple"},"acf":[],"_links":{"self":[{"href":"https:\/\/olemosaic.com\/pt-pt\/wp-json\/wp\/v2\/product\/37232","targetHints":{"allow":["GET"]}}],"collection":[{"href":"https:\/\/olemosaic.com\/pt-pt\/wp-json\/wp\/v2\/product"}],"about":[{"href":"https:\/\/olemosaic.com\/pt-pt\/wp-json\/wp\/v2\/types\/product"}],"wp:featuredmedia":[{"embeddable":true,"href":"https:\/\/olemosaic.com\/pt-pt\/wp-json\/wp\/v2\/media\/13887"}],"wp:attachment":[{"href":"https:\/\/olemosaic.com\/pt-pt\/wp-json\/wp\/v2\/media?parent=37232"}],"wp:term":[{"taxonomy":"product_brand","embeddable":true,"href":"https:\/\/olemosaic.com\/pt-pt\/wp-json\/wp\/v2\/product_brand?post=37232"},{"taxonomy":"product_cat","embeddable":true,"href":"https:\/\/olemosaic.com\/pt-pt\/wp-json\/wp\/v2\/product_cat?post=37232"},{"taxonomy":"product_tag","embeddable":true,"href":"https:\/\/olemosaic.com\/pt-pt\/wp-json\/wp\/v2\/product_tag?post=37232"}],"curies":[{"name":"wp","href":"https:\/\/api.w.org\/{rel}","templated":true}]}}