{"id":37231,"date":"2025-02-20T22:37:16","date_gmt":"2025-02-20T22:37:16","guid":{"rendered":"http:\/\/olemosaic.com\/producto\/4-bols-de-coco-de-13-x-6-cm-sagrada-familia-barcelona\/"},"modified":"2025-07-25T19:26:15","modified_gmt":"2025-07-25T17:26:15","slug":"4-tacas-de-coco-de-13-x-6-cm-sagrada-familia-barcelona","status":"publish","type":"product","link":"https:\/\/olemosaic.com\/pt-pt\/produto\/4-tacas-de-coco-de-13-x-6-cm-sagrada-familia-barcelona\/","title":{"rendered":"4 Ta\u00e7as de coco de 13 x 6 cm. Sagrada Fam\u00edlia. Barcelona."},"content":{"rendered":"<p>Descubra as nossas ta\u00e7as de coco decoradas com a emblem\u00e1tica Sagrada Fam\u00edlia de Barcelona. Estas vibrantes ta\u00e7as t\u00eaxteis, de 13 x 6 cm, s\u00e3o um presente perfeito para quem deseja levar um peda\u00e7o da cultura catal\u00e3 para casa. Cada ta\u00e7a \u00e9 uma explos\u00e3o de cor, dispon\u00edvel em azul, vermelho, amarelo e f\u00facsia, ideal para adicionar um toque moderno a qualquer espa\u00e7o. A representa\u00e7\u00e3o da Sagrada Fam\u00edlia, impressa com um acabamento brilhante, destaca-se num belo contraste com o fundo colorido que rodeia cada pe\u00e7a, captando a aten\u00e7\u00e3o e evocando a majestosidade do famoso monumento desenhado por Antoni Gaud\u00ed.<\/p>\n<p>Estas ta\u00e7as n\u00e3o s\u00e3o apenas pr\u00e1ticas para o uso di\u00e1rio, mas tamb\u00e9m funcionam como magn\u00edficas recorda\u00e7\u00f5es que celebram a rica heran\u00e7a cultural de Barcelona. Ao escolher estes souvenirs, n\u00e3o adquire apenas um objeto decorativo, mas leva consigo uma parte da hist\u00f3ria e da arte desta vibrante cidade. Na Ol\u00e9 Mosaic, somos distribuidores de recorda\u00e7\u00f5es t\u00edpicas, oferecendo souvenirs aut\u00eanticos de Barcelona que real\u00e7am a criatividade e a arte da regi\u00e3o. Estas ta\u00e7as de coco s\u00e3o uma excelente op\u00e7\u00e3o para lojas de presentes tur\u00edsticos que procuram produtos \u00fanicos e representativos que os turistas ir\u00e3o valorizar, tornando-os verdadeiros tesouros da sua viagem a Espanha.<\/p>\n","protected":false},"excerpt":{"rendered":"<p>Ta\u00e7as de coco de 13 x 6 cm decoradas com a emblem\u00e1tica Sagrada Fam\u00edlia de Barcelona. Cada ta\u00e7a apresenta uma cor vibrante diferente: azul, vermelho, amarelo e f\u00facsia, com detalhes de pontos brilhantes que acrescentam um toque moderno ao seu design. A imagem da Sagrada Fam\u00edlia est\u00e1 impressa com um acabamento brilhante, criando um contraste atraente com o fundo colorido. Perfeitas como recorda\u00e7\u00e3o ou para dar um toque \u00fanico ao seu lar.<\/p>\n","protected":false},"featured_media":13886,"template":"","meta":{"_acf_changed":false},"product_brand":[],"product_cat":[513],"product_tag":[],"class_list":{"0":"post-37231","1":"product","2":"type-product","3":"status-publish","4":"has-post-thumbnail","6":"product_cat-bols","7":"pa_ciudad-barcelona","8":"pa_motivo-sagrada-familia","9":"pa_pais-espana","11":"first","12":"instock","13":"shipping-taxable","14":"product-type-simple"},"acf":[],"_links":{"self":[{"href":"https:\/\/olemosaic.com\/pt-pt\/wp-json\/wp\/v2\/product\/37231","targetHints":{"allow":["GET"]}}],"collection":[{"href":"https:\/\/olemosaic.com\/pt-pt\/wp-json\/wp\/v2\/product"}],"about":[{"href":"https:\/\/olemosaic.com\/pt-pt\/wp-json\/wp\/v2\/types\/product"}],"wp:featuredmedia":[{"embeddable":true,"href":"https:\/\/olemosaic.com\/pt-pt\/wp-json\/wp\/v2\/media\/13886"}],"wp:attachment":[{"href":"https:\/\/olemosaic.com\/pt-pt\/wp-json\/wp\/v2\/media?parent=37231"}],"wp:term":[{"taxonomy":"product_brand","embeddable":true,"href":"https:\/\/olemosaic.com\/pt-pt\/wp-json\/wp\/v2\/product_brand?post=37231"},{"taxonomy":"product_cat","embeddable":true,"href":"https:\/\/olemosaic.com\/pt-pt\/wp-json\/wp\/v2\/product_cat?post=37231"},{"taxonomy":"product_tag","embeddable":true,"href":"https:\/\/olemosaic.com\/pt-pt\/wp-json\/wp\/v2\/product_tag?post=37231"}],"curies":[{"name":"wp","href":"https:\/\/api.w.org\/{rel}","templated":true}]}}