{"id":37230,"date":"2025-02-20T23:37:16","date_gmt":"2025-02-20T22:37:16","guid":{"rendered":"http:\/\/olemosaic.com\/producto\/4-bols-de-coco-de-13-x-6-cm-flor-5\/"},"modified":"2025-07-25T18:53:10","modified_gmt":"2025-07-25T16:53:10","slug":"4-tacas-de-coco-de-13-x-6-cm-flor-5","status":"publish","type":"product","link":"https:\/\/olemosaic.com\/pt-pt\/produto\/4-tacas-de-coco-de-13-x-6-cm-flor-5\/","title":{"rendered":"4 Ta\u00e7as de coco de 13 x 6 cm. Motivo Floral."},"content":{"rendered":"<p>Estas encantadoras ta\u00e7as de coco s\u00e3o uma representa\u00e7\u00e3o aut\u00eantica e vibrante do artesanato espanhol, ideais para quem procura souvenirs \u00fanicos e decorativos. Cada ta\u00e7a, com dimens\u00f5es de 13 x 6 cm, \u00e9 meticulosamente elaborada a partir de coco natural, o que n\u00e3o s\u00f3 real\u00e7a a sua qualidade, mas tamb\u00e9m confere um toque org\u00e2nico a qualquer espa\u00e7o. O design pintado \u00e0 m\u00e3o apresenta uma paleta de cores vivas, incluindo tons de azul, rosa e amarelo, que se entrela\u00e7am em formas florais harm\u00f3nicas. No centro de cada ta\u00e7a, destaca-se uma delicada flor em tons dourados, que confere um ar de sofistica\u00e7\u00e3o e eleg\u00e2ncia.<\/p>\n<p>Estas pr\u00e1ticas ta\u00e7as s\u00e3o vers\u00e1teis, ideais tanto como elementos decorativos em prateleiras, como para servir aperitivos em reuni\u00f5es familiares ou festas. O seu estilo art\u00edstico n\u00e3o s\u00f3 embeleza qualquer ambiente, mas tamb\u00e9m narra a rica tradi\u00e7\u00e3o cultural das regi\u00f5es de Espanha, onde o artesanato \u00e9 celebrado profundamente. Na Ol\u00e9 Mosaic, somos distribuidores de souvenirs aut\u00eanticos que refletem o esp\u00edrito da cultura espanhola. Estas ta\u00e7as de coco s\u00e3o uma excelente op\u00e7\u00e3o para lojas de presentes tur\u00edsticos que procuram oferecer produtos de alta qualidade e significado cultural. Ao escolher estas ta\u00e7as, os turistas n\u00e3o levam apenas uma recorda\u00e7\u00e3o, mas tamb\u00e9m uma pe\u00e7a de arte que d\u00e1 vida aos seus espa\u00e7os.<\/p>\n","protected":false},"excerpt":{"rendered":"<p>Ta\u00e7as de coco de 13 x 6 cm decoradas com flores delicadas, perfeitas para embelezar qualquer espa\u00e7o. Cada ta\u00e7a, feita de coco, apresenta um design artesanal, pintado \u00e0 m\u00e3o, com tons vibrantes como azul, rosa e amarelo, complementados com detalhes dourados que real\u00e7am as flores centrais. S\u00e3o ideais tanto para decorar como para servir aperitivos, conferindo um toque artesanal e colorido \u00e0s suas reuni\u00f5es ou \u00e0 sua decora\u00e7\u00e3o.<\/p>\n","protected":false},"featured_media":13885,"template":"","meta":{"_acf_changed":false},"product_brand":[],"product_cat":[513],"product_tag":[],"class_list":{"0":"post-37230","1":"product","2":"type-product","3":"status-publish","4":"has-post-thumbnail","6":"product_cat-bols","7":"pa_motivo-flores","9":"first","10":"instock","11":"shipping-taxable","12":"product-type-simple"},"acf":[],"_links":{"self":[{"href":"https:\/\/olemosaic.com\/pt-pt\/wp-json\/wp\/v2\/product\/37230","targetHints":{"allow":["GET"]}}],"collection":[{"href":"https:\/\/olemosaic.com\/pt-pt\/wp-json\/wp\/v2\/product"}],"about":[{"href":"https:\/\/olemosaic.com\/pt-pt\/wp-json\/wp\/v2\/types\/product"}],"wp:featuredmedia":[{"embeddable":true,"href":"https:\/\/olemosaic.com\/pt-pt\/wp-json\/wp\/v2\/media\/13885"}],"wp:attachment":[{"href":"https:\/\/olemosaic.com\/pt-pt\/wp-json\/wp\/v2\/media?parent=37230"}],"wp:term":[{"taxonomy":"product_brand","embeddable":true,"href":"https:\/\/olemosaic.com\/pt-pt\/wp-json\/wp\/v2\/product_brand?post=37230"},{"taxonomy":"product_cat","embeddable":true,"href":"https:\/\/olemosaic.com\/pt-pt\/wp-json\/wp\/v2\/product_cat?post=37230"},{"taxonomy":"product_tag","embeddable":true,"href":"https:\/\/olemosaic.com\/pt-pt\/wp-json\/wp\/v2\/product_tag?post=37230"}],"curies":[{"name":"wp","href":"https:\/\/api.w.org\/{rel}","templated":true}]}}