{"id":37229,"date":"2025-02-20T23:37:15","date_gmt":"2025-02-20T22:37:15","guid":{"rendered":"http:\/\/olemosaic.com\/producto\/4-bols-de-coco-de-13-x-6-cm-salamandra-barcelona-4\/"},"modified":"2025-07-25T18:56:51","modified_gmt":"2025-07-25T16:56:51","slug":"4-tacas-de-coco-de-13-x-6-cm-salamandra-barcelona-4","status":"publish","type":"product","link":"https:\/\/olemosaic.com\/pt-pt\/produto\/4-tacas-de-coco-de-13-x-6-cm-salamandra-barcelona-4\/","title":{"rendered":"4 Ta\u00e7as de coco de 13 x 6 cm. Salamandra. Azul, rosa, amarelo e vermelho. Barcelona."},"content":{"rendered":"<p>Este conjunto de 4 ta\u00e7as de coco decoradas com motivos coloridos de salamandras capta a ess\u00eancia vibrante de Barcelona. Cada ta\u00e7a, de 13 x 6 cm, apresenta um design \u00fanico que funde o artesanato tradicional com um estilo moderno, perfeito para qualquer casa ou evento. Os tons brilhantes de azul, rosa, amarelo e vermelho entrela\u00e7am-se nas suas superf\u00edcies, criando um acabamento resplandecente que real\u00e7a a textura natural do coco. No centro de cada ta\u00e7a, a inscri\u00e7\u00e3o \u201cBarcelona\u201d acrescenta um toque distintivo e aut\u00eantico a estas pe\u00e7as decorativas.<\/p>\n<p>As salamandras, s\u00edmbolos da cultura mediterr\u00e2nica, conferem um ar alegre e local, representando a diversidade da fauna e a rica tradi\u00e7\u00e3o da cidade condal. Estas ta\u00e7as tornam-se, assim, n\u00e3o apenas um utens\u00edlio funcional para servir aperitivos, mas um aut\u00eantico souvenir de Barcelona que irradia calor e cor. Ideal para quem procura uma recorda\u00e7\u00e3o significativa, este conjunto \u00e9 uma excelente op\u00e7\u00e3o para lojas de presentes tur\u00edsticos, pois oferece aos visitantes da cidade uma pe\u00e7a \u00fanica que evoca as paisagens e a cultura catal\u00e3. Na Ol\u00e9 Mosaic, como distribuidores de souvenirs t\u00edpicos, garantimos a qualidade e singularidade de cada produto, assegurando que cada ta\u00e7a seja uma joia que ecoar\u00e1 nos cora\u00e7\u00f5es de quem as adquirir.<\/p>\n","protected":false},"excerpt":{"rendered":"<p>Ta\u00e7as de coco de 13 x 6 cm decoradas com motivos coloridos de salamandras, que evocam a ess\u00eancia de Barcelona. Cada ta\u00e7a, com um design \u00fanico em tons de azul, rosa, amarelo e vermelho, apresenta um acabamento brilhante que real\u00e7a a sua textura natural. Com a inscri\u00e7\u00e3o &#8220;Barcelona&#8221; no centro, s\u00e3o ideais como pe\u00e7as decorativas ou para servir aperitivos. Estas originais ta\u00e7as unem artesanato tradicional e modernidade, perfeitas para adicionar um toque catal\u00e3o ao seu lar.<\/p>\n","protected":false},"featured_media":13884,"template":"","meta":{"_acf_changed":false},"product_brand":[],"product_cat":[513],"product_tag":[516],"class_list":{"0":"post-37229","1":"product","2":"type-product","3":"status-publish","4":"has-post-thumbnail","6":"product_cat-bols","7":"product_tag-animais","8":"pa_ciudad-barcelona","9":"pa_motivo-salamandras","10":"pa_pais-espana","12":"first","13":"instock","14":"shipping-taxable","15":"product-type-simple"},"acf":[],"_links":{"self":[{"href":"https:\/\/olemosaic.com\/pt-pt\/wp-json\/wp\/v2\/product\/37229","targetHints":{"allow":["GET"]}}],"collection":[{"href":"https:\/\/olemosaic.com\/pt-pt\/wp-json\/wp\/v2\/product"}],"about":[{"href":"https:\/\/olemosaic.com\/pt-pt\/wp-json\/wp\/v2\/types\/product"}],"wp:featuredmedia":[{"embeddable":true,"href":"https:\/\/olemosaic.com\/pt-pt\/wp-json\/wp\/v2\/media\/13884"}],"wp:attachment":[{"href":"https:\/\/olemosaic.com\/pt-pt\/wp-json\/wp\/v2\/media?parent=37229"}],"wp:term":[{"taxonomy":"product_brand","embeddable":true,"href":"https:\/\/olemosaic.com\/pt-pt\/wp-json\/wp\/v2\/product_brand?post=37229"},{"taxonomy":"product_cat","embeddable":true,"href":"https:\/\/olemosaic.com\/pt-pt\/wp-json\/wp\/v2\/product_cat?post=37229"},{"taxonomy":"product_tag","embeddable":true,"href":"https:\/\/olemosaic.com\/pt-pt\/wp-json\/wp\/v2\/product_tag?post=37229"}],"curies":[{"name":"wp","href":"https:\/\/api.w.org\/{rel}","templated":true}]}}